{"id":72542,"date":"2023-03-20T13:47:07","date_gmt":"2023-03-20T12:47:07","guid":{"rendered":"https:\/\/watchdeluxe.it\/prodotto\/montblanc-1858-cronografo-automatico-ref-126912\/"},"modified":"2026-04-04T10:43:40","modified_gmt":"2026-04-04T08:43:40","slug":"montblanc-1858-automatic-chronograp-ref-126912","status":"publish","type":"product","link":"https:\/\/watchdeluxe.it\/es\/prodotto\/montblanc-1858-automatic-chronograp-ref-126912\/","title":{"rendered":"Montblanc 1858 Cron\u00f3grafo Autom\u00e1tico ref.126912"},"content":{"rendered":"<div class=\"column movement\" data-mce-fragment=\"1\">\n<h3 data-mce-fragment=\"1\">Movimiento<\/h3>\n<p class=\"movement_calibre\" data-mce-fragment=\"1\"><strong class=\"key\" data-mce-fragment=\"1\">CalibreMovimiento autom\u00e1tico24<\/strong>horas<\/p>\n<p class=\"power\" data-mce-fragment=\"1\"><strong class=\"key\" data-mce-fragment=\"1\">Alimentaci\u00f3n48<\/strong><span class=\"unit\" data-mce-fragment=\"1\"> h<\/span><\/p>\n<p class=\"part_of_the_frequency first\" data-mce-fragment=\"1\"><strong class=\"key\" data-mce-fragment=\"1\">Frecuencia28800<\/strong><span class=\"unit\" data-mce-fragment=\"1\">,0\/h<\/span><\/p>\n<p class=\"frequence\" data-mce-fragment=\"1\">4<span class=\"unit\" data-mce-fragment=\"1\"> Hz<\/span><\/p>\n<p class=\"rubis_number\" data-mce-fragment=\"1\">27,0<span class=\"unit\" data-mce-fragment=\"1\"> Joyas<\/span><\/p>\n<p class=\"movement_pieces\" data-mce-fragment=\"1\"><strong class=\"key\" data-mce-fragment=\"1\">N\u00famero de componentesMovimiento autom\u00e1ticoHoras<\/strong>&#8211; Minutos<\/p>\n<\/div>\n<div class=\"column complications\" data-mce-fragment=\"1\">\n<h3 data-mce-fragment=\"1\">Complicaciones<\/h3>\n<p class=\"indications\" data-mce-fragment=\"1\"><strong class=\"key\" data-mce-fragment=\"1\">\u00cdndicesHoras<\/strong>, minutos<\/p>\n<p class=\"complications\" data-mce-fragment=\"1\"><strong class=\"key\" data-mce-fragment=\"1\">ComplicacionesCron\u00f3grafo<\/strong>con segundero central y contador de 30 minutos<\/p>\n<\/div>\n<div class=\"column case\" data-mce-fragment=\"1\">\n<h3 data-mce-fragment=\"1\">Caso<\/h3>\n<p class=\"case_material\" data-mce-fragment=\"1\"><strong class=\"key\" data-mce-fragment=\"1\">Material de la cajaPlata de ley<\/strong>925<\/p>\n<p class=\"bezel_type\" data-mce-fragment=\"1\"><strong class=\"key\" data-mce-fragment=\"1\">Bisel<\/strong>Bisel giratorio bidireccional<\/p>\n<p class=\"crystal_shape\" data-mce-fragment=\"1\"><strong class=\"key\" data-mce-fragment=\"1\">Cristal shapeBombed<\/strong><\/p>\n<p class=\"crystal_description\" data-mce-fragment=\"1\"><strong class=\"key\" data-mce-fragment=\"1\">Descripci\u00f3n del cristal<\/strong>Cristal de zafiro abombado con tratamiento antirreflejos<\/p>\n<p class=\"crystal_type\" data-mce-fragment=\"1\"><strong class=\"key\" data-mce-fragment=\"1\">Tipo de cristalZaffiro<\/strong><\/p>\n<p class=\"crown\" data-mce-fragment=\"1\"><strong class=\"key\" data-mce-fragment=\"1\">CoronaCorona no roscada<\/strong>, 1 junta t\u00f3rica, acero inoxidable<\/p>\n<p class=\"distance_between_horns\" data-mce-fragment=\"1\"><strong class=\"key\" data-mce-fragment=\"1\">Ancho del bucle22<\/strong><span class=\"unit\" data-mce-fragment=\"1\"> mm<\/span><\/p>\n<p class=\"water_resistant\" data-mce-fragment=\"1\"><strong class=\"key\" data-mce-fragment=\"1\">Resistencia al agua10<\/strong>bar (100 m)<span class=\"unit\" data-mce-fragment=\"1\"> bar<\/span><\/p>\n<p class=\"case_back_material\" data-mce-fragment=\"1\"><strong class=\"key\" data-mce-fragment=\"1\">Material del fondo de la cajaCaja<\/strong>de acero inoxidable<\/p>\n<p class=\"case_diameter\" data-mce-fragment=\"1\"><strong class=\"key\" data-mce-fragment=\"1\">Di\u00e1metro de la caja42<\/strong><span class=\"unit\" data-mce-fragment=\"1\"> mm<\/span><\/p>\n<p class=\"bezel_material\" data-mce-fragment=\"1\"><strong class=\"key\" data-mce-fragment=\"1\">Material del biselAcero<\/strong>&#8211; Cer\u00e1mica<\/p>\n<\/div>\n","protected":false},"excerpt":{"rendered":"<p>Movimiento CalibreMovimiento autom\u00e1tico24horas Alimentaci\u00f3n48 h Frecuencia28800,0\/h 4 Hz 27,0 Joyas N\u00famero de componentesMovimiento autom\u00e1ticoHoras&#8211; Minutos Complicaciones \u00cdndicesHoras, minutos ComplicacionesCron\u00f3grafocon segundero central y contador de 30 minutos Caso Material de la cajaPlata de ley925 BiselBisel giratorio bidireccional Cristal shapeBombed Descripci\u00f3n del cristalCristal de zafiro abombado con tratamiento antirreflejos Tipo de cristalZaffiro CoronaCorona no roscada, 1 junta [&hellip;]<\/p>\n","protected":false},"featured_media":165584,"template":"","meta":{"_crdt_document":"","advanced_seo_description":"","jetpack_seo_html_title":"","jetpack_seo_noindex":false},"product_brand":[],"product_cat":[2247],"product_tag":[2419],"berocket_brand":[],"woo-feed-brand":[],"class_list":{"0":"post-72542","1":"product","2":"type-product","3":"status-publish","4":"has-post-thumbnail","6":"product_cat-montblanc-es","7":"product_tag-1858-es","9":"first","10":"instock","11":"sale","12":"taxable","13":"shipping-taxable","14":"purchasable","15":"product-type-simple"},"bundled_by":[],"bundle_stock_status":"instock","bundle_stock_quantity":1,"bundle_virtual":false,"bundle_layout":"","bundle_add_to_cart_form_location":"","bundle_editable_in_cart":false,"bundle_sold_individually_context":"","bundle_item_grouping":"","bundle_min_size":"","bundle_max_size":"","bundle_price":[],"bundled_items":[],"bundle_sell_ids":[],"group_of_quantity":0,"min_quantity":0,"max_quantity":"","exclude_order_quantity_value_rules":"no","exclude_category_quantity_rules":"no","combine_variations":"no","jetpack_sharing_enabled":true,"jetpack_likes_enabled":true,"_links":{"self":[{"href":"https:\/\/watchdeluxe.it\/es\/wp-json\/wp\/v2\/product\/72542","targetHints":{"allow":["GET"]}}],"collection":[{"href":"https:\/\/watchdeluxe.it\/es\/wp-json\/wp\/v2\/product"}],"about":[{"href":"https:\/\/watchdeluxe.it\/es\/wp-json\/wp\/v2\/types\/product"}],"wp:featuredmedia":[{"embeddable":true,"href":"https:\/\/watchdeluxe.it\/es\/wp-json\/wp\/v2\/media\/165584"}],"wp:attachment":[{"href":"https:\/\/watchdeluxe.it\/es\/wp-json\/wp\/v2\/media?parent=72542"}],"wp:term":[{"taxonomy":"product_brand","embeddable":true,"href":"https:\/\/watchdeluxe.it\/es\/wp-json\/wp\/v2\/product_brand?post=72542"},{"taxonomy":"product_cat","embeddable":true,"href":"https:\/\/watchdeluxe.it\/es\/wp-json\/wp\/v2\/product_cat?post=72542"},{"taxonomy":"product_tag","embeddable":true,"href":"https:\/\/watchdeluxe.it\/es\/wp-json\/wp\/v2\/product_tag?post=72542"},{"taxonomy":"berocket_brand","embeddable":true,"href":"https:\/\/watchdeluxe.it\/es\/wp-json\/wp\/v2\/berocket_brand?post=72542"},{"taxonomy":"woo-feed-brand","embeddable":true,"href":"https:\/\/watchdeluxe.it\/es\/wp-json\/wp\/v2\/woo-feed-brand?post=72542"}],"curies":[{"name":"wp","href":"https:\/\/api.w.org\/{rel}","templated":true}]}}