{"id":72524,"date":"2025-11-05T10:15:24","date_gmt":"2025-11-05T09:15:24","guid":{"rendered":"https:\/\/watchdeluxe.it\/prodotto\/montblanc-billetera-8-compartimentos-montblanc-m_gram-481-ref-127439\/"},"modified":"2025-11-05T10:15:27","modified_gmt":"2025-11-05T09:15:27","slug":"montblanc-portafoglio-8-scomparti-montblanc-m_gram-481-ref-127439","status":"publish","type":"product","link":"https:\/\/watchdeluxe.it\/es\/prodotto\/montblanc-portafoglio-8-scomparti-montblanc-m_gram-481-ref-127439\/","title":{"rendered":"Montblanc Billetera 8 compartimentos Montblanc M_Gram 481 ref. 127439"},"content":{"rendered":"<div class=\"column material\" data-mce-fragment=\"1\">\n<h3 data-mce-fragment=\"1\">Material<\/h3>\n<p class=\"materials\" data-mce-fragment=\"1\"><strong class=\"key\" data-mce-fragment=\"1\">MaterialPVC<\/strong>&#8211; Cloruro de polivinilo<\/p>\n<p class=\"leather\" data-mce-fragment=\"1\"><strong class=\"key\" data-mce-fragment=\"1\">PielCombinaci\u00f3n de<\/strong>lona revestida y cuero vacuno liso de plena flor, curtido al cromo, te\u00f1ido en masa<\/p>\n<p class=\"brand_colour\" data-mce-fragment=\"1\"><strong class=\"key\" data-mce-fragment=\"1\">ColorAzul<\/strong><\/p>\n<p class=\"lining\" data-mce-fragment=\"1\"><strong class=\"key\" data-mce-fragment=\"1\">ForroForro de poliamida<\/strong>y algod\u00f3n<\/p>\n<\/div>\n<div class=\"column dimensions\" data-mce-fragment=\"1\">\n<h3 data-mce-fragment=\"1\">Dimensiones<\/h3>\n<p class=\"emblem\" data-mce-fragment=\"1\"><strong class=\"key\" data-mce-fragment=\"1\">Acabado \/ EmblemaLos<\/strong>emblemas son centrados manualmente, uno a uno, por nuestros artesanos. El emblema est\u00e1 colocado en el centro, pero si se presiona manualmente con la m\u00e1quina adecuada podr\u00eda moverse o girar. Se trata de una caracter\u00edstica que no compromete la est\u00e9tica del producto, por lo que, seg\u00fan nuestra pol\u00edtica, no puede aceptarse como reclamaci\u00f3n.<\/p>\n<\/div>\n","protected":false},"excerpt":{"rendered":"<p>Material MaterialPVC&#8211; Cloruro de polivinilo PielCombinaci\u00f3n delona revestida y cuero vacuno liso de plena flor, curtido al cromo, te\u00f1ido en masa ColorAzul ForroForro de poliamiday algod\u00f3n Dimensiones Acabado \/ EmblemaLosemblemas son centrados manualmente, uno a uno, por nuestros artesanos. El emblema est\u00e1 colocado en el centro, pero si se presiona manualmente con la m\u00e1quina adecuada [&hellip;]<\/p>\n","protected":false},"featured_media":66038,"template":"","meta":{"_crdt_document":"","advanced_seo_description":"","jetpack_seo_html_title":"","jetpack_seo_noindex":false},"product_brand":[],"product_cat":[2247],"product_tag":[1418],"berocket_brand":[],"woo-feed-brand":[],"class_list":{"0":"post-72524","1":"product","2":"type-product","3":"status-publish","4":"has-post-thumbnail","6":"product_cat-montblanc-es","7":"product_tag-portafogli","9":"first","10":"instock","11":"sale","12":"taxable","13":"shipping-taxable","14":"purchasable","15":"product-type-simple"},"bundled_by":[],"bundle_stock_status":"instock","bundle_stock_quantity":1,"bundle_virtual":false,"bundle_layout":"","bundle_add_to_cart_form_location":"","bundle_editable_in_cart":false,"bundle_sold_individually_context":"","bundle_item_grouping":"","bundle_min_size":"","bundle_max_size":"","bundle_price":[],"bundled_items":[],"bundle_sell_ids":[],"group_of_quantity":0,"min_quantity":0,"max_quantity":"","exclude_order_quantity_value_rules":"no","exclude_category_quantity_rules":"no","combine_variations":"no","jetpack_sharing_enabled":true,"jetpack_likes_enabled":true,"_links":{"self":[{"href":"https:\/\/watchdeluxe.it\/es\/wp-json\/wp\/v2\/product\/72524","targetHints":{"allow":["GET"]}}],"collection":[{"href":"https:\/\/watchdeluxe.it\/es\/wp-json\/wp\/v2\/product"}],"about":[{"href":"https:\/\/watchdeluxe.it\/es\/wp-json\/wp\/v2\/types\/product"}],"wp:featuredmedia":[{"embeddable":true,"href":"https:\/\/watchdeluxe.it\/es\/wp-json\/wp\/v2\/media\/66038"}],"wp:attachment":[{"href":"https:\/\/watchdeluxe.it\/es\/wp-json\/wp\/v2\/media?parent=72524"}],"wp:term":[{"taxonomy":"product_brand","embeddable":true,"href":"https:\/\/watchdeluxe.it\/es\/wp-json\/wp\/v2\/product_brand?post=72524"},{"taxonomy":"product_cat","embeddable":true,"href":"https:\/\/watchdeluxe.it\/es\/wp-json\/wp\/v2\/product_cat?post=72524"},{"taxonomy":"product_tag","embeddable":true,"href":"https:\/\/watchdeluxe.it\/es\/wp-json\/wp\/v2\/product_tag?post=72524"},{"taxonomy":"berocket_brand","embeddable":true,"href":"https:\/\/watchdeluxe.it\/es\/wp-json\/wp\/v2\/berocket_brand?post=72524"},{"taxonomy":"woo-feed-brand","embeddable":true,"href":"https:\/\/watchdeluxe.it\/es\/wp-json\/wp\/v2\/woo-feed-brand?post=72524"}],"curies":[{"name":"wp","href":"https:\/\/api.w.org\/{rel}","templated":true}]}}