{"id":72406,"date":"2023-03-22T10:36:56","date_gmt":"2023-03-22T09:36:56","guid":{"rendered":"https:\/\/watchdeluxe.it\/prodotto\/baume-mercier-riviera-ref-m0a10622\/"},"modified":"2026-03-27T14:00:33","modified_gmt":"2026-03-27T13:00:33","slug":"baume-mercier-riviera-ref-m0a10622","status":"publish","type":"product","link":"https:\/\/watchdeluxe.it\/es\/prodotto\/baume-mercier-riviera-ref-m0a10622\/","title":{"rendered":"BAUME &amp; MERCIER RIVIERA REF. M0A10622"},"content":{"rendered":"<p>BAUME &amp; MERCIER RIVIERA REF. 10622<\/p>\n<p>Creado en 1973, el reloj Riviera regresa este a\u00f1o para revivir el esp\u00edritu de una \u00e9poca ilustre de la relojer\u00eda. Aqu\u00ed est\u00e1 en 2021, revisitado pero con la misma autenticidad: una caja de acero de dimensiones equilibradas, un bisel dodecagonal equipado con cuatro tornillos o diamantes, un movimiento de cuarzo autom\u00e1tico o &#8220;Swiss Made&#8221;, y un brazalete integrado intercambiable de acero o una correa de caucho. El dise\u00f1o original sigue presente, al igual que el deseo de abrazar lo contempor\u00e1neo.<\/p>\n<div class=\"product-specifications__list\">\n<h4 id=\"technicalitem0\" class=\"open\">Caracter\u00edsticas<\/h4>\n<ul>\n<li>Reloj Autom\u00e1tico<\/li>\n<li>Reserva de marcha: 38 hora(s)<\/li>\n<li>Resistencia al agua: 10 ATM (aprox. 100 metros)<\/li>\n<li>Fecha<\/li>\n<li>Cristal de zafiro<\/li>\n<li>\n<div class=\"product-specifications__list\">\n<h4 id=\"technicalitem1\" class=\"open\">Movimiento<\/h4>\n<ul>\n<li>Fabricado en Suiza<\/li>\n<li>\n    <\/li>\n<li> <label> Energ\u00eda <\/label> Autom\u00e1tica, bobinado autom\u00e1tico<\/li>\n<li> <label> Frecuencia <\/label> 28800.0vph\/4.0hz<\/li>\n<li> <label> Rub\u00edes <\/label> 26<\/li>\n<li>\n<div class=\"product-specifications__list\">\n<h4 id=\"technicalitem2\" class=\"open\">Caso<\/h4>\n<ul>\n<li> <label> Forma <\/label> dodecagonal<\/li>\n<li> <label> Grosor <\/label> 10,66 mm<\/li>\n<li> <label> Material y acabado <\/label> Acero, pulido satinado<\/li>\n<li> <label> Dorso <\/label> Cristal de zafiro, Con tornillos<\/li>\n<li>\n<div class=\"product-specifications__list\">\n<h4 id=\"technicalitem3\" class=\"open\">Marque<\/h4>\n<ul>\n<li> <label> Colores y <\/label> acabados plateado, satinado &#8220;soleil<\/li>\n<li> <label> Figuras <\/label> romanas<\/li>\n<li> <label> Agujas <\/label> rodiadas, Dauphine<\/li>\n<li>\n<div class=\"product-specifications__list\">\n<h4 id=\"technicalitem4\" class=\"open\">Correa<\/h4>\n<ul>\n<li> <label> Material <\/label> Acero, (acabado) Satinado\/pulido<\/li>\n<li>  Triple <label> cierre <\/label> desplegable con cierre de seguridad, Acero, Pulido<\/li>\n<\/ul>\n<\/div>\n<\/li>\n<\/ul>\n<\/div>\n<\/li>\n<\/ul>\n<\/div>\n<\/li>\n<\/ul>\n<\/div>\n<\/li>\n<\/ul>\n<\/div>\n","protected":false},"excerpt":{"rendered":"<p>BAUME &amp; MERCIER RIVIERA REF. 10622 Creado en 1973, el reloj Riviera regresa este a\u00f1o para revivir el esp\u00edritu de una \u00e9poca ilustre de la relojer\u00eda. Aqu\u00ed est\u00e1 en 2021, revisitado pero con la misma autenticidad: una caja de acero de dimensiones equilibradas, un bisel dodecagonal equipado con cuatro tornillos o diamantes, un movimiento de [&hellip;]<\/p>\n","protected":false},"featured_media":62854,"template":"","meta":{"_crdt_document":"","advanced_seo_description":"","jetpack_seo_html_title":"","jetpack_seo_noindex":false},"product_brand":[],"product_cat":[2613],"product_tag":[2619],"berocket_brand":[],"woo-feed-brand":[],"class_list":{"0":"post-72406","1":"product","2":"type-product","3":"status-publish","4":"has-post-thumbnail","6":"product_cat-baume-mercier-es","7":"product_tag-riviera-es","9":"first","10":"instock","11":"sale","12":"taxable","13":"shipping-taxable","14":"purchasable","15":"product-type-simple"},"bundled_by":[],"bundle_stock_status":"instock","bundle_stock_quantity":3,"bundle_virtual":false,"bundle_layout":"","bundle_add_to_cart_form_location":"","bundle_editable_in_cart":false,"bundle_sold_individually_context":"","bundle_item_grouping":"","bundle_min_size":"","bundle_max_size":"","bundle_price":[],"bundled_items":[],"bundle_sell_ids":[],"group_of_quantity":0,"min_quantity":0,"max_quantity":"","exclude_order_quantity_value_rules":"no","exclude_category_quantity_rules":"no","combine_variations":"no","jetpack_sharing_enabled":true,"jetpack_likes_enabled":true,"_links":{"self":[{"href":"https:\/\/watchdeluxe.it\/es\/wp-json\/wp\/v2\/product\/72406","targetHints":{"allow":["GET"]}}],"collection":[{"href":"https:\/\/watchdeluxe.it\/es\/wp-json\/wp\/v2\/product"}],"about":[{"href":"https:\/\/watchdeluxe.it\/es\/wp-json\/wp\/v2\/types\/product"}],"wp:featuredmedia":[{"embeddable":true,"href":"https:\/\/watchdeluxe.it\/es\/wp-json\/wp\/v2\/media\/62854"}],"wp:attachment":[{"href":"https:\/\/watchdeluxe.it\/es\/wp-json\/wp\/v2\/media?parent=72406"}],"wp:term":[{"taxonomy":"product_brand","embeddable":true,"href":"https:\/\/watchdeluxe.it\/es\/wp-json\/wp\/v2\/product_brand?post=72406"},{"taxonomy":"product_cat","embeddable":true,"href":"https:\/\/watchdeluxe.it\/es\/wp-json\/wp\/v2\/product_cat?post=72406"},{"taxonomy":"product_tag","embeddable":true,"href":"https:\/\/watchdeluxe.it\/es\/wp-json\/wp\/v2\/product_tag?post=72406"},{"taxonomy":"berocket_brand","embeddable":true,"href":"https:\/\/watchdeluxe.it\/es\/wp-json\/wp\/v2\/berocket_brand?post=72406"},{"taxonomy":"woo-feed-brand","embeddable":true,"href":"https:\/\/watchdeluxe.it\/es\/wp-json\/wp\/v2\/woo-feed-brand?post=72406"}],"curies":[{"name":"wp","href":"https:\/\/api.w.org\/{rel}","templated":true}]}}