{"id":72392,"date":"2023-03-15T22:27:29","date_gmt":"2023-03-15T21:27:29","guid":{"rendered":"https:\/\/watchdeluxe.it\/prodotto\/breitling-superocean-heritage-cronografo-44-ref-a13313121b1a1\/"},"modified":"2025-07-14T18:03:31","modified_gmt":"2025-07-14T16:03:31","slug":"breitling-superocean-heritage-chronograph-44-ref-a13313121b1a1","status":"publish","type":"product","link":"https:\/\/watchdeluxe.it\/es\/prodotto\/breitling-superocean-heritage-chronograph-44-ref-a13313121b1a1\/","title":{"rendered":"Breitling Superocean Heritage Cron\u00f3grafo 44 ref. A13313121B1A1"},"content":{"rendered":"<p>Breitling Superocean Heritage Cron\u00f3grafo 44 ref. A13313121B1A1<\/p>\n<h1>Superocean Heritage Cron\u00f3grafo 44 <span class=\"version hidden-xs hidden-sm\">Acero &#8211; Volcano\/Negro<\/span><\/h1>\n<p id=\"version-description-short\" class=\"hidden-xs hidden-sm pr-description\">Combinando un dise\u00f1o de alta tecnolog\u00eda con un toque vintage, el cron\u00f3grafo H\u00e9ritage II 44 Superocean disponible en acero y acero y oro tiene n\u00fameros en el bisel para distinguirlo de los dem\u00e1s modelos de la colecci\u00f3n.<\/p>\n<h3>Movimiento<\/h3>\n<div class=\"datas\">\n<div class=\"datas-content\">\n<table style=\"border: 0;\">\n<tbody>\n<tr>\n<th>Calibre<\/th>\n<td>Breitling 13<\/td>\n<\/tr>\n<tr>\n<th>Movimiento<\/th>\n<td>Mec\u00e1nica, bobinado autom\u00e1tico<\/td>\n<\/tr>\n<tr>\n<th>Reserva de funcionamiento<\/th>\n<td>aprox. 48 horas<\/td>\n<\/tr>\n<tr>\n<th>Cron\u00f3grafo<\/th>\n<td>\u00bc segundo, 30 minutos, 12 horas<\/td>\n<\/tr>\n<tr>\n<th>Alternancia<\/th>\n<td>28 800 a\/h<\/td>\n<\/tr>\n<tr>\n<th>Ruby<\/th>\n<td>25 rub\u00edes<\/td>\n<\/tr>\n<tr>\n<th>Calendario<\/th>\n<td>Una ventana en la esfera<\/td>\n<\/tr>\n<\/tbody>\n<\/table>\n<\/div>\n<\/div>\n<h3>Caso<\/h3>\n<div class=\"datas\">\n<div class=\"datas-content\">\n<table style=\"border: 0;\">\n<tbody>\n<tr>\n<th>Caso<\/th>\n<td>acero, acero y oro<\/td>\n<\/tr>\n<tr>\n<th>Fondocassa<\/th>\n<td>Atornillado<\/td>\n<\/tr>\n<tr>\n<th>Impermeable<\/th>\n<td>200 metros<\/td>\n<\/tr>\n<tr>\n<th>Bisel<\/th>\n<td>Unidireccional con tope<\/td>\n<\/tr>\n<tr>\n<th>Corona<\/th>\n<td>Tornillo, dos juntas<\/td>\n<\/tr>\n<tr>\n<th>Vidrio<\/th>\n<td>Zafiro convexo, antirreflejos por ambas caras<\/td>\n<\/tr>\n<\/tbody>\n<\/table>\n<\/div>\n<\/div>\n","protected":false},"excerpt":{"rendered":"<p>Breitling Superocean Heritage Cron\u00f3grafo 44 ref. A13313121B1A1 Superocean Heritage Cron\u00f3grafo 44 Acero &#8211; Volcano\/Negro Combinando un dise\u00f1o de alta tecnolog\u00eda con un toque vintage, el cron\u00f3grafo H\u00e9ritage II 44 Superocean disponible en acero y acero y oro tiene n\u00fameros en el bisel para distinguirlo de los dem\u00e1s modelos de la colecci\u00f3n. Movimiento Calibre Breitling 13 [&hellip;]<\/p>\n","protected":false},"featured_media":47282,"template":"","meta":{"_crdt_document":"","advanced_seo_description":"","jetpack_seo_html_title":"","jetpack_seo_noindex":false},"product_brand":[],"product_cat":[2663],"product_tag":[2665],"berocket_brand":[],"woo-feed-brand":[],"class_list":{"0":"post-72392","1":"product","2":"type-product","3":"status-publish","4":"has-post-thumbnail","6":"product_cat-breitling-es","7":"product_tag-superocean-es","9":"first","10":"instock","11":"sale","12":"taxable","13":"shipping-taxable","14":"purchasable","15":"product-type-simple"},"bundled_by":[],"bundle_stock_status":"instock","bundle_stock_quantity":1,"bundle_virtual":false,"bundle_layout":"","bundle_add_to_cart_form_location":"","bundle_editable_in_cart":false,"bundle_sold_individually_context":"","bundle_item_grouping":"","bundle_min_size":"","bundle_max_size":"","bundle_price":[],"bundled_items":[],"bundle_sell_ids":[],"group_of_quantity":0,"min_quantity":0,"max_quantity":"","exclude_order_quantity_value_rules":"no","exclude_category_quantity_rules":"no","combine_variations":"no","jetpack_sharing_enabled":true,"jetpack_likes_enabled":true,"_links":{"self":[{"href":"https:\/\/watchdeluxe.it\/es\/wp-json\/wp\/v2\/product\/72392","targetHints":{"allow":["GET"]}}],"collection":[{"href":"https:\/\/watchdeluxe.it\/es\/wp-json\/wp\/v2\/product"}],"about":[{"href":"https:\/\/watchdeluxe.it\/es\/wp-json\/wp\/v2\/types\/product"}],"wp:featuredmedia":[{"embeddable":true,"href":"https:\/\/watchdeluxe.it\/es\/wp-json\/wp\/v2\/media\/47282"}],"wp:attachment":[{"href":"https:\/\/watchdeluxe.it\/es\/wp-json\/wp\/v2\/media?parent=72392"}],"wp:term":[{"taxonomy":"product_brand","embeddable":true,"href":"https:\/\/watchdeluxe.it\/es\/wp-json\/wp\/v2\/product_brand?post=72392"},{"taxonomy":"product_cat","embeddable":true,"href":"https:\/\/watchdeluxe.it\/es\/wp-json\/wp\/v2\/product_cat?post=72392"},{"taxonomy":"product_tag","embeddable":true,"href":"https:\/\/watchdeluxe.it\/es\/wp-json\/wp\/v2\/product_tag?post=72392"},{"taxonomy":"berocket_brand","embeddable":true,"href":"https:\/\/watchdeluxe.it\/es\/wp-json\/wp\/v2\/berocket_brand?post=72392"},{"taxonomy":"woo-feed-brand","embeddable":true,"href":"https:\/\/watchdeluxe.it\/es\/wp-json\/wp\/v2\/woo-feed-brand?post=72392"}],"curies":[{"name":"wp","href":"https:\/\/api.w.org\/{rel}","templated":true}]}}