{"id":72349,"date":"2023-03-15T22:27:30","date_gmt":"2023-03-15T21:27:30","guid":{"rendered":"https:\/\/watchdeluxe.it\/prodotto\/breitling-superocean-heritage-ii-42-ref-ab2010121b1s1\/"},"modified":"2024-04-15T17:47:59","modified_gmt":"2024-04-15T15:47:59","slug":"breitling-superocean-heritage-ii-42-ref-ab2010121b1s1","status":"publish","type":"product","link":"https:\/\/watchdeluxe.it\/es\/prodotto\/breitling-superocean-heritage-ii-42-ref-ab2010121b1s1\/","title":{"rendered":"Breitling Superocean H\u00e9ritage II 42 ref. AB2010121B1S1"},"content":{"rendered":"<table>\n<tbody>\n<tr>\n<td><strong>N\u00famero de anuncio<\/strong><\/td>\n<td><\/td>\n<\/tr>\n<tr>\n<td><strong>N\u00famero de referencia<\/strong><\/td>\n<td>AB2010121B1S1<\/td>\n<\/tr>\n<tr>\n<td><strong>Marca<\/strong><\/td>\n<td>Breitling<\/td>\n<\/tr>\n<tr>\n<td><strong>Modelo (Reloj)<\/strong><\/td>\n<td>Superocean H\u00e9ritage II 42<\/td>\n<\/tr>\n<tr>\n<td><strong>Carga<\/strong><\/td>\n<td>Autom\u00e1tico<\/td>\n<\/tr>\n<tr>\n<td><strong>Material del malet\u00edn<\/strong><\/td>\n<td>Acero<\/td>\n<\/tr>\n<tr>\n<td><strong>Material de la correa<\/strong><\/td>\n<td>Goma<\/td>\n<\/tr>\n<tr>\n<td><strong>A\u00f1o<\/strong><\/td>\n<td>2019<\/td>\n<\/tr>\n<tr>\n<td><strong>Condici\u00f3n<\/strong><\/td>\n<td>Nuevo (a estrenar y sin signos de desgaste)<\/td>\n<\/tr>\n<tr>\n<td><strong>Kit<\/strong><\/td>\n<td><i class=\"i-info js-popover text-muted pointer pull-right\" title=\"\" data-placement=\"left\" data-original-title=\"\"><\/i>  Con caja y documentos originales<\/td>\n<\/tr>\n<tr>\n<td><strong>Sexo<\/strong><\/td>\n<td>Reloj hombre\/Unisexo<\/td>\n<\/tr>\n<tr>\n<td><strong>Sede central<\/strong><\/td>\n<td>Italia, Torino<\/td>\n<\/tr>\n<\/tbody>\n<tbody>\n<tr>\n<td colspan=\"2\">\n<p class=\"h3 text-left m-b-0\">Calibre<\/p>\n<\/td>\n<\/tr>\n<tr>\n<td><strong>Carga<\/strong><\/td>\n<td>Autom\u00e1tico<\/td>\n<\/tr>\n<tr>\n<td><strong>Reserva de marcha<\/strong><\/td>\n<td>70 h<\/td>\n<\/tr>\n<tr>\n<td><strong>N\u00famero de piedras<\/strong><\/td>\n<td>28<\/td>\n<\/tr>\n<\/tbody>\n<tbody>\n<tr>\n<td colspan=\"2\">\n<p class=\"h3 text-left m-b-0\">Caso<\/p>\n<\/td>\n<\/tr>\n<tr>\n<td><strong>Material del malet\u00edn<\/strong><\/td>\n<td>Acero<\/td>\n<\/tr>\n<tr>\n<td><strong>Di\u00e1metro<\/strong><\/td>\n<td>42 mm<\/td>\n<\/tr>\n<tr>\n<td><strong>Impermeable<\/strong><\/td>\n<td>20 ATM<\/td>\n<\/tr>\n<tr>\n<td><strong>Material del bisel<\/strong><\/td>\n<td>Cer\u00e1mica<\/td>\n<\/tr>\n<tr>\n<td><strong>Vidrio<\/strong><\/td>\n<td>Cristal de zafiro<\/td>\n<\/tr>\n<tr>\n<td><strong>Marque<\/strong><\/td>\n<td>Negro<\/td>\n<\/tr>\n<tr>\n<td><strong>Marcar con n\u00fameros<\/strong><\/td>\n<td>Sin n\u00fameros<\/td>\n<\/tr>\n<\/tbody>\n<tbody>\n<tr>\n<td colspan=\"2\">\n<p class=\"h3 text-left m-b-0\">Correa<\/p>\n<\/td>\n<\/tr>\n<tr>\n<td><strong>Material de la correa<\/strong><\/td>\n<td>Goma<\/td>\n<\/tr>\n<tr>\n<td><strong>Color de la correa<\/strong><\/td>\n<td>Negro<\/td>\n<\/tr>\n<tr>\n<td><strong>Cerrar<\/strong><\/td>\n<td>D\u00e9ployante<\/td>\n<\/tr>\n<tr>\n<td><strong>Material de cierre<\/strong><\/td>\n<td>Acero<\/td>\n<\/tr>\n<\/tbody>\n<tbody>\n<tr>\n<td colspan=\"2\">\n<p class=\"h3 text-left m-b-0\">Funciones<\/p>\n<\/td>\n<\/tr>\n<tr>\n<td colspan=\"2\">Fecha<\/td>\n<\/tr>\n<\/tbody>\n<\/table>\n","protected":false},"excerpt":{"rendered":"<p>N\u00famero de anuncio N\u00famero de referencia AB2010121B1S1 Marca Breitling Modelo (Reloj) Superocean H\u00e9ritage II 42 Carga Autom\u00e1tico Material del malet\u00edn Acero Material de la correa Goma A\u00f1o 2019 Condici\u00f3n Nuevo (a estrenar y sin signos de desgaste) Kit Con caja y documentos originales Sexo Reloj hombre\/Unisexo Sede central Italia, Torino Calibre Carga Autom\u00e1tico Reserva de [&hellip;]<\/p>\n","protected":false},"featured_media":47258,"template":"","meta":{"_crdt_document":"","advanced_seo_description":"","jetpack_seo_html_title":"","jetpack_seo_noindex":false},"product_brand":[],"product_cat":[2663],"product_tag":[],"berocket_brand":[],"woo-feed-brand":[],"class_list":{"0":"post-72349","1":"product","2":"type-product","3":"status-publish","4":"has-post-thumbnail","6":"product_cat-breitling-es","8":"first","9":"instock","10":"sale","11":"taxable","12":"shipping-taxable","13":"purchasable","14":"product-type-simple"},"bundled_by":[],"bundle_stock_status":"instock","bundle_stock_quantity":1,"bundle_virtual":false,"bundle_layout":"","bundle_add_to_cart_form_location":"","bundle_editable_in_cart":false,"bundle_sold_individually_context":"","bundle_item_grouping":"","bundle_min_size":"","bundle_max_size":"","bundle_price":[],"bundled_items":[],"bundle_sell_ids":[],"group_of_quantity":0,"min_quantity":0,"max_quantity":"","exclude_order_quantity_value_rules":"no","exclude_category_quantity_rules":"no","combine_variations":"no","jetpack_sharing_enabled":true,"jetpack_likes_enabled":true,"_links":{"self":[{"href":"https:\/\/watchdeluxe.it\/es\/wp-json\/wp\/v2\/product\/72349","targetHints":{"allow":["GET"]}}],"collection":[{"href":"https:\/\/watchdeluxe.it\/es\/wp-json\/wp\/v2\/product"}],"about":[{"href":"https:\/\/watchdeluxe.it\/es\/wp-json\/wp\/v2\/types\/product"}],"wp:featuredmedia":[{"embeddable":true,"href":"https:\/\/watchdeluxe.it\/es\/wp-json\/wp\/v2\/media\/47258"}],"wp:attachment":[{"href":"https:\/\/watchdeluxe.it\/es\/wp-json\/wp\/v2\/media?parent=72349"}],"wp:term":[{"taxonomy":"product_brand","embeddable":true,"href":"https:\/\/watchdeluxe.it\/es\/wp-json\/wp\/v2\/product_brand?post=72349"},{"taxonomy":"product_cat","embeddable":true,"href":"https:\/\/watchdeluxe.it\/es\/wp-json\/wp\/v2\/product_cat?post=72349"},{"taxonomy":"product_tag","embeddable":true,"href":"https:\/\/watchdeluxe.it\/es\/wp-json\/wp\/v2\/product_tag?post=72349"},{"taxonomy":"berocket_brand","embeddable":true,"href":"https:\/\/watchdeluxe.it\/es\/wp-json\/wp\/v2\/berocket_brand?post=72349"},{"taxonomy":"woo-feed-brand","embeddable":true,"href":"https:\/\/watchdeluxe.it\/es\/wp-json\/wp\/v2\/woo-feed-brand?post=72349"}],"curies":[{"name":"wp","href":"https:\/\/api.w.org\/{rel}","templated":true}]}}