{"id":72341,"date":"2023-03-15T22:27:30","date_gmt":"2023-03-15T21:27:30","guid":{"rendered":"https:\/\/watchdeluxe.it\/prodotto\/breitling-premier-ref-a37340351b1a1\/"},"modified":"2026-04-10T18:41:32","modified_gmt":"2026-04-10T16:41:32","slug":"breitling-premier-ref-a37340351b1a1","status":"publish","type":"product","link":"https:\/\/watchdeluxe.it\/es\/prodotto\/breitling-premier-ref-a37340351b1a1\/","title":{"rendered":"BREITLING Premier ref. A37340351B1A1"},"content":{"rendered":"<h3>BREITLING Premier ref. A37340351B1A1<\/h3>\n<ul>\n<li class=\"list-group-item clearfix\">Colecci\u00f3n <strong>Premier<\/strong><\/li>\n<li class=\"list-group-item clearfix\">Ref. <strong>A37340351B1A1<\/strong><\/li>\n<li class=\"list-group-item clearfix\">Movimiento <strong>autom\u00e1tico<\/strong><\/li>\n<li class=\"list-group-item clearfix\">Tipo de movimiento <strong>Small Seconds<\/strong><\/li>\n<li class=\"list-group-item clearfix\">Esfera <strong>de rodio<\/strong><\/li>\n<li class=\"list-group-item clearfix\">Indicadores <strong>\u00cdndices<\/strong><\/li>\n<li class=\"list-group-item clearfix\">Caja <strong>redonda<\/strong><\/li>\n<li class=\"list-group-item clearfix\">Brazalete de <strong>acero<\/strong><\/li>\n<li class=\"list-group-item clearfix\">Talla<\/li>\n<\/ul>\n","protected":false},"excerpt":{"rendered":"<p>BREITLING Premier ref. A37340351B1A1 Colecci\u00f3n Premier Ref. A37340351B1A1 Movimiento autom\u00e1tico Tipo de movimiento Small Seconds Esfera de rodio Indicadores \u00cdndices Caja redonda Brazalete de acero Talla<\/p>\n","protected":false},"featured_media":172103,"template":"","meta":{"_crdt_document":"","advanced_seo_description":"","jetpack_seo_html_title":"","jetpack_seo_noindex":false},"product_brand":[],"product_cat":[2663],"product_tag":[2666],"berocket_brand":[],"woo-feed-brand":[],"class_list":{"0":"post-72341","1":"product","2":"type-product","3":"status-publish","4":"has-post-thumbnail","6":"product_cat-breitling-es","7":"product_tag-premier-es","9":"first","10":"instock","11":"taxable","12":"shipping-taxable","13":"purchasable","14":"product-type-simple"},"bundled_by":[],"bundle_stock_status":"instock","bundle_stock_quantity":1,"bundle_virtual":false,"bundle_layout":"","bundle_add_to_cart_form_location":"","bundle_editable_in_cart":false,"bundle_sold_individually_context":"","bundle_item_grouping":"","bundle_min_size":"","bundle_max_size":"","bundle_price":[],"bundled_items":[],"bundle_sell_ids":[],"group_of_quantity":0,"min_quantity":0,"max_quantity":"","exclude_order_quantity_value_rules":"no","exclude_category_quantity_rules":"no","combine_variations":"no","exclude_global_add_ons":[],"addons":[],"jetpack_sharing_enabled":true,"jetpack_likes_enabled":true,"_links":{"self":[{"href":"https:\/\/watchdeluxe.it\/es\/wp-json\/wp\/v2\/product\/72341","targetHints":{"allow":["GET"]}}],"collection":[{"href":"https:\/\/watchdeluxe.it\/es\/wp-json\/wp\/v2\/product"}],"about":[{"href":"https:\/\/watchdeluxe.it\/es\/wp-json\/wp\/v2\/types\/product"}],"wp:featuredmedia":[{"embeddable":true,"href":"https:\/\/watchdeluxe.it\/es\/wp-json\/wp\/v2\/media\/172103"}],"wp:attachment":[{"href":"https:\/\/watchdeluxe.it\/es\/wp-json\/wp\/v2\/media?parent=72341"}],"wp:term":[{"taxonomy":"product_brand","embeddable":true,"href":"https:\/\/watchdeluxe.it\/es\/wp-json\/wp\/v2\/product_brand?post=72341"},{"taxonomy":"product_cat","embeddable":true,"href":"https:\/\/watchdeluxe.it\/es\/wp-json\/wp\/v2\/product_cat?post=72341"},{"taxonomy":"product_tag","embeddable":true,"href":"https:\/\/watchdeluxe.it\/es\/wp-json\/wp\/v2\/product_tag?post=72341"},{"taxonomy":"berocket_brand","embeddable":true,"href":"https:\/\/watchdeluxe.it\/es\/wp-json\/wp\/v2\/berocket_brand?post=72341"},{"taxonomy":"woo-feed-brand","embeddable":true,"href":"https:\/\/watchdeluxe.it\/es\/wp-json\/wp\/v2\/woo-feed-brand?post=72341"}],"curies":[{"name":"wp","href":"https:\/\/api.w.org\/{rel}","templated":true}]}}