{"id":72193,"date":"2023-03-17T19:08:32","date_gmt":"2023-03-17T18:08:32","guid":{"rendered":"https:\/\/watchdeluxe.it\/prodotto\/tag-heuer-formula-1-43mm-acero-cuarzo-ref-caz1014-ba0842\/"},"modified":"2026-04-10T17:24:59","modified_gmt":"2026-04-10T15:24:59","slug":"tag-heuer-formula-1-43mm-acciaio-quarzo-ref-caz1014-ba0842","status":"publish","type":"product","link":"https:\/\/watchdeluxe.it\/es\/prodotto\/tag-heuer-formula-1-43mm-acciaio-quarzo-ref-caz1014-ba0842\/","title":{"rendered":"Tag Heuer Formula 1 43 mm acero cuarzo ref. CAZ1014.BA0842"},"content":{"rendered":"<p>TAG HEUER FORMULA 1 43MM Acero Cuarzo ref. CAZ1014.BA0842<br \/>\nCristal de zafiro &#8211; el triunfo de la ciencia moderna &#8211; el material m\u00e1s resistente a los ara\u00f1azos del mercado<br \/>\nMovimiento de cuarzo con visualizaci\u00f3n anal\u00f3gica y ventanilla de fecha en cristal de zafiro<br \/>\nCalendario, resistente al agua, cron\u00f3grafo<br \/>\nCaja de acero inoxidable con esfera azul<br \/>\nResistente al agua hasta 20 ATM \/ 200 metros \/ 660 pies: adecuado para actividades marinas profesionales, deportes acu\u00e1ticos de superficie e inmersi\u00f3n en apnea.<\/p>\n","protected":false},"excerpt":{"rendered":"<p>TAG HEUER FORMULA 1 43MM Acero Cuarzo ref. CAZ1014.BA0842 Cristal de zafiro &#8211; el triunfo de la ciencia moderna &#8211; el material m\u00e1s resistente a los ara\u00f1azos del mercado Movimiento de cuarzo con visualizaci\u00f3n anal\u00f3gica y ventanilla de fecha en cristal de zafiro Calendario, resistente al agua, cron\u00f3grafo Caja de acero inoxidable con esfera azul [&hellip;]<\/p>\n","protected":false},"featured_media":164651,"template":"","meta":{"_crdt_document":"","advanced_seo_description":"","jetpack_seo_html_title":"","jetpack_seo_noindex":false},"product_brand":[],"product_cat":[2264],"product_tag":[3966],"berocket_brand":[],"woo-feed-brand":[],"class_list":{"0":"post-72193","1":"product","2":"type-product","3":"status-publish","4":"has-post-thumbnail","6":"product_cat-tag-heuer-es","7":"product_tag-formula-1-es-2","9":"first","10":"instock","11":"sale","12":"taxable","13":"shipping-taxable","14":"purchasable","15":"product-type-simple"},"bundled_by":[],"bundle_stock_status":"instock","bundle_stock_quantity":1,"bundle_virtual":false,"bundle_layout":"","bundle_add_to_cart_form_location":"","bundle_editable_in_cart":false,"bundle_sold_individually_context":"","bundle_item_grouping":"","bundle_min_size":"","bundle_max_size":"","bundle_price":[],"bundled_items":[],"bundle_sell_ids":[],"group_of_quantity":0,"min_quantity":0,"max_quantity":"","exclude_order_quantity_value_rules":"no","exclude_category_quantity_rules":"no","combine_variations":"no","exclude_global_add_ons":[],"addons":[],"jetpack_sharing_enabled":true,"jetpack_likes_enabled":true,"_links":{"self":[{"href":"https:\/\/watchdeluxe.it\/es\/wp-json\/wp\/v2\/product\/72193","targetHints":{"allow":["GET"]}}],"collection":[{"href":"https:\/\/watchdeluxe.it\/es\/wp-json\/wp\/v2\/product"}],"about":[{"href":"https:\/\/watchdeluxe.it\/es\/wp-json\/wp\/v2\/types\/product"}],"wp:featuredmedia":[{"embeddable":true,"href":"https:\/\/watchdeluxe.it\/es\/wp-json\/wp\/v2\/media\/164651"}],"wp:attachment":[{"href":"https:\/\/watchdeluxe.it\/es\/wp-json\/wp\/v2\/media?parent=72193"}],"wp:term":[{"taxonomy":"product_brand","embeddable":true,"href":"https:\/\/watchdeluxe.it\/es\/wp-json\/wp\/v2\/product_brand?post=72193"},{"taxonomy":"product_cat","embeddable":true,"href":"https:\/\/watchdeluxe.it\/es\/wp-json\/wp\/v2\/product_cat?post=72193"},{"taxonomy":"product_tag","embeddable":true,"href":"https:\/\/watchdeluxe.it\/es\/wp-json\/wp\/v2\/product_tag?post=72193"},{"taxonomy":"berocket_brand","embeddable":true,"href":"https:\/\/watchdeluxe.it\/es\/wp-json\/wp\/v2\/berocket_brand?post=72193"},{"taxonomy":"woo-feed-brand","embeddable":true,"href":"https:\/\/watchdeluxe.it\/es\/wp-json\/wp\/v2\/woo-feed-brand?post=72193"}],"curies":[{"name":"wp","href":"https:\/\/api.w.org\/{rel}","templated":true}]}}