{"id":71876,"date":"2023-03-20T13:47:54","date_gmt":"2023-03-20T12:47:54","guid":{"rendered":"https:\/\/watchdeluxe.it\/prodotto\/llavero-montblanc-select-tabaco-ref-112427\/"},"modified":"2026-04-08T18:22:46","modified_gmt":"2026-04-08T16:22:46","slug":"montblanc-llavero-selector-tabaco-ref-112427","status":"publish","type":"product","link":"https:\/\/watchdeluxe.it\/es\/prodotto\/montblanc-llavero-selector-tabaco-ref-112427\/","title":{"rendered":"Llavero Montblanc Select Tobacco ref. 112427"},"content":{"rendered":"<div>\n<p>Llavero Montblanc de la l\u00ednea Meisterstuck Selection fabricado en piel de becerro europea de plena flor marr\u00f3n oscuro brillante exclusiva de Montblanc, curtida al cromo, te\u00f1ida en masa, con emblema Montblanc y anilla de acero paladiado con cierre de rosca.<\/p>\n<\/div>\n<ul>\n<li>Piel<\/li>\n<\/ul>\n","protected":false},"excerpt":{"rendered":"<p>Llavero Montblanc de la l\u00ednea Meisterstuck Selection fabricado en piel de becerro europea de plena flor marr\u00f3n oscuro brillante exclusiva de Montblanc, curtida al cromo, te\u00f1ida en masa, con emblema Montblanc y anilla de acero paladiado con cierre de rosca. Piel<\/p>\n","protected":false},"featured_media":162843,"template":"","meta":{"_crdt_document":"","advanced_seo_description":"","jetpack_seo_html_title":"","jetpack_seo_noindex":false},"product_brand":[],"product_cat":[2247],"product_tag":[2936],"berocket_brand":[],"woo-feed-brand":[],"class_list":{"0":"post-71876","1":"product","2":"type-product","3":"status-publish","4":"has-post-thumbnail","6":"product_cat-montblanc-es","7":"product_tag-llavero","9":"first","10":"instock","11":"sale","12":"taxable","13":"shipping-taxable","14":"purchasable","15":"product-type-simple"},"bundled_by":[],"bundle_stock_status":"instock","bundle_stock_quantity":1,"bundle_virtual":false,"bundle_layout":"","bundle_add_to_cart_form_location":"","bundle_editable_in_cart":false,"bundle_sold_individually_context":"","bundle_item_grouping":"","bundle_min_size":"","bundle_max_size":"","bundle_price":[],"bundled_items":[],"bundle_sell_ids":[],"group_of_quantity":0,"min_quantity":0,"max_quantity":"","exclude_order_quantity_value_rules":"no","exclude_category_quantity_rules":"no","combine_variations":"no","jetpack_sharing_enabled":true,"jetpack_likes_enabled":true,"_links":{"self":[{"href":"https:\/\/watchdeluxe.it\/es\/wp-json\/wp\/v2\/product\/71876","targetHints":{"allow":["GET"]}}],"collection":[{"href":"https:\/\/watchdeluxe.it\/es\/wp-json\/wp\/v2\/product"}],"about":[{"href":"https:\/\/watchdeluxe.it\/es\/wp-json\/wp\/v2\/types\/product"}],"wp:featuredmedia":[{"embeddable":true,"href":"https:\/\/watchdeluxe.it\/es\/wp-json\/wp\/v2\/media\/162843"}],"wp:attachment":[{"href":"https:\/\/watchdeluxe.it\/es\/wp-json\/wp\/v2\/media?parent=71876"}],"wp:term":[{"taxonomy":"product_brand","embeddable":true,"href":"https:\/\/watchdeluxe.it\/es\/wp-json\/wp\/v2\/product_brand?post=71876"},{"taxonomy":"product_cat","embeddable":true,"href":"https:\/\/watchdeluxe.it\/es\/wp-json\/wp\/v2\/product_cat?post=71876"},{"taxonomy":"product_tag","embeddable":true,"href":"https:\/\/watchdeluxe.it\/es\/wp-json\/wp\/v2\/product_tag?post=71876"},{"taxonomy":"berocket_brand","embeddable":true,"href":"https:\/\/watchdeluxe.it\/es\/wp-json\/wp\/v2\/berocket_brand?post=71876"},{"taxonomy":"woo-feed-brand","embeddable":true,"href":"https:\/\/watchdeluxe.it\/es\/wp-json\/wp\/v2\/woo-feed-brand?post=71876"}],"curies":[{"name":"wp","href":"https:\/\/api.w.org\/{rel}","templated":true}]}}