{"id":71739,"date":"2023-03-20T13:47:16","date_gmt":"2023-03-20T12:47:16","guid":{"rendered":"https:\/\/watchdeluxe.it\/prodotto\/elegante-cinturon-reversible-negro-azul-ref-128140\/"},"modified":"2026-01-21T16:03:25","modified_gmt":"2026-01-21T15:03:25","slug":"cinturon-elegante-reversible-negro-azul-ref-128140","status":"publish","type":"product","link":"https:\/\/watchdeluxe.it\/es\/prodotto\/cinturon-elegante-reversible-negro-azul-ref-128140\/","title":{"rendered":"Elegante cintur\u00f3n reversible negro\/azul ref. 128140"},"content":{"rendered":"<div class=\"column material\" data-mce-fragment=\"1\">\n<h3 data-mce-fragment=\"1\">Material<\/h3>\n<p class=\"materials\" data-mce-fragment=\"1\"><strong class=\"key\" data-mce-fragment=\"1\">MaterialPiel<\/strong>de <strong class=\"key\" data-mce-fragment=\"1\">vacuno<\/strong><\/p>\n<p class=\"finishing_description\" data-mce-fragment=\"1\"><strong class=\"key\" data-mce-fragment=\"1\">AcabadoGlossy<\/strong><\/p>\n<p class=\"strap_description\" data-mce-fragment=\"1\">CorreaCorrea <strong class=\"key\" data-mce-fragment=\"1\">reversible<\/strong>de piel granulada y matizada<\/p>\n<p class=\"buckle_mechanism\" data-mce-fragment=\"1\">Mecanismo <strong class=\"key\" data-mce-fragment=\"1\">de hebillaMecanismo de<\/strong>ajuste de <strong class=\"key\" data-mce-fragment=\"1\">longitud<\/strong><\/p>\n<p class=\"buckle_shape\" data-mce-fragment=\"1\"><strong class=\"key\" data-mce-fragment=\"1\">FormaRectangular<\/strong><\/p>\n<p class=\"coating\" data-mce-fragment=\"1\"><strong class=\"key\" data-mce-fragment=\"1\">RevestimientoAcabado paladio<\/strong><\/p>\n<p class=\"emblem_location\" data-mce-fragment=\"1\"><strong class=\"key\" data-mce-fragment=\"1\">Posici\u00f3n del emblemaEmblema Montblanc<\/strong>en lazo met\u00e1lico<\/p>\n<p class=\"brand_colour\" data-mce-fragment=\"1\"><strong class=\"key\" data-mce-fragment=\"1\">ColorNegro<\/strong>| Azul<\/p>\n<\/div>\n<div class=\"column dimensions\" data-mce-fragment=\"1\">\n<h3 data-mce-fragment=\"1\">Dimensiones<\/h3>\n<p class=\"length first\" data-mce-fragment=\"1\"><strong class=\"key\" data-mce-fragment=\"1\">Dimensiones1200<\/strong><\/p>\n<p class=\"width\" data-mce-fragment=\"1\">30<\/p>\n<p class=\"height\" data-mce-fragment=\"1\">5<\/p>\n<p class=\"emblem\" data-mce-fragment=\"1\"><strong class=\"key\" data-mce-fragment=\"1\">Acabado \/ EmblemaLos<\/strong>emblemas son centrados manualmente, uno a uno, por nuestros artesanos. El emblema est\u00e1 colocado en el centro, pero si se presiona manualmente con la m\u00e1quina adecuada podr\u00eda moverse o girar. Se trata de una caracter\u00edstica que no compromete la est\u00e9tica del producto, por lo que, seg\u00fan nuestra pol\u00edtica, no puede aceptarse como reclamaci\u00f3n.<\/p>\n<\/div>\n","protected":false},"excerpt":{"rendered":"<p>Material MaterialPielde vacuno AcabadoGlossy CorreaCorrea reversiblede piel granulada y matizada Mecanismo de hebillaMecanismo deajuste de longitud FormaRectangular RevestimientoAcabado paladio Posici\u00f3n del emblemaEmblema Montblancen lazo met\u00e1lico ColorNegro| Azul Dimensiones Dimensiones1200 30 5 Acabado \/ EmblemaLosemblemas son centrados manualmente, uno a uno, por nuestros artesanos. El emblema est\u00e1 colocado en el centro, pero si se presiona manualmente [&hellip;]<\/p>\n","protected":false},"featured_media":165512,"template":"","meta":{"_crdt_document":"","advanced_seo_description":"","jetpack_seo_html_title":"","jetpack_seo_noindex":false},"product_brand":[],"product_cat":[2247],"product_tag":[2249],"berocket_brand":[],"woo-feed-brand":[],"class_list":{"0":"post-71739","1":"product","2":"type-product","3":"status-publish","4":"has-post-thumbnail","6":"product_cat-montblanc-es","7":"product_tag-correas","9":"first","10":"instock","11":"sale","12":"taxable","13":"shipping-taxable","14":"purchasable","15":"product-type-simple"},"bundled_by":[],"bundle_stock_status":"instock","bundle_stock_quantity":1,"bundle_virtual":false,"bundle_layout":"","bundle_add_to_cart_form_location":"","bundle_editable_in_cart":false,"bundle_sold_individually_context":"","bundle_item_grouping":"","bundle_min_size":"","bundle_max_size":"","bundle_price":[],"bundled_items":[],"bundle_sell_ids":[],"group_of_quantity":0,"min_quantity":0,"max_quantity":"","exclude_order_quantity_value_rules":"no","exclude_category_quantity_rules":"no","combine_variations":"no","exclude_global_add_ons":[],"addons":[],"jetpack_sharing_enabled":true,"jetpack_likes_enabled":true,"_links":{"self":[{"href":"https:\/\/watchdeluxe.it\/es\/wp-json\/wp\/v2\/product\/71739","targetHints":{"allow":["GET"]}}],"collection":[{"href":"https:\/\/watchdeluxe.it\/es\/wp-json\/wp\/v2\/product"}],"about":[{"href":"https:\/\/watchdeluxe.it\/es\/wp-json\/wp\/v2\/types\/product"}],"wp:featuredmedia":[{"embeddable":true,"href":"https:\/\/watchdeluxe.it\/es\/wp-json\/wp\/v2\/media\/165512"}],"wp:attachment":[{"href":"https:\/\/watchdeluxe.it\/es\/wp-json\/wp\/v2\/media?parent=71739"}],"wp:term":[{"taxonomy":"product_brand","embeddable":true,"href":"https:\/\/watchdeluxe.it\/es\/wp-json\/wp\/v2\/product_brand?post=71739"},{"taxonomy":"product_cat","embeddable":true,"href":"https:\/\/watchdeluxe.it\/es\/wp-json\/wp\/v2\/product_cat?post=71739"},{"taxonomy":"product_tag","embeddable":true,"href":"https:\/\/watchdeluxe.it\/es\/wp-json\/wp\/v2\/product_tag?post=71739"},{"taxonomy":"berocket_brand","embeddable":true,"href":"https:\/\/watchdeluxe.it\/es\/wp-json\/wp\/v2\/berocket_brand?post=71739"},{"taxonomy":"woo-feed-brand","embeddable":true,"href":"https:\/\/watchdeluxe.it\/es\/wp-json\/wp\/v2\/woo-feed-brand?post=71739"}],"curies":[{"name":"wp","href":"https:\/\/api.w.org\/{rel}","templated":true}]}}