{"id":71168,"date":"2023-03-20T13:51:08","date_gmt":"2023-03-20T12:51:08","guid":{"rendered":"https:\/\/watchdeluxe.it\/prodotto\/montblanc-cinturon-de-piel-para-hombre-ref-112960\/"},"modified":"2026-04-08T18:42:54","modified_gmt":"2026-04-08T16:42:54","slug":"montblanc-skin-belt-man-ref-112960","status":"publish","type":"product","link":"https:\/\/watchdeluxe.it\/es\/prodotto\/montblanc-skin-belt-man-ref-112960\/","title":{"rendered":"Montblanc Cintur\u00f3n de piel para hombre ref.112960"},"content":{"rendered":"<div>\n<p>Cintur\u00f3n de piel Montblanc: cierre frontal con hebilla made in Italy Altura: 3,5 cm 100% piel;<\/p>\n<\/div>\n<ul>\n<li>Cintur\u00f3n reversible, ajustable individualmente, color negro\/marr\u00f3n.<\/li>\n<li>Hebilla rectangular en forma de herradura, pulida y chapada en paladio.<\/li>\n<li>Piel<\/li>\n<li>Cl\u00e1sico<\/li>\n<li>Hebilla con logotipo Montblanc.<\/li>\n<li>Dimensiones: 3 cm x 120 cm.<\/li>\n<li>En cuero negro y marr\u00f3n.<\/li>\n<\/ul>\n","protected":false},"excerpt":{"rendered":"<p>Cintur\u00f3n de piel Montblanc: cierre frontal con hebilla made in Italy Altura: 3,5 cm 100% piel; Cintur\u00f3n reversible, ajustable individualmente, color negro\/marr\u00f3n. Hebilla rectangular en forma de herradura, pulida y chapada en paladio. Piel Cl\u00e1sico Hebilla con logotipo Montblanc. Dimensiones: 3 cm x 120 cm. En cuero negro y marr\u00f3n.<\/p>\n","protected":false},"featured_media":25126,"template":"","meta":{"_crdt_document":"","advanced_seo_description":"","jetpack_seo_html_title":"","jetpack_seo_noindex":false},"product_brand":[],"product_cat":[1929],"product_tag":[],"berocket_brand":[],"woo-feed-brand":[],"class_list":{"0":"post-71168","1":"product","2":"type-product","3":"status-publish","4":"has-post-thumbnail","6":"product_cat-montblanc","8":"first","9":"instock","10":"sale","11":"taxable","12":"shipping-taxable","13":"purchasable","14":"product-type-simple"},"bundled_by":[],"bundle_stock_status":"instock","bundle_stock_quantity":1,"bundle_virtual":false,"bundle_layout":"","bundle_add_to_cart_form_location":"","bundle_editable_in_cart":false,"bundle_sold_individually_context":"","bundle_item_grouping":"","bundle_min_size":"","bundle_max_size":"","bundle_price":[],"bundled_items":[],"bundle_sell_ids":[],"group_of_quantity":0,"min_quantity":0,"max_quantity":"","exclude_order_quantity_value_rules":"no","exclude_category_quantity_rules":"no","combine_variations":"no","exclude_global_add_ons":[],"addons":[],"jetpack_sharing_enabled":true,"jetpack_likes_enabled":true,"_links":{"self":[{"href":"https:\/\/watchdeluxe.it\/es\/wp-json\/wp\/v2\/product\/71168","targetHints":{"allow":["GET"]}}],"collection":[{"href":"https:\/\/watchdeluxe.it\/es\/wp-json\/wp\/v2\/product"}],"about":[{"href":"https:\/\/watchdeluxe.it\/es\/wp-json\/wp\/v2\/types\/product"}],"wp:featuredmedia":[{"embeddable":true,"href":"https:\/\/watchdeluxe.it\/es\/wp-json\/wp\/v2\/media\/25126"}],"wp:attachment":[{"href":"https:\/\/watchdeluxe.it\/es\/wp-json\/wp\/v2\/media?parent=71168"}],"wp:term":[{"taxonomy":"product_brand","embeddable":true,"href":"https:\/\/watchdeluxe.it\/es\/wp-json\/wp\/v2\/product_brand?post=71168"},{"taxonomy":"product_cat","embeddable":true,"href":"https:\/\/watchdeluxe.it\/es\/wp-json\/wp\/v2\/product_cat?post=71168"},{"taxonomy":"product_tag","embeddable":true,"href":"https:\/\/watchdeluxe.it\/es\/wp-json\/wp\/v2\/product_tag?post=71168"},{"taxonomy":"berocket_brand","embeddable":true,"href":"https:\/\/watchdeluxe.it\/es\/wp-json\/wp\/v2\/berocket_brand?post=71168"},{"taxonomy":"woo-feed-brand","embeddable":true,"href":"https:\/\/watchdeluxe.it\/es\/wp-json\/wp\/v2\/woo-feed-brand?post=71168"}],"curies":[{"name":"wp","href":"https:\/\/api.w.org\/{rel}","templated":true}]}}