{"id":71048,"date":"2023-03-20T13:51:48","date_gmt":"2023-03-20T12:51:48","guid":{"rendered":"https:\/\/watchdeluxe.it\/prodotto\/pluma-estilografica-montblanc-starwalker-extreme-acero-ref-111037\/"},"modified":"2026-04-08T15:25:14","modified_gmt":"2026-04-08T13:25:14","slug":"montblanc-pluma-estilografica-starwalker-extreme-steel-ref-111037","status":"publish","type":"product","link":"https:\/\/watchdeluxe.it\/es\/prodotto\/montblanc-pluma-estilografica-starwalker-extreme-steel-ref-111037\/","title":{"rendered":"Estilogr\u00e1fica Montblanc StarWalker Extreme Steel ref. 111037"},"content":{"rendered":"<div>\n<p>La elegancia y la juventud se unen. En sus l\u00edneas sobrias pero cautivadoras, en la finura de la escritura y en la libertad que inspiran estos instrumentos de escritura, siempre listos para servir de forma excelente con estilo, elegancia y clase. Para aut\u00e9nticos viajeros de las estrellas. FICHA T\u00c9CNICA Referencia: 111037 Marca: Montblanc Modelo: StarWalker Extreme Steel Material: resina Tipo: estilogr\u00e1fica Recambio: negro, rojo, azul, verde, naranja, violeta, celeste<\/p>\n<\/div>\n","protected":false},"excerpt":{"rendered":"<p>La elegancia y la juventud se unen. En sus l\u00edneas sobrias pero cautivadoras, en la finura de la escritura y en la libertad que inspiran estos instrumentos de escritura, siempre listos para servir de forma excelente con estilo, elegancia y clase. Para aut\u00e9nticos viajeros de las estrellas. FICHA T\u00c9CNICA Referencia: 111037 Marca: Montblanc Modelo: StarWalker [&hellip;]<\/p>\n","protected":false},"featured_media":17909,"template":"","meta":{"_crdt_document":"","advanced_seo_description":"","jetpack_seo_html_title":"","jetpack_seo_noindex":false},"product_brand":[],"product_cat":[2247],"product_tag":[2258],"berocket_brand":[],"woo-feed-brand":[],"class_list":{"0":"post-71048","1":"product","2":"type-product","3":"status-publish","4":"has-post-thumbnail","6":"product_cat-montblanc-es","7":"product_tag-boligrafos","9":"first","10":"instock","11":"sale","12":"taxable","13":"shipping-taxable","14":"purchasable","15":"product-type-simple"},"bundled_by":[],"bundle_stock_status":"instock","bundle_stock_quantity":1,"bundle_virtual":false,"bundle_layout":"","bundle_add_to_cart_form_location":"","bundle_editable_in_cart":false,"bundle_sold_individually_context":"","bundle_item_grouping":"","bundle_min_size":"","bundle_max_size":"","bundle_price":[],"bundled_items":[],"bundle_sell_ids":[],"group_of_quantity":0,"min_quantity":0,"max_quantity":"","exclude_order_quantity_value_rules":"no","exclude_category_quantity_rules":"no","combine_variations":"no","jetpack_sharing_enabled":true,"jetpack_likes_enabled":true,"_links":{"self":[{"href":"https:\/\/watchdeluxe.it\/es\/wp-json\/wp\/v2\/product\/71048","targetHints":{"allow":["GET"]}}],"collection":[{"href":"https:\/\/watchdeluxe.it\/es\/wp-json\/wp\/v2\/product"}],"about":[{"href":"https:\/\/watchdeluxe.it\/es\/wp-json\/wp\/v2\/types\/product"}],"wp:featuredmedia":[{"embeddable":true,"href":"https:\/\/watchdeluxe.it\/es\/wp-json\/wp\/v2\/media\/17909"}],"wp:attachment":[{"href":"https:\/\/watchdeluxe.it\/es\/wp-json\/wp\/v2\/media?parent=71048"}],"wp:term":[{"taxonomy":"product_brand","embeddable":true,"href":"https:\/\/watchdeluxe.it\/es\/wp-json\/wp\/v2\/product_brand?post=71048"},{"taxonomy":"product_cat","embeddable":true,"href":"https:\/\/watchdeluxe.it\/es\/wp-json\/wp\/v2\/product_cat?post=71048"},{"taxonomy":"product_tag","embeddable":true,"href":"https:\/\/watchdeluxe.it\/es\/wp-json\/wp\/v2\/product_tag?post=71048"},{"taxonomy":"berocket_brand","embeddable":true,"href":"https:\/\/watchdeluxe.it\/es\/wp-json\/wp\/v2\/berocket_brand?post=71048"},{"taxonomy":"woo-feed-brand","embeddable":true,"href":"https:\/\/watchdeluxe.it\/es\/wp-json\/wp\/v2\/woo-feed-brand?post=71048"}],"curies":[{"name":"wp","href":"https:\/\/api.w.org\/{rel}","templated":true}]}}