{"id":70935,"date":"2023-03-20T13:52:02","date_gmt":"2023-03-20T12:52:02","guid":{"rendered":"https:\/\/watchdeluxe.it\/prodotto\/boligrafo-roller-montblanc-ref-109354\/"},"modified":"2026-04-08T15:24:00","modified_gmt":"2026-04-08T13:24:00","slug":"penna-roller-montblanc-ref-109354","status":"publish","type":"product","link":"https:\/\/watchdeluxe.it\/es\/prodotto\/penna-roller-montblanc-ref-109354\/","title":{"rendered":"Montblanc bol\u00edgrafo roller ref. 109354"},"content":{"rendered":"<p>Un aut\u00e9ntico bol\u00edgrafo roller Montblanc fabricado en preciosa resina negra. Este bol\u00edgrafo Montblanc presenta un clip chapado en platino, tres anillos y la parte superior del capuch\u00f3n, el emblema Montblanc y un zafiro azul en el capuch\u00f3n. Se entrega en una caja Montblanc. Bol\u00edgrafo roller Montblanc Meisterstuck Signature for Good Classique 109354<\/p>\n<p>Tipolog\u00eda: Bol\u00edgrafo Roller<br \/>\nDi\u00e1metro: 11 mm<br \/>\nLongitud: 13,8 cm<\/p>\n","protected":false},"excerpt":{"rendered":"<p>Un aut\u00e9ntico bol\u00edgrafo roller Montblanc fabricado en preciosa resina negra. Este bol\u00edgrafo Montblanc presenta un clip chapado en platino, tres anillos y la parte superior del capuch\u00f3n, el emblema Montblanc y un zafiro azul en el capuch\u00f3n. Se entrega en una caja Montblanc. Bol\u00edgrafo roller Montblanc Meisterstuck Signature for Good Classique 109354 Tipolog\u00eda: Bol\u00edgrafo Roller [&hellip;]<\/p>\n","protected":false},"featured_media":25097,"template":"","meta":{"_crdt_document":"","advanced_seo_description":"","jetpack_seo_html_title":"","jetpack_seo_noindex":false},"product_brand":[],"product_cat":[2247],"product_tag":[2258],"berocket_brand":[],"woo-feed-brand":[],"class_list":{"0":"post-70935","1":"product","2":"type-product","3":"status-publish","4":"has-post-thumbnail","6":"product_cat-montblanc-es","7":"product_tag-boligrafos","9":"first","10":"instock","11":"sale","12":"taxable","13":"shipping-taxable","14":"purchasable","15":"product-type-simple"},"bundled_by":[],"bundle_stock_status":"instock","bundle_stock_quantity":1,"bundle_virtual":false,"bundle_layout":"","bundle_add_to_cart_form_location":"","bundle_editable_in_cart":false,"bundle_sold_individually_context":"","bundle_item_grouping":"","bundle_min_size":"","bundle_max_size":"","bundle_price":[],"bundled_items":[],"bundle_sell_ids":[],"group_of_quantity":0,"min_quantity":0,"max_quantity":"","exclude_order_quantity_value_rules":"no","exclude_category_quantity_rules":"no","combine_variations":"no","jetpack_sharing_enabled":true,"jetpack_likes_enabled":true,"_links":{"self":[{"href":"https:\/\/watchdeluxe.it\/es\/wp-json\/wp\/v2\/product\/70935","targetHints":{"allow":["GET"]}}],"collection":[{"href":"https:\/\/watchdeluxe.it\/es\/wp-json\/wp\/v2\/product"}],"about":[{"href":"https:\/\/watchdeluxe.it\/es\/wp-json\/wp\/v2\/types\/product"}],"wp:featuredmedia":[{"embeddable":true,"href":"https:\/\/watchdeluxe.it\/es\/wp-json\/wp\/v2\/media\/25097"}],"wp:attachment":[{"href":"https:\/\/watchdeluxe.it\/es\/wp-json\/wp\/v2\/media?parent=70935"}],"wp:term":[{"taxonomy":"product_brand","embeddable":true,"href":"https:\/\/watchdeluxe.it\/es\/wp-json\/wp\/v2\/product_brand?post=70935"},{"taxonomy":"product_cat","embeddable":true,"href":"https:\/\/watchdeluxe.it\/es\/wp-json\/wp\/v2\/product_cat?post=70935"},{"taxonomy":"product_tag","embeddable":true,"href":"https:\/\/watchdeluxe.it\/es\/wp-json\/wp\/v2\/product_tag?post=70935"},{"taxonomy":"berocket_brand","embeddable":true,"href":"https:\/\/watchdeluxe.it\/es\/wp-json\/wp\/v2\/berocket_brand?post=70935"},{"taxonomy":"woo-feed-brand","embeddable":true,"href":"https:\/\/watchdeluxe.it\/es\/wp-json\/wp\/v2\/woo-feed-brand?post=70935"}],"curies":[{"name":"wp","href":"https:\/\/api.w.org\/{rel}","templated":true}]}}