{"id":70920,"date":"2023-03-20T13:52:05","date_gmt":"2023-03-20T12:52:05","guid":{"rendered":"https:\/\/watchdeluxe.it\/prodotto\/montblanc-146-meisterstuck-le-grand-pluma-estilografica-ref-13661\/"},"modified":"2026-01-21T17:17:34","modified_gmt":"2026-01-21T16:17:34","slug":"montblanc-146-meisterstuck-le-grand-fountain-pen-ref-13661","status":"publish","type":"product","link":"https:\/\/watchdeluxe.it\/es\/prodotto\/montblanc-146-meisterstuck-le-grand-fountain-pen-ref-13661\/","title":{"rendered":"Montblanc 146 Meisterst\u00fcck Le Grand Pluma Estilogr\u00e1fica &#8211; ref. 13661"},"content":{"rendered":"<div>\n<p>Talla<strong>:B<\/strong><\/p>\n<p>La obra maestra de Legrand en preciosa resina negra con elementos chapados en oro, emblema Mont Blanc blanco y una pluma especial Gold es uno de los productos m\u00e1s populares de Mont Blanc.<\/p>\n<\/div>\n<ul>\n<li>Mont Blanc 13661<\/li>\n<li>Le Grand Line &#8211; Pluma estilogr\u00e1fica de oro negro<\/li>\n<li>146 &#8211; Pluma estilogr\u00e1fica<\/li>\n<\/ul>\n","protected":false},"excerpt":{"rendered":"<p>Talla:B La obra maestra de Legrand en preciosa resina negra con elementos chapados en oro, emblema Mont Blanc blanco y una pluma especial Gold es uno de los productos m\u00e1s populares de Mont Blanc. Mont Blanc 13661 Le Grand Line &#8211; Pluma estilogr\u00e1fica de oro negro 146 &#8211; Pluma estilogr\u00e1fica<\/p>\n","protected":false},"featured_media":60746,"template":"","meta":{"_crdt_document":"","advanced_seo_description":"","jetpack_seo_html_title":"","jetpack_seo_noindex":false,"jetpack_post_was_ever_published":false},"product_brand":[],"product_cat":[2247],"product_tag":[2258],"berocket_brand":[],"woo-feed-brand":[],"class_list":{"0":"post-70920","1":"product","2":"type-product","3":"status-publish","4":"has-post-thumbnail","6":"product_cat-montblanc-es","7":"product_tag-boligrafos","9":"first","10":"instock","11":"sale","12":"taxable","13":"shipping-taxable","14":"purchasable","15":"product-type-simple"},"bundled_by":[],"bundle_stock_status":"instock","bundle_stock_quantity":1,"bundle_virtual":false,"bundle_layout":"","bundle_add_to_cart_form_location":"","bundle_editable_in_cart":false,"bundle_sold_individually_context":"","bundle_item_grouping":"","bundle_min_size":"","bundle_max_size":"","bundle_price":[],"bundled_items":[],"bundle_sell_ids":[],"group_of_quantity":0,"min_quantity":0,"max_quantity":"","exclude_order_quantity_value_rules":"no","exclude_category_quantity_rules":"no","combine_variations":"no","exclude_global_add_ons":[],"addons":[],"jetpack_sharing_enabled":true,"jetpack_likes_enabled":true,"_links":{"self":[{"href":"https:\/\/watchdeluxe.it\/es\/wp-json\/wp\/v2\/product\/70920","targetHints":{"allow":["GET"]}}],"collection":[{"href":"https:\/\/watchdeluxe.it\/es\/wp-json\/wp\/v2\/product"}],"about":[{"href":"https:\/\/watchdeluxe.it\/es\/wp-json\/wp\/v2\/types\/product"}],"wp:featuredmedia":[{"embeddable":true,"href":"https:\/\/watchdeluxe.it\/es\/wp-json\/wp\/v2\/media\/60746"}],"wp:attachment":[{"href":"https:\/\/watchdeluxe.it\/es\/wp-json\/wp\/v2\/media?parent=70920"}],"wp:term":[{"taxonomy":"product_brand","embeddable":true,"href":"https:\/\/watchdeluxe.it\/es\/wp-json\/wp\/v2\/product_brand?post=70920"},{"taxonomy":"product_cat","embeddable":true,"href":"https:\/\/watchdeluxe.it\/es\/wp-json\/wp\/v2\/product_cat?post=70920"},{"taxonomy":"product_tag","embeddable":true,"href":"https:\/\/watchdeluxe.it\/es\/wp-json\/wp\/v2\/product_tag?post=70920"},{"taxonomy":"berocket_brand","embeddable":true,"href":"https:\/\/watchdeluxe.it\/es\/wp-json\/wp\/v2\/berocket_brand?post=70920"},{"taxonomy":"woo-feed-brand","embeddable":true,"href":"https:\/\/watchdeluxe.it\/es\/wp-json\/wp\/v2\/woo-feed-brand?post=70920"}],"curies":[{"name":"wp","href":"https:\/\/api.w.org\/{rel}","templated":true}]}}