{"id":70878,"date":"2023-03-20T13:52:28","date_gmt":"2023-03-20T12:52:28","guid":{"rendered":"https:\/\/watchdeluxe.it\/prodotto\/masterpiece-montblanc-rollerball-162-resina-edicion-90-anos-111068\/"},"modified":"2026-04-07T11:52:32","modified_gmt":"2026-04-07T09:52:32","slug":"capolavoro-montblanc-rollerball-162-resina-edizione-90-anni-111068","status":"publish","type":"product","link":"https:\/\/watchdeluxe.it\/es\/prodotto\/capolavoro-montblanc-rollerball-162-resina-edizione-90-anni-111068\/","title":{"rendered":"Masterpiece Montblanc Rollerball 162 Resina &#8211; Edici\u00f3n 90 A\u00f1os 111068"},"content":{"rendered":"<div>\n<p>Esta pluma Meisterstuck le Grand forma parte de la edici\u00f3n del 90 aniversario de la colecci\u00f3n Meisterst\u00fcck. Se trata de una pluma de edici\u00f3n especial con un acabado chapado en oro rosa. La pluma se entrega con una caja especial Edici\u00f3n 90 Aniversario.<\/p>\n<\/div>\n<ul>\n<li>Tipo: Bol\u00edgrafo Rollerball<\/li>\n<li>Di\u00e1metro: 13 mm<\/li>\n<li>Longitud: 14,6 cm<\/li>\n<\/ul>\n","protected":false},"excerpt":{"rendered":"<p>Esta pluma Meisterstuck le Grand forma parte de la edici\u00f3n del 90 aniversario de la colecci\u00f3n Meisterst\u00fcck. Se trata de una pluma de edici\u00f3n especial con un acabado chapado en oro rosa. La pluma se entrega con una caja especial Edici\u00f3n 90 Aniversario. Tipo: Bol\u00edgrafo Rollerball Di\u00e1metro: 13 mm Longitud: 14,6 cm<\/p>\n","protected":false},"featured_media":169411,"template":"","meta":{"_crdt_document":"","advanced_seo_description":"","jetpack_seo_html_title":"","jetpack_seo_noindex":false},"product_brand":[],"product_cat":[2247],"product_tag":[2258],"berocket_brand":[],"woo-feed-brand":[],"class_list":{"0":"post-70878","1":"product","2":"type-product","3":"status-publish","4":"has-post-thumbnail","6":"product_cat-montblanc-es","7":"product_tag-boligrafos","9":"first","10":"instock","11":"sale","12":"taxable","13":"shipping-taxable","14":"purchasable","15":"product-type-simple"},"bundled_by":[],"bundle_stock_status":"instock","bundle_stock_quantity":1,"bundle_virtual":false,"bundle_layout":"","bundle_add_to_cart_form_location":"","bundle_editable_in_cart":false,"bundle_sold_individually_context":"","bundle_item_grouping":"","bundle_min_size":"","bundle_max_size":"","bundle_price":[],"bundled_items":[],"bundle_sell_ids":[],"group_of_quantity":0,"min_quantity":0,"max_quantity":"","exclude_order_quantity_value_rules":"no","exclude_category_quantity_rules":"no","combine_variations":"no","jetpack_sharing_enabled":true,"jetpack_likes_enabled":true,"_links":{"self":[{"href":"https:\/\/watchdeluxe.it\/es\/wp-json\/wp\/v2\/product\/70878","targetHints":{"allow":["GET"]}}],"collection":[{"href":"https:\/\/watchdeluxe.it\/es\/wp-json\/wp\/v2\/product"}],"about":[{"href":"https:\/\/watchdeluxe.it\/es\/wp-json\/wp\/v2\/types\/product"}],"wp:featuredmedia":[{"embeddable":true,"href":"https:\/\/watchdeluxe.it\/es\/wp-json\/wp\/v2\/media\/169411"}],"wp:attachment":[{"href":"https:\/\/watchdeluxe.it\/es\/wp-json\/wp\/v2\/media?parent=70878"}],"wp:term":[{"taxonomy":"product_brand","embeddable":true,"href":"https:\/\/watchdeluxe.it\/es\/wp-json\/wp\/v2\/product_brand?post=70878"},{"taxonomy":"product_cat","embeddable":true,"href":"https:\/\/watchdeluxe.it\/es\/wp-json\/wp\/v2\/product_cat?post=70878"},{"taxonomy":"product_tag","embeddable":true,"href":"https:\/\/watchdeluxe.it\/es\/wp-json\/wp\/v2\/product_tag?post=70878"},{"taxonomy":"berocket_brand","embeddable":true,"href":"https:\/\/watchdeluxe.it\/es\/wp-json\/wp\/v2\/berocket_brand?post=70878"},{"taxonomy":"woo-feed-brand","embeddable":true,"href":"https:\/\/watchdeluxe.it\/es\/wp-json\/wp\/v2\/woo-feed-brand?post=70878"}],"curies":[{"name":"wp","href":"https:\/\/api.w.org\/{rel}","templated":true}]}}