{"id":70845,"date":"2023-03-20T13:52:51","date_gmt":"2023-03-20T12:52:51","guid":{"rendered":"https:\/\/watchdeluxe.it\/prodotto\/montblanc-meisterstuck-tarjetero-12-centimetros-negro-ref-2665\/"},"modified":"2026-04-14T14:05:18","modified_gmt":"2026-04-14T12:05:18","slug":"montblanc-meisterstuck-porta-tarjetas-de-credito-12-centimetros-negro-ref-2665","status":"publish","type":"product","link":"https:\/\/watchdeluxe.it\/es\/prodotto\/montblanc-meisterstuck-porta-tarjetas-de-credito-12-centimetros-negro-ref-2665\/","title":{"rendered":"Tarjetero Montblanc Meisterst\u00fcck 12 cm negro ref. 2665"},"content":{"rendered":"<div>\n<p>4 bolsillos para tarjetas de cr\u00e9dito + 3 bolsillos adicionales + bolsillo extra\u00edble a la vista para tarjeta de identificaci\u00f3nMONTBLANC ESTUCHE DE 4 BOLSILLOS MEISTERSTUCK PORTA TARJETAS DE CR\u00c9DITO DE BOLSILLO 2665El estuche de bolsillo para tarjetas de cr\u00e9dito Meisterst\u00fcck est\u00e1 fabricado en piel de vacuno plena flor con un exclusivo efecto brillante Montblanc. Una creaci\u00f3n de la Colecci\u00f3n Meisterst\u00fcck, este lujoso tarjetero de bolsillo negro para hombre representa la tradici\u00f3n hist\u00f3rica de la artesan\u00eda, con la piel m\u00e1s fina y el emblema Montblanc con anillo acabado en paladio. Este tarjetero de bolsillo, peque\u00f1o pero funcional, tiene 4 ranuras para tarjetas de cr\u00e9dito, 3 bolsillos adicionales y un bolsillo transparente extra\u00edble para el DNI para guardar sus documentos m\u00e1s importantes. Sus dimensiones compactas de 9 x 12 cm lo convierten en el compa\u00f1ero perfecto para el d\u00eda a d\u00eda.Ident : 2665Color : NegroOrganizaci\u00f3n interior : 4 bolsillos para tarjetas de cr\u00e9dito, 3 bolsillos adicionalesDimensiones : 9 x 12 cm<\/p>\n<\/div>\n<ul>\n<li>tarjetero<\/li>\n<li>piel<\/li>\n<li>montblanc<\/li>\n<\/ul>\n","protected":false},"excerpt":{"rendered":"<p>4 bolsillos para tarjetas de cr\u00e9dito + 3 bolsillos adicionales + bolsillo extra\u00edble a la vista para tarjeta de identificaci\u00f3nMONTBLANC ESTUCHE DE 4 BOLSILLOS MEISTERSTUCK PORTA TARJETAS DE CR\u00c9DITO DE BOLSILLO 2665El estuche de bolsillo para tarjetas de cr\u00e9dito Meisterst\u00fcck est\u00e1 fabricado en piel de vacuno plena flor con un exclusivo efecto brillante Montblanc. Una [&hellip;]<\/p>\n","protected":false},"featured_media":174689,"template":"","meta":{"_crdt_document":"","advanced_seo_description":"","jetpack_seo_html_title":"","jetpack_seo_noindex":false},"product_brand":[],"product_cat":[2247],"product_tag":[2351],"berocket_brand":[],"woo-feed-brand":[],"class_list":{"0":"post-70845","1":"product","2":"type-product","3":"status-publish","4":"has-post-thumbnail","6":"product_cat-montblanc-es","7":"product_tag-cartera","9":"first","10":"instock","11":"sale","12":"taxable","13":"shipping-taxable","14":"purchasable","15":"product-type-simple"},"bundled_by":[],"bundle_stock_status":"instock","bundle_stock_quantity":1,"bundle_virtual":false,"bundle_layout":"","bundle_add_to_cart_form_location":"","bundle_editable_in_cart":false,"bundle_sold_individually_context":"","bundle_item_grouping":"","bundle_min_size":"","bundle_max_size":"","bundle_price":[],"bundled_items":[],"bundle_sell_ids":[],"group_of_quantity":0,"min_quantity":0,"max_quantity":"","exclude_order_quantity_value_rules":"no","exclude_category_quantity_rules":"no","combine_variations":"no","jetpack_sharing_enabled":true,"jetpack_likes_enabled":true,"_links":{"self":[{"href":"https:\/\/watchdeluxe.it\/es\/wp-json\/wp\/v2\/product\/70845","targetHints":{"allow":["GET"]}}],"collection":[{"href":"https:\/\/watchdeluxe.it\/es\/wp-json\/wp\/v2\/product"}],"about":[{"href":"https:\/\/watchdeluxe.it\/es\/wp-json\/wp\/v2\/types\/product"}],"wp:featuredmedia":[{"embeddable":true,"href":"https:\/\/watchdeluxe.it\/es\/wp-json\/wp\/v2\/media\/174689"}],"wp:attachment":[{"href":"https:\/\/watchdeluxe.it\/es\/wp-json\/wp\/v2\/media?parent=70845"}],"wp:term":[{"taxonomy":"product_brand","embeddable":true,"href":"https:\/\/watchdeluxe.it\/es\/wp-json\/wp\/v2\/product_brand?post=70845"},{"taxonomy":"product_cat","embeddable":true,"href":"https:\/\/watchdeluxe.it\/es\/wp-json\/wp\/v2\/product_cat?post=70845"},{"taxonomy":"product_tag","embeddable":true,"href":"https:\/\/watchdeluxe.it\/es\/wp-json\/wp\/v2\/product_tag?post=70845"},{"taxonomy":"berocket_brand","embeddable":true,"href":"https:\/\/watchdeluxe.it\/es\/wp-json\/wp\/v2\/berocket_brand?post=70845"},{"taxonomy":"woo-feed-brand","embeddable":true,"href":"https:\/\/watchdeluxe.it\/es\/wp-json\/wp\/v2\/woo-feed-brand?post=70845"}],"curies":[{"name":"wp","href":"https:\/\/api.w.org\/{rel}","templated":true}]}}