{"id":70669,"date":"2023-03-17T16:23:27","date_gmt":"2023-03-17T15:23:27","guid":{"rendered":"https:\/\/watchdeluxe.it\/prodotto\/iwc-cronografo-portugieser-ref-iw371604\/"},"modified":"2026-04-06T05:06:09","modified_gmt":"2026-04-06T03:06:09","slug":"iwc-chronograph-portugieser-ref-iw371604","status":"publish","type":"product","link":"https:\/\/watchdeluxe.it\/es\/prodotto\/iwc-chronograph-portugieser-ref-iw371604\/","title":{"rendered":"IWC Portugieser Chronograph ref. IW371604"},"content":{"rendered":"<div class=\"iwc-product-text\" data-mce-fragment=\"1\">\n<h3 class=\"iwc-product-information-wide iwc-product-information-title\" data-mce-fragment=\"1\">Caso<\/h3>\n<ul class=\"iwc-product-information-details expanded\" role=\"list\" data-toggle-id=\"showDetails0\" data-mce-fragment=\"1\">\n<li class=\"iwc-product-detail-item\" role=\"listitem\" data-mce-fragment=\"1\">Caja de acero<\/li>\n<li class=\"iwc-product-detail-item\" role=\"listitem\" data-mce-fragment=\"1\">Di\u00e1metro 41,0 <span class=\"iwc-unit-small\" data-mce-fragment=\"1\"> mm <\/span> <\/li>\n<li class=\"iwc-product-detail-item\" role=\"listitem\" data-mce-fragment=\"1\">Grosor 13,0 <span class=\"iwc-unit-small\" data-mce-fragment=\"1\"> mm <\/span> <\/li>\n<li class=\"iwc-product-detail-item\" role=\"listitem\" data-mce-fragment=\"1\">Fondo de cristal de zafiro transparente<\/li>\n<li class=\"iwc-product-detail-item\" data-mce-fragment=\"1\">Estanqueidad 3 bar<\/li>\n<\/ul>\n<\/div>\n<div class=\"iwc-product-text\" data-mce-fragment=\"1\">\n<h3 class=\"iwc-product-information-wide iwc-product-information-title\" data-mce-fragment=\"1\">IWC Portugieser Chronograph ref. IW371604<\/h3>\n<h3 class=\"iwc-product-information-wide iwc-product-information-title\" data-mce-fragment=\"1\">Movimiento<\/h3>\n<ul class=\"iwc-product-information-details\" role=\"list\" data-toggle-id=\"showDetails2\" data-mce-fragment=\"1\">\n<li class=\"iwc-product-detail-item\" role=\"listitem\" data-mce-fragment=\"1\">69355 Man\u00f3metro<\/li>\n<li class=\"iwc-product-detail-item\" role=\"listitem\" data-mce-fragment=\"1\">Movimiento fabricado por IWC<\/li>\n<li class=\"iwc-product-detail-item\" role=\"listitem\" data-mce-fragment=\"1\">Carga autom\u00e1tica<\/li>\n<li class=\"iwc-product-detail-item\" role=\"listitem\" data-mce-fragment=\"1\">46 horas de duraci\u00f3n<\/li>\n<li class=\"iwc-product-detail-item\" role=\"listitem\" data-mce-fragment=\"1\">Frecuencia 28800,0 A\/h (4,0 Hz)<\/li>\n<li class=\"iwc-product-detail-item\" role=\"listitem\" data-mce-fragment=\"1\">194 Componentes<\/li>\n<li class=\"iwc-product-detail-item\" role=\"listitem\" data-mce-fragment=\"1\">27 Rub\u00edes<\/li>\n<li class=\"iwc-product-detail-item\" role=\"listitem\" data-mce-fragment=\"1\">C\u00f4tes de Gen\u00e8ve, perlage<\/li>\n<\/ul>\n<\/div>\n<div class=\"iwc-product-text\" data-mce-fragment=\"1\">\n<h3 class=\"iwc-product-information-wide iwc-product-information-title\" data-mce-fragment=\"1\">CARACTER\u00cdSTICAS<\/h3>\n<ul class=\"iwc-product-information-details\" role=\"list\" data-toggle-id=\"showDetails1\" data-mce-fragment=\"1\">\n<li class=\"iwc-product-detail-item\" role=\"listitem\" data-mce-fragment=\"1\">Funci\u00f3n de cron\u00f3grafo para minutos y segundos<\/li>\n<li class=\"iwc-product-detail-item\" role=\"listitem\" data-mce-fragment=\"1\">Cristal de zafiro, convexo, antirreflejos por ambas caras<\/li>\n<li class=\"iwc-product-detail-item\" role=\"listitem\" data-mce-fragment=\"1\">Segundero peque\u00f1o con dispositivo de parada<\/li>\n<\/ul>\n<\/div>\n<div class=\"iwc-product-text\" data-mce-fragment=\"1\">\n<h3 class=\"iwc-product-information-wide iwc-product-information-title\" data-mce-fragment=\"1\">Marque<\/h3>\n<ul class=\"iwc-product-information-details\" role=\"list\" data-toggle-id=\"showDetails4\" data-mce-fragment=\"1\">\n<li class=\"iwc-product-detail-item\" role=\"listitem\" data-mce-fragment=\"1\">Argent\u00e9<\/li>\n<\/ul>\n<\/div>\n<div class=\"iwc-product-text\" data-mce-fragment=\"1\">\n<h3 class=\"iwc-product-information-wide iwc-product-information-title\" data-mce-fragment=\"1\">Correa<\/h3>\n<ul class=\"iwc-product-information-details\" role=\"list\" data-toggle-id=\"showDetails3\" data-mce-fragment=\"1\">\n<li class=\"iwc-product-detail-item\" role=\"listitem\" data-mce-fragment=\"1\">Correa de piel de caim\u00e1n negra<\/li>\n<li class=\"iwc-product-detail-item\" role=\"listitem\" data-mce-fragment=\"1\">Ancho de la correa 20,0 mm<\/li>\n<\/ul>\n<\/div>\n","protected":false},"excerpt":{"rendered":"<p>Caso Caja de acero Di\u00e1metro 41,0 mm Grosor 13,0 mm Fondo de cristal de zafiro transparente Estanqueidad 3 bar IWC Portugieser Chronograph ref. IW371604 Movimiento 69355 Man\u00f3metro Movimiento fabricado por IWC Carga autom\u00e1tica 46 horas de duraci\u00f3n Frecuencia 28800,0 A\/h (4,0 Hz) 194 Componentes 27 Rub\u00edes C\u00f4tes de Gen\u00e8ve, perlage CARACTER\u00cdSTICAS Funci\u00f3n de cron\u00f3grafo para [&hellip;]<\/p>\n","protected":false},"featured_media":150440,"template":"","meta":{"_crdt_document":"","advanced_seo_description":"","jetpack_seo_html_title":"","jetpack_seo_noindex":false},"product_brand":[],"product_cat":[2237],"product_tag":[2903],"berocket_brand":[],"woo-feed-brand":[],"class_list":{"0":"post-70669","1":"product","2":"type-product","3":"status-publish","4":"has-post-thumbnail","6":"product_cat-cbi","7":"product_tag-portugieser-es","9":"first","10":"instock","11":"sale","12":"taxable","13":"shipping-taxable","14":"purchasable","15":"product-type-simple"},"bundled_by":[],"bundle_stock_status":"instock","bundle_stock_quantity":1,"bundle_virtual":false,"bundle_layout":"","bundle_add_to_cart_form_location":"","bundle_editable_in_cart":false,"bundle_sold_individually_context":"","bundle_item_grouping":"","bundle_min_size":"","bundle_max_size":"","bundle_price":[],"bundled_items":[],"bundle_sell_ids":[],"group_of_quantity":0,"min_quantity":0,"max_quantity":"","exclude_order_quantity_value_rules":"no","exclude_category_quantity_rules":"no","combine_variations":"no","jetpack_sharing_enabled":true,"jetpack_likes_enabled":true,"_links":{"self":[{"href":"https:\/\/watchdeluxe.it\/es\/wp-json\/wp\/v2\/product\/70669","targetHints":{"allow":["GET"]}}],"collection":[{"href":"https:\/\/watchdeluxe.it\/es\/wp-json\/wp\/v2\/product"}],"about":[{"href":"https:\/\/watchdeluxe.it\/es\/wp-json\/wp\/v2\/types\/product"}],"wp:featuredmedia":[{"embeddable":true,"href":"https:\/\/watchdeluxe.it\/es\/wp-json\/wp\/v2\/media\/150440"}],"wp:attachment":[{"href":"https:\/\/watchdeluxe.it\/es\/wp-json\/wp\/v2\/media?parent=70669"}],"wp:term":[{"taxonomy":"product_brand","embeddable":true,"href":"https:\/\/watchdeluxe.it\/es\/wp-json\/wp\/v2\/product_brand?post=70669"},{"taxonomy":"product_cat","embeddable":true,"href":"https:\/\/watchdeluxe.it\/es\/wp-json\/wp\/v2\/product_cat?post=70669"},{"taxonomy":"product_tag","embeddable":true,"href":"https:\/\/watchdeluxe.it\/es\/wp-json\/wp\/v2\/product_tag?post=70669"},{"taxonomy":"berocket_brand","embeddable":true,"href":"https:\/\/watchdeluxe.it\/es\/wp-json\/wp\/v2\/berocket_brand?post=70669"},{"taxonomy":"woo-feed-brand","embeddable":true,"href":"https:\/\/watchdeluxe.it\/es\/wp-json\/wp\/v2\/woo-feed-brand?post=70669"}],"curies":[{"name":"wp","href":"https:\/\/api.w.org\/{rel}","templated":true}]}}