{"id":70466,"date":"2023-03-20T13:54:19","date_gmt":"2023-03-20T12:54:19","guid":{"rendered":"https:\/\/watchdeluxe.it\/prodotto\/reloj-montblanc-heritage-gmt-ref-119949\/"},"modified":"2026-04-06T05:05:40","modified_gmt":"2026-04-06T03:05:40","slug":"reloj-montblanc-heritage-gmt-ref-119949","status":"publish","type":"product","link":"https:\/\/watchdeluxe.it\/es\/prodotto\/reloj-montblanc-heritage-gmt-ref-119949\/","title":{"rendered":"Reloj Montblanc Heritage GMT ref. 119949"},"content":{"rendered":"<table>\n<tbody>\n<tr>\n<td><strong>N\u00famero de oferta<\/strong><\/td>\n<td><span class=\"pointer text-link jq-watch-shortlink\">6QV343<\/span><\/td>\n<\/tr>\n<tr>\n<td><strong>N\u00famero de referencia<\/strong><\/td>\n<td>119949<\/td>\n<\/tr>\n<tr>\n<td><strong>Marca<\/strong><\/td>\n<td>Montblanc<\/td>\n<\/tr>\n<tr>\n<td><strong>Movimiento<\/strong><\/td>\n<td>Autom\u00e1tico<\/td>\n<\/tr>\n<tr>\n<td><strong>Material de la caja<\/strong><\/td>\n<td>Acero<\/td>\n<\/tr>\n<tr>\n<td><strong>Material de la correa<\/strong><\/td>\n<td>Aluminio<\/td>\n<\/tr>\n<tr>\n<td><strong>A\u00f1o<\/strong><\/td>\n<td>2019<\/td>\n<\/tr>\n<tr>\n<td><strong>Estado<\/strong><\/td>\n<td>Nuevo (a estrenar y sin se\u00f1ales de uso)<\/td>\n<\/tr>\n<tr>\n<td><strong>Accesorios<\/strong><\/td>\n<td><i class=\"i-info js-popover text-muted pointer pull-right\"><\/i> Con caja original y documentos originales<\/td>\n<\/tr>\n<tr>\n<td><strong>Sexo<\/strong><\/td>\n<td>Reloj de hombre\/Unisex<\/td>\n<\/tr>\n<tr>\n<td><strong>Ubicaci\u00f3n<\/strong><\/td>\n<td>Italia, Tur\u00edn<\/td>\n<\/tr>\n<\/tbody>\n<tbody>\n<tr>\n<td colspan=\"2\">\n<p class=\"h3 text-left m-b-0\">Calibre<\/p>\n<\/td>\n<\/tr>\n<tr>\n<td><strong>Movimiento<\/strong><\/td>\n<td>Autom\u00e1tico<\/td>\n<\/tr>\n<tr>\n<td><strong>Calibre\/Mecanismo<\/strong><\/td>\n<td>eta 2893<\/td>\n<\/tr>\n<\/tbody>\n<tbody>\n<tr>\n<td colspan=\"2\">\n<p class=\"h3 text-left m-b-0\">Caso<\/p>\n<\/td>\n<\/tr>\n<tr>\n<td><strong>Material de la caja<\/strong><\/td>\n<td>Acero<\/td>\n<\/tr>\n<tr>\n<td><strong>Di\u00e1metro<\/strong><\/td>\n<td>40 mm<\/td>\n<\/tr>\n<\/tbody>\n<tbody>\n<tr>\n<td colspan=\"2\">\n<p class=\"h3 text-left m-b-0\">Correa<\/p>\n<\/td>\n<\/tr>\n<tr>\n<td><strong>Material de la correa<\/strong><\/td>\n<td>Aluminio<\/td>\n<\/tr>\n<tr>\n<td><strong>Color de la correa<\/strong><\/td>\n<td>Acero<\/td>\n<\/tr>\n<tr>\n<td><strong>Cierre<\/strong><\/td>\n<td>Cierre desplegable doble<\/td>\n<\/tr>\n<tr>\n<td><strong>Material del cierre<\/strong><\/td>\n<td>Acero<\/td>\n<\/tr>\n<\/tbody>\n<tbody>\n<tr>\n<td colspan=\"2\">\n<p class=\"h3 text-left m-b-0\">Funciones<\/p>\n<\/td>\n<\/tr>\n<tr>\n<td colspan=\"2\">GMT<\/td>\n<\/tr>\n<\/tbody>\n<\/table>\n","protected":false},"excerpt":{"rendered":"<p>N\u00famero de oferta 6QV343 N\u00famero de referencia 119949 Marca Montblanc Movimiento Autom\u00e1tico Material de la caja Acero Material de la correa Aluminio A\u00f1o 2019 Estado Nuevo (a estrenar y sin se\u00f1ales de uso) Accesorios Con caja original y documentos originales Sexo Reloj de hombre\/Unisex Ubicaci\u00f3n Italia, Tur\u00edn Calibre Movimiento Autom\u00e1tico Calibre\/Mecanismo eta 2893 Caso Material [&hellip;]<\/p>\n","protected":false},"featured_media":148821,"template":"","meta":{"_crdt_document":"","advanced_seo_description":"","jetpack_seo_html_title":"","jetpack_seo_noindex":false},"product_brand":[],"product_cat":[2247],"product_tag":[2461,2904],"berocket_brand":[],"woo-feed-brand":[],"class_list":{"0":"post-70466","1":"product","2":"type-product","3":"status-publish","4":"has-post-thumbnail","6":"product_cat-montblanc-es","7":"product_tag-patrimonio","8":"product_tag-relojes","10":"first","11":"instock","12":"sale","13":"taxable","14":"shipping-taxable","15":"purchasable","16":"product-type-simple"},"bundled_by":[],"bundle_stock_status":"instock","bundle_stock_quantity":1,"bundle_virtual":false,"bundle_layout":"","bundle_add_to_cart_form_location":"","bundle_editable_in_cart":false,"bundle_sold_individually_context":"","bundle_item_grouping":"","bundle_min_size":"","bundle_max_size":"","bundle_price":[],"bundled_items":[],"bundle_sell_ids":[],"group_of_quantity":0,"min_quantity":0,"max_quantity":"","exclude_order_quantity_value_rules":"no","exclude_category_quantity_rules":"no","combine_variations":"no","jetpack_sharing_enabled":true,"jetpack_likes_enabled":true,"_links":{"self":[{"href":"https:\/\/watchdeluxe.it\/es\/wp-json\/wp\/v2\/product\/70466","targetHints":{"allow":["GET"]}}],"collection":[{"href":"https:\/\/watchdeluxe.it\/es\/wp-json\/wp\/v2\/product"}],"about":[{"href":"https:\/\/watchdeluxe.it\/es\/wp-json\/wp\/v2\/types\/product"}],"wp:featuredmedia":[{"embeddable":true,"href":"https:\/\/watchdeluxe.it\/es\/wp-json\/wp\/v2\/media\/148821"}],"wp:attachment":[{"href":"https:\/\/watchdeluxe.it\/es\/wp-json\/wp\/v2\/media?parent=70466"}],"wp:term":[{"taxonomy":"product_brand","embeddable":true,"href":"https:\/\/watchdeluxe.it\/es\/wp-json\/wp\/v2\/product_brand?post=70466"},{"taxonomy":"product_cat","embeddable":true,"href":"https:\/\/watchdeluxe.it\/es\/wp-json\/wp\/v2\/product_cat?post=70466"},{"taxonomy":"product_tag","embeddable":true,"href":"https:\/\/watchdeluxe.it\/es\/wp-json\/wp\/v2\/product_tag?post=70466"},{"taxonomy":"berocket_brand","embeddable":true,"href":"https:\/\/watchdeluxe.it\/es\/wp-json\/wp\/v2\/berocket_brand?post=70466"},{"taxonomy":"woo-feed-brand","embeddable":true,"href":"https:\/\/watchdeluxe.it\/es\/wp-json\/wp\/v2\/woo-feed-brand?post=70466"}],"curies":[{"name":"wp","href":"https:\/\/api.w.org\/{rel}","templated":true}]}}