{"id":69948,"date":"2025-06-19T15:12:09","date_gmt":"2025-06-19T13:12:09","guid":{"rendered":"https:\/\/watchdeluxe.it\/prodotto\/hamilton-khaki-field-auto-ref-h70605193\/"},"modified":"2025-06-19T15:12:18","modified_gmt":"2025-06-19T13:12:18","slug":"hamilton-khaki-field-auto-ref-h70605193","status":"publish","type":"product","link":"https:\/\/watchdeluxe.it\/es\/prodotto\/hamilton-khaki-field-auto-ref-h70605193\/","title":{"rendered":"Hamilton Khaki Field Auto ref. H70605193"},"content":{"rendered":"<p>Hamilton Khaki Field Auto ref. H70605193<\/p>\n<ul>\n<li class=\"col col-1-2-m watch\">\n<h4 aria-level=\"2\">Reloj<\/h4>\n<p>Referencia : H70605193<br \/>\nCalibre : H-10<br \/>\nColecci\u00f3n: Khaki Field<br \/>\nMovimiento : Autom\u00e1tico<br \/>\nDimensiones de la caja: 42 mm<br \/>\nColor de la esfera: Marr\u00f3n<br \/>\nMaterial de la caja : Acero<br \/>\nCristal : Zafiro<br \/>\nAncho del bucle: 22 mm<br \/>\nReserva de marcha : 80 horas de reserva de marcha<br \/>\nResistencia al agua: 10 bares (100 m)<br \/>\nDorso visible : S\u00ed<\/li>\n<li class=\"col col-1-2-m strap\">\n<h4 aria-level=\"2\">Pulsera\/Correa<\/h4>\n<p>Accesorio REF : H605.705.110<br \/>\nTipo de correa : Acero<br \/>\nTipo de hebilla : Hebilla plegable<\/li>\n<\/ul>\n","protected":false},"excerpt":{"rendered":"<p>Hamilton Khaki Field Auto ref. H70605193 Reloj Referencia : H70605193 Calibre : H-10 Colecci\u00f3n: Khaki Field Movimiento : Autom\u00e1tico Dimensiones de la caja: 42 mm Color de la esfera: Marr\u00f3n Material de la caja : Acero Cristal : Zafiro Ancho del bucle: 22 mm Reserva de marcha : 80 horas de reserva de marcha Resistencia [&hellip;]<\/p>\n","protected":false},"featured_media":48662,"template":"","meta":{"_crdt_document":"","advanced_seo_description":"","jetpack_seo_html_title":"","jetpack_seo_noindex":false},"product_brand":[],"product_cat":[2309],"product_tag":[2317],"berocket_brand":[],"woo-feed-brand":[],"class_list":{"0":"post-69948","1":"product","2":"type-product","3":"status-publish","4":"has-post-thumbnail","6":"product_cat-hamilton-es","7":"product_tag-caqui","9":"first","10":"instock","11":"sale","12":"taxable","13":"shipping-taxable","14":"purchasable","15":"product-type-simple"},"bundled_by":[],"bundle_stock_status":"instock","bundle_stock_quantity":1,"bundle_virtual":false,"bundle_layout":"","bundle_add_to_cart_form_location":"","bundle_editable_in_cart":false,"bundle_sold_individually_context":"","bundle_item_grouping":"","bundle_min_size":"","bundle_max_size":"","bundle_price":[],"bundled_items":[],"bundle_sell_ids":[],"group_of_quantity":0,"min_quantity":0,"max_quantity":"","exclude_order_quantity_value_rules":"no","exclude_category_quantity_rules":"no","combine_variations":"no","jetpack_sharing_enabled":true,"jetpack_likes_enabled":true,"_links":{"self":[{"href":"https:\/\/watchdeluxe.it\/es\/wp-json\/wp\/v2\/product\/69948","targetHints":{"allow":["GET"]}}],"collection":[{"href":"https:\/\/watchdeluxe.it\/es\/wp-json\/wp\/v2\/product"}],"about":[{"href":"https:\/\/watchdeluxe.it\/es\/wp-json\/wp\/v2\/types\/product"}],"wp:featuredmedia":[{"embeddable":true,"href":"https:\/\/watchdeluxe.it\/es\/wp-json\/wp\/v2\/media\/48662"}],"wp:attachment":[{"href":"https:\/\/watchdeluxe.it\/es\/wp-json\/wp\/v2\/media?parent=69948"}],"wp:term":[{"taxonomy":"product_brand","embeddable":true,"href":"https:\/\/watchdeluxe.it\/es\/wp-json\/wp\/v2\/product_brand?post=69948"},{"taxonomy":"product_cat","embeddable":true,"href":"https:\/\/watchdeluxe.it\/es\/wp-json\/wp\/v2\/product_cat?post=69948"},{"taxonomy":"product_tag","embeddable":true,"href":"https:\/\/watchdeluxe.it\/es\/wp-json\/wp\/v2\/product_tag?post=69948"},{"taxonomy":"berocket_brand","embeddable":true,"href":"https:\/\/watchdeluxe.it\/es\/wp-json\/wp\/v2\/berocket_brand?post=69948"},{"taxonomy":"woo-feed-brand","embeddable":true,"href":"https:\/\/watchdeluxe.it\/es\/wp-json\/wp\/v2\/woo-feed-brand?post=69948"}],"curies":[{"name":"wp","href":"https:\/\/api.w.org\/{rel}","templated":true}]}}