{"id":69713,"date":"2023-03-17T09:56:33","date_gmt":"2023-03-17T08:56:33","guid":{"rendered":"https:\/\/watchdeluxe.it\/prodotto\/hamilton-american-classic-chrono-matic-50-chrono-edicion-limitada-ref-h51616731\/"},"modified":"2026-04-07T15:35:14","modified_gmt":"2026-04-07T13:35:14","slug":"hamilton-american-classic-chrono-matic-50-auto-chrono-limited-edition-ref-h516731","status":"publish","type":"product","link":"https:\/\/watchdeluxe.it\/es\/prodotto\/hamilton-american-classic-chrono-matic-50-auto-chrono-limited-edition-ref-h516731\/","title":{"rendered":"Hamilton American Classic Chrono-Matic 50 Chrono Edici\u00f3n Limitada ref. H51616731"},"content":{"rendered":"<p>Hamilton American Classic Chrono-Matic 50 Auto Chrono Edici\u00f3n Limitada ref. H51616731<\/p>\n<ul>\n<li class=\"col col-1-2-m watch\">\n<h4>Reloj<\/h4>\n<p>Referencia: H51616731<br \/>Calibre: H-31<br \/>Colecci\u00f3n: American Classic<br \/>Movimiento: Autom\u00e1tico<br \/>Dimensiones de la caja: 48,5 mm x 51,50 mm<br \/>Color de la esfera: Negro<br \/>Material de la caja: Acero<br \/>Cristal: Zafiro<br \/>Anchura de las asas: 22 mm<br \/>Reserva de marcha: 60 horas de reserva de marcha<br \/>Resistencia al agua: 10 bares (100 m)<br \/>Corona roscada: S\u00ed<\/li>\n<li class=\"col col-1-2-m strap\">\n<h4>Pulsera\/Correa<\/h4>\n<p>Referencia del accesorio: H6005161001<br \/>Tipo de correa: Piel de becerro<br \/>Tipo de cierre: Hebilla ardill\u00f3n<br \/>Anchura de la hebilla: 20 mm<\/li>\n<\/ul>\n","protected":false},"excerpt":{"rendered":"<p>Hamilton American Classic Chrono-Matic 50 Auto Chrono Edici\u00f3n Limitada ref. H51616731 Reloj Referencia: H51616731Calibre: H-31Colecci\u00f3n: American ClassicMovimiento: Autom\u00e1ticoDimensiones de la caja: 48,5 mm x 51,50 mmColor de la esfera: NegroMaterial de la caja: AceroCristal: ZafiroAnchura de las asas: 22 mmReserva de marcha: 60 horas de reserva de marchaResistencia al agua: 10 bares (100 m)Corona roscada: [&hellip;]<\/p>\n","protected":false},"featured_media":151344,"template":"","meta":{"_crdt_document":"","advanced_seo_description":"","jetpack_seo_html_title":"","jetpack_seo_noindex":false},"product_brand":[],"product_cat":[2309],"product_tag":[2311],"berocket_brand":[],"woo-feed-brand":[],"class_list":{"0":"post-69713","1":"product","2":"type-product","3":"status-publish","4":"has-post-thumbnail","6":"product_cat-hamilton-es","7":"product_tag-clasico-americano","9":"first","10":"instock","11":"taxable","12":"shipping-taxable","13":"purchasable","14":"product-type-simple"},"bundled_by":[],"bundle_stock_status":"instock","bundle_stock_quantity":1,"bundle_virtual":false,"bundle_layout":"","bundle_add_to_cart_form_location":"","bundle_editable_in_cart":false,"bundle_sold_individually_context":"","bundle_item_grouping":"","bundle_min_size":"","bundle_max_size":"","bundle_price":[],"bundled_items":[],"bundle_sell_ids":[],"group_of_quantity":0,"min_quantity":0,"max_quantity":"","exclude_order_quantity_value_rules":"no","exclude_category_quantity_rules":"no","combine_variations":"no","exclude_global_add_ons":[],"addons":[],"jetpack_sharing_enabled":true,"jetpack_likes_enabled":true,"_links":{"self":[{"href":"https:\/\/watchdeluxe.it\/es\/wp-json\/wp\/v2\/product\/69713","targetHints":{"allow":["GET"]}}],"collection":[{"href":"https:\/\/watchdeluxe.it\/es\/wp-json\/wp\/v2\/product"}],"about":[{"href":"https:\/\/watchdeluxe.it\/es\/wp-json\/wp\/v2\/types\/product"}],"wp:featuredmedia":[{"embeddable":true,"href":"https:\/\/watchdeluxe.it\/es\/wp-json\/wp\/v2\/media\/151344"}],"wp:attachment":[{"href":"https:\/\/watchdeluxe.it\/es\/wp-json\/wp\/v2\/media?parent=69713"}],"wp:term":[{"taxonomy":"product_brand","embeddable":true,"href":"https:\/\/watchdeluxe.it\/es\/wp-json\/wp\/v2\/product_brand?post=69713"},{"taxonomy":"product_cat","embeddable":true,"href":"https:\/\/watchdeluxe.it\/es\/wp-json\/wp\/v2\/product_cat?post=69713"},{"taxonomy":"product_tag","embeddable":true,"href":"https:\/\/watchdeluxe.it\/es\/wp-json\/wp\/v2\/product_tag?post=69713"},{"taxonomy":"berocket_brand","embeddable":true,"href":"https:\/\/watchdeluxe.it\/es\/wp-json\/wp\/v2\/berocket_brand?post=69713"},{"taxonomy":"woo-feed-brand","embeddable":true,"href":"https:\/\/watchdeluxe.it\/es\/wp-json\/wp\/v2\/woo-feed-brand?post=69713"}],"curies":[{"name":"wp","href":"https:\/\/api.w.org\/{rel}","templated":true}]}}