{"id":69486,"date":"2023-03-16T11:37:13","date_gmt":"2023-03-16T10:37:13","guid":{"rendered":"https:\/\/watchdeluxe.it\/prodotto\/hamilton-jazzmaster-chrono-ref-h32596731\/"},"modified":"2026-04-14T17:46:18","modified_gmt":"2026-04-14T15:46:18","slug":"hamilton-jazzmaster-auto-chrono-ref-h32596731","status":"publish","type":"product","link":"https:\/\/watchdeluxe.it\/es\/prodotto\/hamilton-jazzmaster-auto-chrono-ref-h32596731\/","title":{"rendered":"Hamilton Jazzmaster Chrono ref. H32596731"},"content":{"rendered":"<div>\n<p>Hamilton Jazzmaster auto Chrono ref. H32596731<\/p>\n<ul>\n<li class=\"col col-1-2-m watch\">\n<h4 aria-level=\"2\">Reloj<\/h4>\n<p>Referencia : H32596731<br \/>\nCalibre : H-21<br \/>\nColecci\u00f3n: Jazzmaster<br \/>\nMovimiento : Autom\u00e1tico<br \/>\nDimensiones de la caja: 42 mm<br \/>\nColor de la esfera : Negro<br \/>\nMaterial de la caja : Acero<br \/>\nCristal : Zafiro<br \/>\nAncho del bucle: 22 mm<br \/>\nRevestimiento Bronceado : Mineral<br \/>\nReserva de marcha : 60 horas<br \/>\nResistencia al agua: 10 bares (100 m)<br \/>\nAntirreflejos : S\u00ed<br \/>\nDorso visible : S\u00ed<\/li>\n<li class=\"col col-1-2-m strap\">\n<h4 aria-level=\"2\">Pulsera\/Correa<\/h4>\n<p>Accesorio REF : H6003251161<br \/>\nTipo de correa : Piel de becerro<br \/>\nTipo de hebilla : Hebilla de pasador<br \/>\nAncho de la hebilla : 20mm<br \/>\nTop Denotation : Cuero<br \/>\nTop Especies : Ternero<br \/>\nTop Bronceado : Mineral<br \/>\nImitaci\u00f3n superior : Imitaci\u00f3n alig\u00e1tor granulado<br \/>\nEspecie de forro : Becerro<\/li>\n<\/ul>\n<\/div>\n","protected":false},"excerpt":{"rendered":"<p>Hamilton Jazzmaster auto Chrono ref. H32596731 Reloj Referencia : H32596731 Calibre : H-21 Colecci\u00f3n: Jazzmaster Movimiento : Autom\u00e1tico Dimensiones de la caja: 42 mm Color de la esfera : Negro Material de la caja : Acero Cristal : Zafiro Ancho del bucle: 22 mm Revestimiento Bronceado : Mineral Reserva de marcha : 60 horas Resistencia [&hellip;]<\/p>\n","protected":false},"featured_media":175210,"template":"","meta":{"_crdt_document":"","advanced_seo_description":"","jetpack_seo_html_title":"","jetpack_seo_noindex":false},"product_brand":[],"product_cat":[2309],"product_tag":[2601],"berocket_brand":[],"woo-feed-brand":[],"class_list":{"0":"post-69486","1":"product","2":"type-product","3":"status-publish","4":"has-post-thumbnail","6":"product_cat-hamilton-es","7":"product_tag-jazzmaster-es","9":"first","10":"instock","11":"sale","12":"taxable","13":"shipping-taxable","14":"purchasable","15":"product-type-simple"},"bundled_by":[],"bundle_stock_status":"instock","bundle_stock_quantity":1,"bundle_virtual":false,"bundle_layout":"","bundle_add_to_cart_form_location":"","bundle_editable_in_cart":false,"bundle_sold_individually_context":"","bundle_item_grouping":"","bundle_min_size":"","bundle_max_size":"","bundle_price":[],"bundled_items":[],"bundle_sell_ids":[],"group_of_quantity":0,"min_quantity":0,"max_quantity":"","exclude_order_quantity_value_rules":"no","exclude_category_quantity_rules":"no","combine_variations":"no","jetpack_sharing_enabled":true,"jetpack_likes_enabled":true,"_links":{"self":[{"href":"https:\/\/watchdeluxe.it\/es\/wp-json\/wp\/v2\/product\/69486","targetHints":{"allow":["GET"]}}],"collection":[{"href":"https:\/\/watchdeluxe.it\/es\/wp-json\/wp\/v2\/product"}],"about":[{"href":"https:\/\/watchdeluxe.it\/es\/wp-json\/wp\/v2\/types\/product"}],"wp:featuredmedia":[{"embeddable":true,"href":"https:\/\/watchdeluxe.it\/es\/wp-json\/wp\/v2\/media\/175210"}],"wp:attachment":[{"href":"https:\/\/watchdeluxe.it\/es\/wp-json\/wp\/v2\/media?parent=69486"}],"wp:term":[{"taxonomy":"product_brand","embeddable":true,"href":"https:\/\/watchdeluxe.it\/es\/wp-json\/wp\/v2\/product_brand?post=69486"},{"taxonomy":"product_cat","embeddable":true,"href":"https:\/\/watchdeluxe.it\/es\/wp-json\/wp\/v2\/product_cat?post=69486"},{"taxonomy":"product_tag","embeddable":true,"href":"https:\/\/watchdeluxe.it\/es\/wp-json\/wp\/v2\/product_tag?post=69486"},{"taxonomy":"berocket_brand","embeddable":true,"href":"https:\/\/watchdeluxe.it\/es\/wp-json\/wp\/v2\/berocket_brand?post=69486"},{"taxonomy":"woo-feed-brand","embeddable":true,"href":"https:\/\/watchdeluxe.it\/es\/wp-json\/wp\/v2\/woo-feed-brand?post=69486"}],"curies":[{"name":"wp","href":"https:\/\/api.w.org\/{rel}","templated":true}]}}