{"id":69435,"date":"2023-03-16T11:37:06","date_gmt":"2023-03-16T10:37:06","guid":{"rendered":"https:\/\/watchdeluxe.it\/prodotto\/hamilton-jazzmaster-reloj-automatico-blanco-h395154\/"},"modified":"2026-04-11T10:01:55","modified_gmt":"2026-04-11T08:01:55","slug":"hamilton-watch-jazzmaster-blanco-automatico-h395154","status":"publish","type":"product","link":"https:\/\/watchdeluxe.it\/es\/prodotto\/hamilton-watch-jazzmaster-blanco-automatico-h395154\/","title":{"rendered":"Hamilton Jazzmaster Reloj Autom\u00e1tico Blanco H395154"},"content":{"rendered":"<div>\n<p>Hamilton Caqui Nuevo Valiant Autom\u00e1tico H395154<\/p>\n<\/div>\n<ul>\n<li>Como hombre<\/li>\n<li>Anal\u00f3gico<\/li>\n<li>Acero inoxidable<\/li>\n<li>Autom\u00e1tico suizo<\/li>\n<li>Fecha<\/li>\n<\/ul>\n","protected":false},"excerpt":{"rendered":"<p>Hamilton Caqui Nuevo Valiant Autom\u00e1tico H395154 Como hombre Anal\u00f3gico Acero inoxidable Autom\u00e1tico suizo Fecha<\/p>\n","protected":false},"featured_media":172831,"template":"","meta":{"_crdt_document":"","advanced_seo_description":"","jetpack_seo_html_title":"","jetpack_seo_noindex":false},"product_brand":[],"product_cat":[2309],"product_tag":[2601],"berocket_brand":[],"woo-feed-brand":[],"class_list":{"0":"post-69435","1":"product","2":"type-product","3":"status-publish","4":"has-post-thumbnail","6":"product_cat-hamilton-es","7":"product_tag-jazzmaster-es","9":"first","10":"instock","11":"sale","12":"taxable","13":"shipping-taxable","14":"purchasable","15":"product-type-simple"},"bundled_by":[],"bundle_stock_status":"instock","bundle_stock_quantity":1,"bundle_virtual":false,"bundle_layout":"","bundle_add_to_cart_form_location":"","bundle_editable_in_cart":false,"bundle_sold_individually_context":"","bundle_item_grouping":"","bundle_min_size":"","bundle_max_size":"","bundle_price":[],"bundled_items":[],"bundle_sell_ids":[],"group_of_quantity":0,"min_quantity":0,"max_quantity":"","exclude_order_quantity_value_rules":"no","exclude_category_quantity_rules":"no","combine_variations":"no","jetpack_sharing_enabled":true,"jetpack_likes_enabled":true,"_links":{"self":[{"href":"https:\/\/watchdeluxe.it\/es\/wp-json\/wp\/v2\/product\/69435","targetHints":{"allow":["GET"]}}],"collection":[{"href":"https:\/\/watchdeluxe.it\/es\/wp-json\/wp\/v2\/product"}],"about":[{"href":"https:\/\/watchdeluxe.it\/es\/wp-json\/wp\/v2\/types\/product"}],"wp:featuredmedia":[{"embeddable":true,"href":"https:\/\/watchdeluxe.it\/es\/wp-json\/wp\/v2\/media\/172831"}],"wp:attachment":[{"href":"https:\/\/watchdeluxe.it\/es\/wp-json\/wp\/v2\/media?parent=69435"}],"wp:term":[{"taxonomy":"product_brand","embeddable":true,"href":"https:\/\/watchdeluxe.it\/es\/wp-json\/wp\/v2\/product_brand?post=69435"},{"taxonomy":"product_cat","embeddable":true,"href":"https:\/\/watchdeluxe.it\/es\/wp-json\/wp\/v2\/product_cat?post=69435"},{"taxonomy":"product_tag","embeddable":true,"href":"https:\/\/watchdeluxe.it\/es\/wp-json\/wp\/v2\/product_tag?post=69435"},{"taxonomy":"berocket_brand","embeddable":true,"href":"https:\/\/watchdeluxe.it\/es\/wp-json\/wp\/v2\/berocket_brand?post=69435"},{"taxonomy":"woo-feed-brand","embeddable":true,"href":"https:\/\/watchdeluxe.it\/es\/wp-json\/wp\/v2\/woo-feed-brand?post=69435"}],"curies":[{"name":"wp","href":"https:\/\/api.w.org\/{rel}","templated":true}]}}