{"id":69390,"date":"2023-03-16T11:36:59","date_gmt":"2023-03-16T10:36:59","guid":{"rendered":"https:\/\/watchdeluxe.it\/prodotto\/hamilton-broadway-gmt-edicion-limitada-ref-h43725131\/"},"modified":"2026-04-03T10:01:13","modified_gmt":"2026-04-03T08:01:13","slug":"hamilton-broadway-gmt-limited-edition-ref-h43725131","status":"publish","type":"product","link":"https:\/\/watchdeluxe.it\/es\/prodotto\/hamilton-broadway-gmt-limited-edition-ref-h43725131\/","title":{"rendered":"Hamilton Broadway GMT | EDICI\u00d3N LIMITADA ref. H43725131"},"content":{"rendered":"<p>Hamilton Broadway GMT | EDICI\u00d3N LIMITADA ref. H43725131<\/p>\n<ul>\n<li class=\"col col-1-2-m watch\">Referencia : H43725131<br \/>\nCalibre : H-14<br \/>\nColecci\u00f3n : Broadway<br \/>\nMovimiento : Autom\u00e1tico<br \/>\nDimensiones de la caja: 46 mm<br \/>\nColor de la esfera : Negro<br \/>\nMaterial de la caja : Acero<br \/>\nCristal : Zafiro<br \/>\nAncho del bucle: 22 mm<br \/>\nReserva de marcha : 80 horas de reserva de marcha<br \/>\nResistencia al agua: 5 bares (50 m)<\/li>\n<li class=\"col col-1-2-m strap\">\n<h4 aria-level=\"2\">Pulsera\/Correa<\/h4>\n<p>Accesorio REF : H605.437.100<br \/>\nTipo de correa : Acero<br \/>\nTipo de hebilla : Mariposa<br \/>\nAncho de la hebilla : 20mm<\/li>\n<\/ul>\n","protected":false},"excerpt":{"rendered":"<p>Hamilton Broadway GMT | EDICI\u00d3N LIMITADA ref. H43725131 Referencia : H43725131 Calibre : H-14 Colecci\u00f3n : Broadway Movimiento : Autom\u00e1tico Dimensiones de la caja: 46 mm Color de la esfera : Negro Material de la caja : Acero Cristal : Zafiro Ancho del bucle: 22 mm Reserva de marcha : 80 horas de reserva de [&hellip;]<\/p>\n","protected":false},"featured_media":152591,"template":"","meta":{"_crdt_document":"","advanced_seo_description":"","jetpack_seo_html_title":"","jetpack_seo_noindex":false},"product_brand":[],"product_cat":[1915],"product_tag":[1587],"berocket_brand":[],"woo-feed-brand":[],"class_list":{"0":"post-69390","1":"product","2":"type-product","3":"status-publish","4":"has-post-thumbnail","6":"product_cat-hamilton","7":"product_tag-broadway","9":"first","10":"instock","11":"taxable","12":"shipping-taxable","13":"product-type-simple"},"bundled_by":[],"bundle_stock_status":"instock","bundle_stock_quantity":1,"bundle_virtual":false,"bundle_layout":"","bundle_add_to_cart_form_location":"","bundle_editable_in_cart":false,"bundle_sold_individually_context":"","bundle_item_grouping":"","bundle_min_size":"","bundle_max_size":"","bundle_price":[],"bundled_items":[],"bundle_sell_ids":[],"group_of_quantity":0,"min_quantity":0,"max_quantity":"","exclude_order_quantity_value_rules":"no","exclude_category_quantity_rules":"no","combine_variations":"no","exclude_global_add_ons":[],"addons":[],"jetpack_sharing_enabled":true,"jetpack_likes_enabled":true,"_links":{"self":[{"href":"https:\/\/watchdeluxe.it\/es\/wp-json\/wp\/v2\/product\/69390","targetHints":{"allow":["GET"]}}],"collection":[{"href":"https:\/\/watchdeluxe.it\/es\/wp-json\/wp\/v2\/product"}],"about":[{"href":"https:\/\/watchdeluxe.it\/es\/wp-json\/wp\/v2\/types\/product"}],"wp:featuredmedia":[{"embeddable":true,"href":"https:\/\/watchdeluxe.it\/es\/wp-json\/wp\/v2\/media\/152591"}],"wp:attachment":[{"href":"https:\/\/watchdeluxe.it\/es\/wp-json\/wp\/v2\/media?parent=69390"}],"wp:term":[{"taxonomy":"product_brand","embeddable":true,"href":"https:\/\/watchdeluxe.it\/es\/wp-json\/wp\/v2\/product_brand?post=69390"},{"taxonomy":"product_cat","embeddable":true,"href":"https:\/\/watchdeluxe.it\/es\/wp-json\/wp\/v2\/product_cat?post=69390"},{"taxonomy":"product_tag","embeddable":true,"href":"https:\/\/watchdeluxe.it\/es\/wp-json\/wp\/v2\/product_tag?post=69390"},{"taxonomy":"berocket_brand","embeddable":true,"href":"https:\/\/watchdeluxe.it\/es\/wp-json\/wp\/v2\/berocket_brand?post=69390"},{"taxonomy":"woo-feed-brand","embeddable":true,"href":"https:\/\/watchdeluxe.it\/es\/wp-json\/wp\/v2\/woo-feed-brand?post=69390"}],"curies":[{"name":"wp","href":"https:\/\/api.w.org\/{rel}","templated":true}]}}