{"id":69003,"date":"2023-03-15T22:27:11","date_gmt":"2023-03-15T21:27:11","guid":{"rendered":"https:\/\/watchdeluxe.it\/prodotto\/breitling-superocean-heritage-ii-46-ref-ab2020121b1a1\/"},"modified":"2025-07-15T10:31:00","modified_gmt":"2025-07-15T08:31:00","slug":"breitling-superocean-heritage-ii-46-ref-ab2020121b1a1","status":"publish","type":"product","link":"https:\/\/watchdeluxe.it\/es\/prodotto\/breitling-superocean-heritage-ii-46-ref-ab2020121b1a1\/","title":{"rendered":"Breitling Superocean H\u00e9ritage Ii 46 ref. AB2020121B1A1"},"content":{"rendered":"<p><span id=\"watchNotes\" data-mce-fragment=\"1\">Inspirado en el Superocean original de los a\u00f1os 50, el Superocean Heritage combina un dise\u00f1o ic\u00f3nico con un toque moderno. Deportivo y elegante, el Superocean Heritage es la aut\u00e9ntica encarnaci\u00f3n del estilo acu\u00e1tico.  <br data-mce-fragment=\"1\"><br data-mce-fragment=\"1\">Calibre  <br data-mce-fragment=\"1\">Breitling B20 (Fabricaci\u00f3n)  <br data-mce-fragment=\"1\">Movimiento  <br data-mce-fragment=\"1\">Movimiento autom\u00e1tico de alta frecuencia  <br data-mce-fragment=\"1\">Reserva de funcionamiento  <br data-mce-fragment=\"1\">aprox. 70 horas  <br data-mce-fragment=\"1\">Material del malet\u00edn  <br data-mce-fragment=\"1\">Acero inoxidable  <br data-mce-fragment=\"1\">Fondocassa  <br data-mce-fragment=\"1\">Atornillado  <br data-mce-fragment=\"1\">Impermeable  <br data-mce-fragment=\"1\">200 metros  <br data-mce-fragment=\"1\">Di\u00e1metro  <br data-mce-fragment=\"1\">46,0 mm  <br data-mce-fragment=\"1\">Material de la correa  <br data-mce-fragment=\"1\">Acero inoxidable  <br data-mce-fragment=\"1\">Color de la correa  <br data-mce-fragment=\"1\">Pulsera de metal<\/span><\/p>\n","protected":false},"excerpt":{"rendered":"<p>Inspirado en el Superocean original de los a\u00f1os 50, el Superocean Heritage combina un dise\u00f1o ic\u00f3nico con un toque moderno. Deportivo y elegante, el Superocean Heritage es la aut\u00e9ntica encarnaci\u00f3n del estilo acu\u00e1tico. Calibre Breitling B20 (Fabricaci\u00f3n) Movimiento Movimiento autom\u00e1tico de alta frecuencia Reserva de funcionamiento aprox. 70 horas Material del malet\u00edn Acero inoxidable Fondocassa [&hellip;]<\/p>\n","protected":false},"featured_media":47434,"template":"","meta":{"_crdt_document":"","advanced_seo_description":"","jetpack_seo_html_title":"","jetpack_seo_noindex":false},"product_brand":[],"product_cat":[2663],"product_tag":[2665],"berocket_brand":[],"woo-feed-brand":[],"class_list":{"0":"post-69003","1":"product","2":"type-product","3":"status-publish","4":"has-post-thumbnail","6":"product_cat-breitling-es","7":"product_tag-superocean-es","9":"first","10":"instock","11":"sale","12":"taxable","13":"shipping-taxable","14":"purchasable","15":"product-type-simple"},"bundled_by":[],"bundle_stock_status":"instock","bundle_stock_quantity":1,"bundle_virtual":false,"bundle_layout":"","bundle_add_to_cart_form_location":"","bundle_editable_in_cart":false,"bundle_sold_individually_context":"","bundle_item_grouping":"","bundle_min_size":"","bundle_max_size":"","bundle_price":[],"bundled_items":[],"bundle_sell_ids":[],"group_of_quantity":0,"min_quantity":0,"max_quantity":"","exclude_order_quantity_value_rules":"no","exclude_category_quantity_rules":"no","combine_variations":"no","exclude_global_add_ons":[],"addons":[],"jetpack_sharing_enabled":true,"jetpack_likes_enabled":true,"_links":{"self":[{"href":"https:\/\/watchdeluxe.it\/es\/wp-json\/wp\/v2\/product\/69003","targetHints":{"allow":["GET"]}}],"collection":[{"href":"https:\/\/watchdeluxe.it\/es\/wp-json\/wp\/v2\/product"}],"about":[{"href":"https:\/\/watchdeluxe.it\/es\/wp-json\/wp\/v2\/types\/product"}],"wp:featuredmedia":[{"embeddable":true,"href":"https:\/\/watchdeluxe.it\/es\/wp-json\/wp\/v2\/media\/47434"}],"wp:attachment":[{"href":"https:\/\/watchdeluxe.it\/es\/wp-json\/wp\/v2\/media?parent=69003"}],"wp:term":[{"taxonomy":"product_brand","embeddable":true,"href":"https:\/\/watchdeluxe.it\/es\/wp-json\/wp\/v2\/product_brand?post=69003"},{"taxonomy":"product_cat","embeddable":true,"href":"https:\/\/watchdeluxe.it\/es\/wp-json\/wp\/v2\/product_cat?post=69003"},{"taxonomy":"product_tag","embeddable":true,"href":"https:\/\/watchdeluxe.it\/es\/wp-json\/wp\/v2\/product_tag?post=69003"},{"taxonomy":"berocket_brand","embeddable":true,"href":"https:\/\/watchdeluxe.it\/es\/wp-json\/wp\/v2\/berocket_brand?post=69003"},{"taxonomy":"woo-feed-brand","embeddable":true,"href":"https:\/\/watchdeluxe.it\/es\/wp-json\/wp\/v2\/woo-feed-brand?post=69003"}],"curies":[{"name":"wp","href":"https:\/\/api.w.org\/{rel}","templated":true}]}}