{"id":68932,"date":"2023-03-15T22:27:08","date_gmt":"2023-03-15T21:27:08","guid":{"rendered":"https:\/\/watchdeluxe.it\/prodotto\/breitling-super-chronomat-b01-44-ref-ab0136161c1s1\/"},"modified":"2025-07-14T18:09:06","modified_gmt":"2025-07-14T16:09:06","slug":"breitling-super-chronomat-b01-44-ref-ab0136161c1s1","status":"publish","type":"product","link":"https:\/\/watchdeluxe.it\/es\/prodotto\/breitling-super-chronomat-b01-44-ref-ab0136161c1s1\/","title":{"rendered":"Breitling Super Chronomat B01 44 ref.AB0136161C1S1"},"content":{"rendered":"<p>Breitling Super Chronomat B01 44 ref.AB0136161C1S1<\/p>\n<div class=\"content-technical-data mt-15 pb-10\">\n<h3 class=\"title\"><strong>  Movimiento  <\/strong><\/h3>\n<table class=\"mt-10 w-100\">\n<tbody>\n<tr>\n<th class=\"pl-0 pr-5 text-left vertical-align-top\" scope=\"row\">Calibre<\/th>\n<td class=\"vertical-align-top\">Breitling 01 (Fabricaci\u00f3n)<\/td>\n<\/tr>\n<tr>\n<th class=\"pl-0 pr-5 text-left vertical-align-top\" scope=\"row\">Movimiento<\/th>\n<td class=\"vertical-align-top\">Mec\u00e1nica, bobinado autom\u00e1tico<\/td>\n<\/tr>\n<tr>\n<th class=\"pl-0 pr-5 text-left vertical-align-top\" scope=\"row\">Reserva de funcionamiento<\/th>\n<td class=\"vertical-align-top\">aprox. 70 horas<\/td>\n<\/tr>\n<tr>\n<th class=\"pl-0 pr-5 text-left vertical-align-top\" scope=\"row\">Cron\u00f3grafo<\/th>\n<td class=\"vertical-align-top\">Cron\u00f3grafo de 1\/4 de segundo, totalizadores de 30 minutos y 12 horas.<\/td>\n<\/tr>\n<tr>\n<th class=\"pl-0 pr-5 text-left vertical-align-top\" scope=\"row\">Alternancia<\/th>\n<td class=\"vertical-align-top\">28 800 a\/h<\/td>\n<\/tr>\n<tr>\n<th class=\"pl-0 pr-5 text-left vertical-align-top\" scope=\"row\">Ruby<\/th>\n<td class=\"vertical-align-top\">47 rub\u00edes<\/td>\n<\/tr>\n<tr>\n<th class=\"pl-0 pr-5 text-left vertical-align-top\" scope=\"row\">Calendario<\/th>\n<td class=\"vertical-align-top\">Una ventana en la esfera<\/td>\n<\/tr>\n<\/tbody>\n<\/table>\n<\/div>\n<div class=\"content-technical-data mt-15 pb-10\">\n<h3 class=\"title\"><strong>  Caso  <\/strong><\/h3>\n<table class=\"mt-10 w-100\">\n<tbody>\n<tr>\n<th class=\"pl-0 pr-5 text-left vertical-align-top\" scope=\"row\">Material del malet\u00edn<\/th>\n<td class=\"vertical-align-top\">Acero inoxidable<\/td>\n<\/tr>\n<tr>\n<th class=\"pl-0 pr-5 text-left vertical-align-top\" scope=\"row\">Fondocassa<\/th>\n<td class=\"vertical-align-top\">A rosca (cristal de zafiro)<\/td>\n<\/tr>\n<tr>\n<th class=\"pl-0 pr-5 text-left vertical-align-top\" scope=\"row\">Impermeable<\/th>\n<td class=\"vertical-align-top\">200 metros<\/td>\n<\/tr>\n<tr>\n<th class=\"pl-0 pr-5 text-left vertical-align-top\" scope=\"row\">Bisel<\/th>\n<td class=\"vertical-align-top\">Giro unidireccional con tope<\/td>\n<\/tr>\n<tr>\n<th class=\"pl-0 pr-5 text-left vertical-align-top\" scope=\"row\">Corona<\/th>\n<td class=\"vertical-align-top\">Tornillo, dos juntas<\/td>\n<\/tr>\n<tr>\n<th class=\"pl-0 pr-5 text-left vertical-align-top\" scope=\"row\">Vidrio<\/th>\n<td class=\"vertical-align-top\">Zafiro, antirreflejos por ambas caras<\/td>\n<\/tr>\n<\/tbody>\n<\/table>\n<\/div>\n<div class=\"content-technical-data mt-15 pb-10\">\n<h3 class=\"title\"><strong>  Dimensiones  <\/strong><\/h3>\n<table class=\"mt-10 w-100\">\n<tbody>\n<tr>\n<th class=\"pl-0 pr-5 text-left vertical-align-top\" scope=\"row\">Peso del producto (aprox.)<\/th>\n<td class=\"vertical-align-top\">159,9 g<\/td>\n<\/tr>\n<tr>\n<th class=\"pl-0 pr-5 text-left vertical-align-top\" scope=\"row\">Peso de la cabeza del reloj (aprox.)<\/th>\n<td class=\"vertical-align-top\">129,6 g.<\/td>\n<\/tr>\n<tr>\n<th class=\"pl-0 pr-5 text-left vertical-align-top\" scope=\"row\">Di\u00e1metro<\/th>\n<td class=\"vertical-align-top\">44,0 mm<\/td>\n<\/tr>\n<tr>\n<th class=\"pl-0 pr-5 text-left vertical-align-top\" scope=\"row\">Espesor<\/th>\n<td class=\"vertical-align-top\">14,4 mm<\/td>\n<\/tr>\n<tr>\n<th class=\"pl-0 pr-5 text-left vertical-align-top\" scope=\"row\">Altura (desde el extremo superior del bucle hasta el extremo inferior)<\/th>\n<td class=\"vertical-align-top\">53,5 mm<\/td>\n<\/tr>\n<tr>\n<th class=\"pl-0 pr-5 text-left vertical-align-top\" scope=\"row\">Anchura de la aleta (bucle intermedio)<\/th>\n<td class=\"vertical-align-top\">22,0 mm<\/td>\n<\/tr>\n<\/tbody>\n<\/table>\n<\/div>\n<div class=\"content-technical-data mt-15 pb-10\">\n<h3 class=\"title\"><strong>  Pulsera\/Correa  <\/strong><\/h3>\n<table class=\"mt-10 w-100\">\n<tbody>\n<tr>\n<th class=\"pl-0 pr-5 text-left vertical-align-top\" scope=\"row\">Material de la correa<\/th>\n<td class=\"vertical-align-top\">Goma<\/td>\n<\/tr>\n<tr>\n<th class=\"pl-0 pr-5 text-left vertical-align-top\" scope=\"row\">Color de la correa<\/th>\n<td class=\"vertical-align-top\">Azul<\/td>\n<\/tr>\n<tr>\n<th class=\"pl-0 pr-5 text-left vertical-align-top\" scope=\"row\">Tipo de correa<\/th>\n<td class=\"vertical-align-top\">Recto<\/td>\n<\/tr>\n<tr>\n<th class=\"pl-0 pr-5 text-left vertical-align-top\" scope=\"row\">Distancia entre bucles<\/th>\n<td class=\"vertical-align-top\">22\/20 mm<\/td>\n<\/tr>\n<tr>\n<th class=\"pl-0 pr-5 text-left vertical-align-top\" scope=\"row\">Material de la hebilla<\/th>\n<td class=\"vertical-align-top\">Acero inoxidable<\/td>\n<\/tr>\n<tr>\n<th class=\"pl-0 pr-5 text-left vertical-align-top\" scope=\"row\">Clip<\/th>\n<td class=\"vertical-align-top\">Plegable<\/td>\n<\/tr>\n<tr>\n<th class=\"pl-0 pr-5 text-left vertical-align-top\" scope=\"row\">Tama\u00f1o de la hebilla<\/th>\n<td class=\"vertical-align-top\">20 mm<\/td>\n<\/tr>\n<\/tbody>\n<\/table>\n<\/div>\n","protected":false},"excerpt":{"rendered":"<p>Breitling Super Chronomat B01 44 ref.AB0136161C1S1 Movimiento Calibre Breitling 01 (Fabricaci\u00f3n) Movimiento Mec\u00e1nica, bobinado autom\u00e1tico Reserva de funcionamiento aprox. 70 horas Cron\u00f3grafo Cron\u00f3grafo de 1\/4 de segundo, totalizadores de 30 minutos y 12 horas. Alternancia 28 800 a\/h Ruby 47 rub\u00edes Calendario Una ventana en la esfera Caso Material del malet\u00edn Acero inoxidable Fondocassa A [&hellip;]<\/p>\n","protected":false},"featured_media":47490,"template":"","meta":{"_crdt_document":"","advanced_seo_description":"","jetpack_seo_html_title":"","jetpack_seo_noindex":false},"product_brand":[],"product_cat":[2663],"product_tag":[2683],"berocket_brand":[],"woo-feed-brand":[],"class_list":{"0":"post-68932","1":"product","2":"type-product","3":"status-publish","4":"has-post-thumbnail","6":"product_cat-breitling-es","7":"product_tag-chronomat-es","9":"first","10":"instock","11":"sale","12":"taxable","13":"shipping-taxable","14":"purchasable","15":"product-type-simple"},"bundled_by":[],"bundle_stock_status":"instock","bundle_stock_quantity":1,"bundle_virtual":false,"bundle_layout":"","bundle_add_to_cart_form_location":"","bundle_editable_in_cart":false,"bundle_sold_individually_context":"","bundle_item_grouping":"","bundle_min_size":"","bundle_max_size":"","bundle_price":[],"bundled_items":[],"bundle_sell_ids":[],"group_of_quantity":0,"min_quantity":0,"max_quantity":"","exclude_order_quantity_value_rules":"no","exclude_category_quantity_rules":"no","combine_variations":"no","exclude_global_add_ons":[],"addons":[],"jetpack_sharing_enabled":true,"jetpack_likes_enabled":true,"_links":{"self":[{"href":"https:\/\/watchdeluxe.it\/es\/wp-json\/wp\/v2\/product\/68932","targetHints":{"allow":["GET"]}}],"collection":[{"href":"https:\/\/watchdeluxe.it\/es\/wp-json\/wp\/v2\/product"}],"about":[{"href":"https:\/\/watchdeluxe.it\/es\/wp-json\/wp\/v2\/types\/product"}],"wp:featuredmedia":[{"embeddable":true,"href":"https:\/\/watchdeluxe.it\/es\/wp-json\/wp\/v2\/media\/47490"}],"wp:attachment":[{"href":"https:\/\/watchdeluxe.it\/es\/wp-json\/wp\/v2\/media?parent=68932"}],"wp:term":[{"taxonomy":"product_brand","embeddable":true,"href":"https:\/\/watchdeluxe.it\/es\/wp-json\/wp\/v2\/product_brand?post=68932"},{"taxonomy":"product_cat","embeddable":true,"href":"https:\/\/watchdeluxe.it\/es\/wp-json\/wp\/v2\/product_cat?post=68932"},{"taxonomy":"product_tag","embeddable":true,"href":"https:\/\/watchdeluxe.it\/es\/wp-json\/wp\/v2\/product_tag?post=68932"},{"taxonomy":"berocket_brand","embeddable":true,"href":"https:\/\/watchdeluxe.it\/es\/wp-json\/wp\/v2\/berocket_brand?post=68932"},{"taxonomy":"woo-feed-brand","embeddable":true,"href":"https:\/\/watchdeluxe.it\/es\/wp-json\/wp\/v2\/woo-feed-brand?post=68932"}],"curies":[{"name":"wp","href":"https:\/\/api.w.org\/{rel}","templated":true}]}}