{"id":68830,"date":"2025-01-10T10:53:52","date_gmt":"2025-01-10T09:53:52","guid":{"rendered":"https:\/\/watchdeluxe.it\/prodotto\/breitling-navitimer-b01-cronografo-verde-ref-ab0137241l1a1\/"},"modified":"2026-04-10T16:16:48","modified_gmt":"2026-04-10T14:16:48","slug":"breitling-navitimer-b01-verde-chronografo-ref-ab0137241l1a1","status":"publish","type":"product","link":"https:\/\/watchdeluxe.it\/es\/prodotto\/breitling-navitimer-b01-verde-chronografo-ref-ab0137241l1a1\/","title":{"rendered":"Breitling Navitimer B01 cron\u00f3grafo verde ref. AB0137241L1A1"},"content":{"rendered":"<p>Breitling Navitimer B01 cron\u00f3grafo verde ref. AB0137241L1A1<\/p>\n<div class=\"content-technical-data mt-15 pb-10\">\n<h3 class=\"font-weight-bold title\">Movimiento<\/h3>\n<table class=\"mt-10 w-100\">\n<tbody>\n<tr>\n<th class=\"pl-0 pr-5 text-left vertical-align-top\" scope=\"row\">Calibre<\/th>\n<td class=\"vertical-align-top\">Breitling 01 (Fabricaci\u00f3n)<\/td>\n<\/tr>\n<tr>\n<th class=\"pl-0 pr-5 text-left vertical-align-top\" scope=\"row\">Movimiento<\/th>\n<td class=\"vertical-align-top\">Mec\u00e1nica, bobinado autom\u00e1tico<\/td>\n<\/tr>\n<tr>\n<th class=\"pl-0 pr-5 text-left vertical-align-top\" scope=\"row\">Reserva de funcionamiento<\/th>\n<td class=\"vertical-align-top\">Aprox. 70 horas<\/td>\n<\/tr>\n<tr>\n<th class=\"pl-0 pr-5 text-left vertical-align-top\" scope=\"row\">Cron\u00f3grafo<\/th>\n<td class=\"vertical-align-top\">\u00bc segundo, 30 minutos, 12 horas<\/td>\n<\/tr>\n<tr>\n<th class=\"pl-0 pr-5 text-left vertical-align-top\" scope=\"row\">Alternancia<\/th>\n<td class=\"vertical-align-top\">28 800 a\/h<\/td>\n<\/tr>\n<tr>\n<th class=\"pl-0 pr-5 text-left vertical-align-top\" scope=\"row\">Ruby<\/th>\n<td class=\"vertical-align-top\">47 rub\u00edes<\/td>\n<\/tr>\n<tr>\n<th class=\"pl-0 pr-5 text-left vertical-align-top\" scope=\"row\">Calendario<\/th>\n<td class=\"vertical-align-top\">Una ventana en la esfera<\/td>\n<\/tr>\n<\/tbody>\n<\/table>\n<\/div>\n<div class=\"content-technical-data mt-15 pb-10\">\n<h3 class=\"font-weight-bold title\">Caso<\/h3>\n<table class=\"mt-10 w-100\">\n<tbody>\n<tr>\n<th class=\"pl-0 pr-5 text-left vertical-align-top\" scope=\"row\">Material del malet\u00edn<\/th>\n<td class=\"vertical-align-top\">Acero inoxidable<\/td>\n<\/tr>\n<tr>\n<th class=\"pl-0 pr-5 text-left vertical-align-top\" scope=\"row\">Fondocassa<\/th>\n<td class=\"vertical-align-top\">A rosca (cristal de zafiro)<\/td>\n<\/tr>\n<tr>\n<th class=\"pl-0 pr-5 text-left vertical-align-top\" scope=\"row\">Impermeable<\/th>\n<td class=\"vertical-align-top\">3 bares <span class=\"align-items-center bg-primary-yellow cursor-pointer d-flex justify-content-center ml-5 rounded-circle text-white water-resistance-description-open-popup\" role=\"button\" aria-label=\"price information\">i<\/span><\/td>\n<\/tr>\n<tr>\n<th class=\"pl-0 pr-5 text-left vertical-align-top\" scope=\"row\">Bisel<\/th>\n<td class=\"vertical-align-top\">Bidireccional, regla de c\u00e1lculo<\/td>\n<\/tr>\n<tr>\n<th class=\"pl-0 pr-5 text-left vertical-align-top\" scope=\"row\">Corona<\/th>\n<td class=\"vertical-align-top\">Sin tornillo, dos articulaciones<\/td>\n<\/tr>\n<tr>\n<th class=\"pl-0 pr-5 text-left vertical-align-top\" scope=\"row\">Vidrio<\/th>\n<td class=\"vertical-align-top\">Zafiro<\/td>\n<\/tr>\n<\/tbody>\n<\/table>\n<\/div>\n<div class=\"content-technical-data mt-15 pb-10\">\n<h3 class=\"font-weight-bold title\">Dimensiones<\/h3>\n<table class=\"mt-10 w-100\">\n<tbody>\n<tr>\n<th class=\"pl-0 pr-5 text-left vertical-align-top\" scope=\"row\">Peso del producto (aprox.)<\/th>\n<td class=\"vertical-align-top\">113,0 g<\/td>\n<\/tr>\n<tr>\n<th class=\"pl-0 pr-5 text-left vertical-align-top\" scope=\"row\">Peso de la cabeza del reloj (aprox.)<\/th>\n<td class=\"vertical-align-top\">91,8 g.<\/td>\n<\/tr>\n<tr>\n<th class=\"pl-0 pr-5 text-left vertical-align-top\" scope=\"row\">Di\u00e1metro<\/th>\n<td class=\"vertical-align-top\">46,0 mm<\/td>\n<\/tr>\n<tr>\n<th class=\"pl-0 pr-5 text-left vertical-align-top\" scope=\"row\">Espesor<\/th>\n<td class=\"vertical-align-top\">13,9 mm<\/td>\n<\/tr>\n<tr>\n<th class=\"pl-0 pr-5 text-left vertical-align-top\" scope=\"row\">Altura (desde el extremo superior del bucle hasta el extremo inferior)<\/th>\n<td class=\"vertical-align-top\">51,8 mm<\/td>\n<\/tr>\n<tr>\n<th class=\"pl-0 pr-5 text-left vertical-align-top\" scope=\"row\">Anchura de la aleta (bucle intermedio)<\/th>\n<td class=\"vertical-align-top\">24,0 mm<\/td>\n<\/tr>\n<\/tbody>\n<\/table>\n<\/div>\n<div class=\"content-technical-data mt-15 pb-10\">\n<h3 class=\"font-weight-bold title\">Correa<\/h3>\n<table class=\"mt-10 w-100\">\n<tbody>\n<tr>\n<th class=\"pl-0 pr-5 text-left vertical-align-top\" scope=\"row\">Material de la correa<\/th>\n<td class=\"vertical-align-top\">Piel de cocodrilo<\/td>\n<\/tr>\n<tr>\n<th class=\"pl-0 pr-5 text-left vertical-align-top\" scope=\"row\">Color de la correa<\/th>\n<td class=\"vertical-align-top\">Negro<\/td>\n<\/tr>\n<tr>\n<th class=\"pl-0 pr-5 text-left vertical-align-top\" scope=\"row\">Tipo de correa<\/th>\n<td class=\"vertical-align-top\">Recto<\/td>\n<\/tr>\n<tr>\n<th class=\"pl-0 pr-5 text-left vertical-align-top\" scope=\"row\">Distancia entre bucles<\/th>\n<td class=\"vertical-align-top\">24\/20 mm<\/td>\n<\/tr>\n<tr>\n<th class=\"pl-0 pr-5 text-left vertical-align-top\" scope=\"row\">Material de la hebilla<\/th>\n<td class=\"vertical-align-top\">Acero inoxidable<\/td>\n<\/tr>\n<tr>\n<th class=\"pl-0 pr-5 text-left vertical-align-top\" scope=\"row\">Clip<\/th>\n<td class=\"vertical-align-top\">Plegable<\/td>\n<\/tr>\n<tr>\n<th class=\"pl-0 pr-5 text-left vertical-align-top\" scope=\"row\">Tama\u00f1o de la hebilla<\/th>\n<td class=\"vertical-align-top\">20 mm<\/td>\n<\/tr>\n<\/tbody>\n<\/table>\n<\/div>\n","protected":false},"excerpt":{"rendered":"<p>Breitling Navitimer B01 cron\u00f3grafo verde ref. AB0137241L1A1 Movimiento Calibre Breitling 01 (Fabricaci\u00f3n) Movimiento Mec\u00e1nica, bobinado autom\u00e1tico Reserva de funcionamiento Aprox. 70 horas Cron\u00f3grafo \u00bc segundo, 30 minutos, 12 horas Alternancia 28 800 a\/h Ruby 47 rub\u00edes Calendario Una ventana en la esfera Caso Material del malet\u00edn Acero inoxidable Fondocassa A rosca (cristal de zafiro) Impermeable [&hellip;]<\/p>\n","protected":false},"featured_media":168399,"template":"","meta":{"_crdt_document":"","advanced_seo_description":"","jetpack_seo_html_title":"","jetpack_seo_noindex":false},"product_brand":[],"product_cat":[2663],"product_tag":[2679],"berocket_brand":[],"woo-feed-brand":[],"class_list":{"0":"post-68830","1":"product","2":"type-product","3":"status-publish","4":"has-post-thumbnail","6":"product_cat-breitling-es","7":"product_tag-navitimer-es","9":"first","10":"instock","11":"sale","12":"taxable","13":"shipping-taxable","14":"purchasable","15":"product-type-simple"},"bundled_by":[],"bundle_stock_status":"instock","bundle_stock_quantity":1,"bundle_virtual":false,"bundle_layout":"","bundle_add_to_cart_form_location":"","bundle_editable_in_cart":false,"bundle_sold_individually_context":"","bundle_item_grouping":"","bundle_min_size":"","bundle_max_size":"","bundle_price":[],"bundled_items":[],"bundle_sell_ids":[],"group_of_quantity":0,"min_quantity":0,"max_quantity":"","exclude_order_quantity_value_rules":"no","exclude_category_quantity_rules":"no","combine_variations":"no","exclude_global_add_ons":[],"addons":[],"jetpack_sharing_enabled":true,"jetpack_likes_enabled":true,"_links":{"self":[{"href":"https:\/\/watchdeluxe.it\/es\/wp-json\/wp\/v2\/product\/68830","targetHints":{"allow":["GET"]}}],"collection":[{"href":"https:\/\/watchdeluxe.it\/es\/wp-json\/wp\/v2\/product"}],"about":[{"href":"https:\/\/watchdeluxe.it\/es\/wp-json\/wp\/v2\/types\/product"}],"wp:featuredmedia":[{"embeddable":true,"href":"https:\/\/watchdeluxe.it\/es\/wp-json\/wp\/v2\/media\/168399"}],"wp:attachment":[{"href":"https:\/\/watchdeluxe.it\/es\/wp-json\/wp\/v2\/media?parent=68830"}],"wp:term":[{"taxonomy":"product_brand","embeddable":true,"href":"https:\/\/watchdeluxe.it\/es\/wp-json\/wp\/v2\/product_brand?post=68830"},{"taxonomy":"product_cat","embeddable":true,"href":"https:\/\/watchdeluxe.it\/es\/wp-json\/wp\/v2\/product_cat?post=68830"},{"taxonomy":"product_tag","embeddable":true,"href":"https:\/\/watchdeluxe.it\/es\/wp-json\/wp\/v2\/product_tag?post=68830"},{"taxonomy":"berocket_brand","embeddable":true,"href":"https:\/\/watchdeluxe.it\/es\/wp-json\/wp\/v2\/berocket_brand?post=68830"},{"taxonomy":"woo-feed-brand","embeddable":true,"href":"https:\/\/watchdeluxe.it\/es\/wp-json\/wp\/v2\/woo-feed-brand?post=68830"}],"curies":[{"name":"wp","href":"https:\/\/api.w.org\/{rel}","templated":true}]}}