{"id":68747,"date":"2023-03-22T10:36:37","date_gmt":"2023-03-22T09:36:37","guid":{"rendered":"https:\/\/watchdeluxe.it\/prodotto\/baume-mercier-capeland-ref-m0a10064\/"},"modified":"2026-04-06T02:05:48","modified_gmt":"2026-04-06T00:05:48","slug":"baume-mercier-capeland-ref-m0a10064","status":"publish","type":"product","link":"https:\/\/watchdeluxe.it\/es\/prodotto\/baume-mercier-capeland-ref-m0a10064\/","title":{"rendered":"BAUME &amp; MERCIER CAPELAND REF. M0A10064"},"content":{"rendered":"<p>BAUME &amp; MERCIER CAPELAND REF. M0A10064<\/p>\n<p>Reloj Baume Mercier Capeland M0A10064 hombre &#8211; Forma: redondo ; Tipo de cristal: zafiro antirreflejos ; Tipo de esfera: anal\u00f3gica ; Cierre: de bot\u00f3n ; Material de la caja: acero inoxidable ; Di\u00e1metro de la caja: 44 mm ; Espesor de la caja: 15 mm ; Material de la correa: acero inoxidable ; Ancho de la correa: 21 mm ; Color de la correa: plateado<\/p>\n","protected":false},"excerpt":{"rendered":"<p>BAUME &amp; MERCIER CAPELAND REF. M0A10064 Reloj Baume Mercier Capeland M0A10064 hombre &#8211; Forma: redondo ; Tipo de cristal: zafiro antirreflejos ; Tipo de esfera: anal\u00f3gica ; Cierre: de bot\u00f3n ; Material de la caja: acero inoxidable ; Di\u00e1metro de la caja: 44 mm ; Espesor de la caja: 15 mm ; Material de la [&hellip;]<\/p>\n","protected":false},"featured_media":169152,"template":"","meta":{"_crdt_document":"","advanced_seo_description":"","jetpack_seo_html_title":"","jetpack_seo_noindex":false},"product_brand":[],"product_cat":[2613],"product_tag":[2649],"berocket_brand":[],"woo-feed-brand":[],"class_list":{"0":"post-68747","1":"product","2":"type-product","3":"status-publish","4":"has-post-thumbnail","6":"product_cat-baume-mercier-es","7":"product_tag-capelandia","9":"first","10":"instock","11":"sale","12":"taxable","13":"shipping-taxable","14":"purchasable","15":"product-type-simple"},"bundled_by":[],"bundle_stock_status":"instock","bundle_stock_quantity":1,"bundle_virtual":false,"bundle_layout":"","bundle_add_to_cart_form_location":"","bundle_editable_in_cart":false,"bundle_sold_individually_context":"","bundle_item_grouping":"","bundle_min_size":"","bundle_max_size":"","bundle_price":[],"bundled_items":[],"bundle_sell_ids":[],"group_of_quantity":0,"min_quantity":0,"max_quantity":"","exclude_order_quantity_value_rules":"no","exclude_category_quantity_rules":"no","combine_variations":"no","jetpack_sharing_enabled":true,"jetpack_likes_enabled":true,"_links":{"self":[{"href":"https:\/\/watchdeluxe.it\/es\/wp-json\/wp\/v2\/product\/68747","targetHints":{"allow":["GET"]}}],"collection":[{"href":"https:\/\/watchdeluxe.it\/es\/wp-json\/wp\/v2\/product"}],"about":[{"href":"https:\/\/watchdeluxe.it\/es\/wp-json\/wp\/v2\/types\/product"}],"wp:featuredmedia":[{"embeddable":true,"href":"https:\/\/watchdeluxe.it\/es\/wp-json\/wp\/v2\/media\/169152"}],"wp:attachment":[{"href":"https:\/\/watchdeluxe.it\/es\/wp-json\/wp\/v2\/media?parent=68747"}],"wp:term":[{"taxonomy":"product_brand","embeddable":true,"href":"https:\/\/watchdeluxe.it\/es\/wp-json\/wp\/v2\/product_brand?post=68747"},{"taxonomy":"product_cat","embeddable":true,"href":"https:\/\/watchdeluxe.it\/es\/wp-json\/wp\/v2\/product_cat?post=68747"},{"taxonomy":"product_tag","embeddable":true,"href":"https:\/\/watchdeluxe.it\/es\/wp-json\/wp\/v2\/product_tag?post=68747"},{"taxonomy":"berocket_brand","embeddable":true,"href":"https:\/\/watchdeluxe.it\/es\/wp-json\/wp\/v2\/berocket_brand?post=68747"},{"taxonomy":"woo-feed-brand","embeddable":true,"href":"https:\/\/watchdeluxe.it\/es\/wp-json\/wp\/v2\/woo-feed-brand?post=68747"}],"curies":[{"name":"wp","href":"https:\/\/api.w.org\/{rel}","templated":true}]}}