{"id":68737,"date":"2023-03-22T10:36:36","date_gmt":"2023-03-22T09:36:36","guid":{"rendered":"https:\/\/watchdeluxe.it\/prodotto\/baume-mercier-clifton-lady-cuarzo-30-mm-m0a10175\/"},"modified":"2026-03-27T13:53:04","modified_gmt":"2026-03-27T12:53:04","slug":"baume-mercier-clifton-lady-quarzo-30-mm-m0a10175","status":"publish","type":"product","link":"https:\/\/watchdeluxe.it\/es\/prodotto\/baume-mercier-clifton-lady-quarzo-30-mm-m0a10175\/","title":{"rendered":"Baume &amp; Mercier Clifton Lady Cuarzo 30 mm &#8211; M0A10175"},"content":{"rendered":"<p>Baume &amp; Mercier Clifton Lady Cuarzo 30 mm &#8211; M0A10175<\/p>\n<p><strong>DETALLES:<\/strong><\/p>\n<p>MOVIMIENTO: Swiss Made. Ronda 784. Cuarzo.<\/p>\n<p>CARACTER\u00cdSTICAS: Resistente al agua: 5 ATM (aprox. 50 metros). Date. Cristal superior: Zafiro, abombado, antirreflejos por una cara. Espalda: Cerrada, con tornillos.<\/p>\n<p>CAJA: Forma: Redonda. Di\u00e1metro: 30,0 mm. Grosor: 7,65 mm. Material: Acero pulido y satinado.<\/p>\n<p>QUADRANT: Plateado con acabado satinado &#8220;soleil&#8221;. N\u00fameros ar\u00e1bigos dorados, aplicados. \u00cdndices chapados en oro. Manos: Oro, Dauphine.<\/p>\n<p>CORREA: Acero satinado\/pulido. Triple cierre desplegable con cierre de seguridad de acero pulido.<\/p>\n","protected":false},"excerpt":{"rendered":"<p>Baume &amp; Mercier Clifton Lady Cuarzo 30 mm &#8211; M0A10175 DETALLES: MOVIMIENTO: Swiss Made. Ronda 784. Cuarzo. CARACTER\u00cdSTICAS: Resistente al agua: 5 ATM (aprox. 50 metros). Date. Cristal superior: Zafiro, abombado, antirreflejos por una cara. Espalda: Cerrada, con tornillos. CAJA: Forma: Redonda. Di\u00e1metro: 30,0 mm. Grosor: 7,65 mm. Material: Acero pulido y satinado. QUADRANT: Plateado [&hellip;]<\/p>\n","protected":false},"featured_media":63266,"template":"","meta":{"_crdt_document":"","advanced_seo_description":"","jetpack_seo_html_title":"","jetpack_seo_noindex":false},"product_brand":[],"product_cat":[2613],"product_tag":[2618],"berocket_brand":[],"woo-feed-brand":[],"class_list":{"0":"post-68737","1":"product","2":"type-product","3":"status-publish","4":"has-post-thumbnail","6":"product_cat-baume-mercier-es","7":"product_tag-clifton-es","9":"first","10":"instock","11":"sale","12":"taxable","13":"shipping-taxable","14":"purchasable","15":"product-type-simple"},"bundled_by":[],"bundle_stock_status":"instock","bundle_stock_quantity":1,"bundle_virtual":false,"bundle_layout":"","bundle_add_to_cart_form_location":"","bundle_editable_in_cart":false,"bundle_sold_individually_context":"","bundle_item_grouping":"","bundle_min_size":"","bundle_max_size":"","bundle_price":[],"bundled_items":[],"bundle_sell_ids":[],"group_of_quantity":0,"min_quantity":0,"max_quantity":"","exclude_order_quantity_value_rules":"no","exclude_category_quantity_rules":"no","combine_variations":"no","jetpack_sharing_enabled":true,"jetpack_likes_enabled":true,"_links":{"self":[{"href":"https:\/\/watchdeluxe.it\/es\/wp-json\/wp\/v2\/product\/68737","targetHints":{"allow":["GET"]}}],"collection":[{"href":"https:\/\/watchdeluxe.it\/es\/wp-json\/wp\/v2\/product"}],"about":[{"href":"https:\/\/watchdeluxe.it\/es\/wp-json\/wp\/v2\/types\/product"}],"wp:featuredmedia":[{"embeddable":true,"href":"https:\/\/watchdeluxe.it\/es\/wp-json\/wp\/v2\/media\/63266"}],"wp:attachment":[{"href":"https:\/\/watchdeluxe.it\/es\/wp-json\/wp\/v2\/media?parent=68737"}],"wp:term":[{"taxonomy":"product_brand","embeddable":true,"href":"https:\/\/watchdeluxe.it\/es\/wp-json\/wp\/v2\/product_brand?post=68737"},{"taxonomy":"product_cat","embeddable":true,"href":"https:\/\/watchdeluxe.it\/es\/wp-json\/wp\/v2\/product_cat?post=68737"},{"taxonomy":"product_tag","embeddable":true,"href":"https:\/\/watchdeluxe.it\/es\/wp-json\/wp\/v2\/product_tag?post=68737"},{"taxonomy":"berocket_brand","embeddable":true,"href":"https:\/\/watchdeluxe.it\/es\/wp-json\/wp\/v2\/berocket_brand?post=68737"},{"taxonomy":"woo-feed-brand","embeddable":true,"href":"https:\/\/watchdeluxe.it\/es\/wp-json\/wp\/v2\/woo-feed-brand?post=68737"}],"curies":[{"name":"wp","href":"https:\/\/api.w.org\/{rel}","templated":true}]}}