{"id":68723,"date":"2023-03-22T10:36:38","date_gmt":"2023-03-22T09:36:38","guid":{"rendered":"https:\/\/watchdeluxe.it\/prodotto\/baume-mercier-classima-ref-m0a10492\/"},"modified":"2026-03-27T13:46:59","modified_gmt":"2026-03-27T12:46:59","slug":"baume-mercier-classima-ref-m0a10492","status":"publish","type":"product","link":"https:\/\/watchdeluxe.it\/es\/prodotto\/baume-mercier-classima-ref-m0a10492\/","title":{"rendered":"BAUME &amp; MERCIER CLASSIMA REF. M0A10492"},"content":{"rendered":"<p>BAUME &amp; MERCIER CLASSIMA REF. M0A10492<\/p>\n<h1 class=\"h1-title\">Clase 10492<\/h1>\n<h2>Reloj autom\u00e1tico con indicador de fecha &#8211; 27 mm<\/h2>\n<p>Refinado modelo autom\u00e1tico para mujer, el Classima Lady 10492 se caracteriza por su est\u00e9tica sobria y refinada: n\u00fameros romanos, esfera plateada y brazalete de acero inoxidable con acabado pulido. Fondo de cristal de zafiro.<\/p>\n<div class=\"product-specifications__list\">\n<h4 id=\"technicalitem0\" class=\"open\">Caracter\u00edsticas<\/h4>\n<ul>\n<li>Reloj Autom\u00e1tico<\/li>\n<li>Reserva de marcha: 38 hora(s)<\/li>\n<li>Resistencia al agua: 5 ATM (aprox. 50 metros)<\/li>\n<li>Fecha<\/li>\n<li>Cristal de zafiro<\/li>\n<li>\n<div class=\"product-specifications__list\">\n<h4 id=\"technicalitem1\" class=\"open\">Movimiento<\/h4>\n<ul>\n<li>Fabricado en Suiza<\/li>\n<li>\n    <\/li>\n<li> <label> Energ\u00eda <\/label> Autom\u00e1tica, bobinado autom\u00e1tico<\/li>\n<li> <label> Frecuencia <\/label> 28800.0vph\/4.0hz<\/li>\n<li>\n<div class=\"product-specifications__list\">\n<h4 id=\"technicalitem2\" class=\"open\">Caso<\/h4>\n<ul>\n<li> <label> Forma <\/label> redonda<\/li>\n<li> <label> Medida <\/label> del di\u00e1metro: 27 mm<\/li>\n<li> <label> Grosor <\/label> 9,0 mm<\/li>\n<li> <label> Material y acabado <\/label> Acero, pulido<\/li>\n<li> <label> Fondo <\/label> de cristal de zafiro<\/li>\n<li>\n<div class=\"product-specifications__list\">\n<h4 id=\"technicalitem3\" class=\"open\">Marque<\/h4>\n<ul>\n<li> <label> Colores y acabados <\/label> plateados<\/li>\n<li> <label> Figuras <\/label> romanas<\/li>\n<li> <label> Manecillas <\/label> rodiadas, Hoja<\/li>\n<li>\n<div class=\"product-specifications__list\">\n<h4 id=\"technicalitem4\" class=\"open\">Correa<\/h4>\n<ul>\n<li> <label> Material <\/label> Acero, pulido<\/li>\n<li> <label> Cierre de <\/label> acero, pulido<\/li>\n<\/ul>\n<\/div>\n<\/li>\n<\/ul>\n<\/div>\n<\/li>\n<\/ul>\n<\/div>\n<\/li>\n<\/ul>\n<\/div>\n<\/li>\n<\/ul>\n<\/div>\n","protected":false},"excerpt":{"rendered":"<p>BAUME &amp; MERCIER CLASSIMA REF. M0A10492 Clase 10492 Reloj autom\u00e1tico con indicador de fecha &#8211; 27 mm Refinado modelo autom\u00e1tico para mujer, el Classima Lady 10492 se caracteriza por su est\u00e9tica sobria y refinada: n\u00fameros romanos, esfera plateada y brazalete de acero inoxidable con acabado pulido. Fondo de cristal de zafiro. Caracter\u00edsticas Reloj Autom\u00e1tico Reserva [&hellip;]<\/p>\n","protected":false},"featured_media":63206,"template":"","meta":{"_crdt_document":"","advanced_seo_description":"","jetpack_seo_html_title":"","jetpack_seo_noindex":false},"product_brand":[],"product_cat":[2613],"product_tag":[2615],"berocket_brand":[],"woo-feed-brand":[],"class_list":{"0":"post-68723","1":"product","2":"type-product","3":"status-publish","4":"has-post-thumbnail","6":"product_cat-baume-mercier-es","7":"product_tag-classima-es","9":"first","10":"instock","11":"sale","12":"taxable","13":"shipping-taxable","14":"purchasable","15":"product-type-simple"},"bundled_by":[],"bundle_stock_status":"instock","bundle_stock_quantity":1,"bundle_virtual":false,"bundle_layout":"","bundle_add_to_cart_form_location":"","bundle_editable_in_cart":false,"bundle_sold_individually_context":"","bundle_item_grouping":"","bundle_min_size":"","bundle_max_size":"","bundle_price":[],"bundled_items":[],"bundle_sell_ids":[],"group_of_quantity":0,"min_quantity":0,"max_quantity":"","exclude_order_quantity_value_rules":"no","exclude_category_quantity_rules":"no","combine_variations":"no","jetpack_sharing_enabled":true,"jetpack_likes_enabled":true,"_links":{"self":[{"href":"https:\/\/watchdeluxe.it\/es\/wp-json\/wp\/v2\/product\/68723","targetHints":{"allow":["GET"]}}],"collection":[{"href":"https:\/\/watchdeluxe.it\/es\/wp-json\/wp\/v2\/product"}],"about":[{"href":"https:\/\/watchdeluxe.it\/es\/wp-json\/wp\/v2\/types\/product"}],"wp:featuredmedia":[{"embeddable":true,"href":"https:\/\/watchdeluxe.it\/es\/wp-json\/wp\/v2\/media\/63206"}],"wp:attachment":[{"href":"https:\/\/watchdeluxe.it\/es\/wp-json\/wp\/v2\/media?parent=68723"}],"wp:term":[{"taxonomy":"product_brand","embeddable":true,"href":"https:\/\/watchdeluxe.it\/es\/wp-json\/wp\/v2\/product_brand?post=68723"},{"taxonomy":"product_cat","embeddable":true,"href":"https:\/\/watchdeluxe.it\/es\/wp-json\/wp\/v2\/product_cat?post=68723"},{"taxonomy":"product_tag","embeddable":true,"href":"https:\/\/watchdeluxe.it\/es\/wp-json\/wp\/v2\/product_tag?post=68723"},{"taxonomy":"berocket_brand","embeddable":true,"href":"https:\/\/watchdeluxe.it\/es\/wp-json\/wp\/v2\/berocket_brand?post=68723"},{"taxonomy":"woo-feed-brand","embeddable":true,"href":"https:\/\/watchdeluxe.it\/es\/wp-json\/wp\/v2\/woo-feed-brand?post=68723"}],"curies":[{"name":"wp","href":"https:\/\/api.w.org\/{rel}","templated":true}]}}