{"id":68670,"date":"2023-03-22T10:36:44","date_gmt":"2023-03-22T09:36:44","guid":{"rendered":"https:\/\/watchdeluxe.it\/prodotto\/baume-mercier-riviera-ref-m0a10683\/"},"modified":"2026-04-06T02:08:03","modified_gmt":"2026-04-06T00:08:03","slug":"baume-mercier-riviera-ref-m0a10683","status":"publish","type":"product","link":"https:\/\/watchdeluxe.it\/es\/prodotto\/baume-mercier-riviera-ref-m0a10683\/","title":{"rendered":"BAUME &amp; MERCIER RIVIERA REF. M0A10683"},"content":{"rendered":"<p>BAUME &amp; MERCIER RIVIERA REF. 10683<\/p>\n<h3 class=\"h1-title\">Descripci\u00f3n<\/h3>\n<p class=\"product-detail__description--desktop\">Creado en 1973, el reloj Riviera regresa este a\u00f1o para revivir el esp\u00edritu de una \u00e9poca ilustre de la relojer\u00eda. Aqu\u00ed est\u00e1 en 2021, revisitado pero con la misma autenticidad: una caja de acero de dimensiones equilibradas, un bisel dodecagonal provisto de cuatro tornillos, un movimiento autom\u00e1tico o de cuarzo &#8220;Swiss Made&#8221; y una pulsera met\u00e1lica intercambiable integrada. El dise\u00f1o original sigue presente, al igual que el deseo de abrazar lo contempor\u00e1neo.<\/p>\n<div class=\"product-specifications__list\">\n<h4 id=\"technicalitem0\" class=\"open\">Caracter\u00edsticas<\/h4>\n<ul>\n<li>Reloj de cuarzo<\/li>\n<li>Resistencia al agua: 5 ATM (aprox. 50 metros)<\/li>\n<li>Fecha<\/li>\n<li>\n<div class=\"product-specifications__list\">\n<h4 id=\"technicalitem1\" class=\"open\">Movimiento<\/h4>\n<ul>\n<li>Fabricado en Suiza<\/li>\n<li>\n<\/li>\n<li> <label> Energ\u00eda de <\/label> cuarzo<\/li>\n<li>\n<div class=\"product-specifications__list\">\n<h4 id=\"technicalitem2\" class=\"open\">Caso<\/h4>\n<ul>\n<li> <label> Forma <\/label> dodecagonal<\/li>\n<li> <label> Grosor <\/label> 9,47 mm<\/li>\n<li> <label> Material y acabado <\/label> Acero, pulido satinado<\/li>\n<li> <label> Fondo <\/label> de caja Fondo de caja cerrado, Con tornillos<\/li>\n<li>\n<div class=\"product-specifications__list\">\n<h4 id=\"technicalitem3\" class=\"open\">Marque<\/h4>\n<ul>\n<li> <label> Colores y <\/label> acabados Verde, acabado &#8220;soleil&#8221; satinado<\/li>\n<li> <label> Figuras <\/label> romanas<\/li>\n<li> <label> \u00cdndices <\/label> remachados<\/li>\n<li> <label> Agujas <\/label> rodiadas, Dauphine<\/li>\n<li>\n<div class=\"product-specifications__list\">\n<h4 id=\"technicalitem4\" class=\"open\">Correa<\/h4>\n<ul>\n<li> <label> Material <\/label> Acero, (acabado) Satinado\/pulido<\/li>\n<li>  Triple <label> cierre <\/label> desplegable con cierre de seguridad, Acero, Pulido<\/li>\n<\/ul>\n<\/div>\n<\/li>\n<\/ul>\n<\/div>\n<\/li>\n<\/ul>\n<\/div>\n<\/li>\n<\/ul>\n<\/div>\n<\/li>\n<\/ul>\n<\/div>\n","protected":false},"excerpt":{"rendered":"<p>BAUME &amp; MERCIER RIVIERA REF. 10683 Descripci\u00f3n Creado en 1973, el reloj Riviera regresa este a\u00f1o para revivir el esp\u00edritu de una \u00e9poca ilustre de la relojer\u00eda. Aqu\u00ed est\u00e1 en 2021, revisitado pero con la misma autenticidad: una caja de acero de dimensiones equilibradas, un bisel dodecagonal provisto de cuatro tornillos, un movimiento autom\u00e1tico o [&hellip;]<\/p>\n","protected":false},"featured_media":169045,"template":"","meta":{"_crdt_document":"","advanced_seo_description":"","jetpack_seo_html_title":"","jetpack_seo_noindex":false},"product_brand":[],"product_cat":[2613],"product_tag":[2619],"berocket_brand":[],"woo-feed-brand":[],"class_list":{"0":"post-68670","1":"product","2":"type-product","3":"status-publish","4":"has-post-thumbnail","6":"product_cat-baume-mercier-es","7":"product_tag-riviera-es","9":"first","10":"instock","11":"sale","12":"taxable","13":"shipping-taxable","14":"purchasable","15":"product-type-simple"},"bundled_by":[],"bundle_stock_status":"instock","bundle_stock_quantity":1,"bundle_virtual":false,"bundle_layout":"","bundle_add_to_cart_form_location":"","bundle_editable_in_cart":false,"bundle_sold_individually_context":"","bundle_item_grouping":"","bundle_min_size":"","bundle_max_size":"","bundle_price":[],"bundled_items":[],"bundle_sell_ids":[],"group_of_quantity":0,"min_quantity":0,"max_quantity":"","exclude_order_quantity_value_rules":"no","exclude_category_quantity_rules":"no","combine_variations":"no","exclude_global_add_ons":[],"addons":[],"jetpack_sharing_enabled":true,"jetpack_likes_enabled":true,"_links":{"self":[{"href":"https:\/\/watchdeluxe.it\/es\/wp-json\/wp\/v2\/product\/68670","targetHints":{"allow":["GET"]}}],"collection":[{"href":"https:\/\/watchdeluxe.it\/es\/wp-json\/wp\/v2\/product"}],"about":[{"href":"https:\/\/watchdeluxe.it\/es\/wp-json\/wp\/v2\/types\/product"}],"wp:featuredmedia":[{"embeddable":true,"href":"https:\/\/watchdeluxe.it\/es\/wp-json\/wp\/v2\/media\/169045"}],"wp:attachment":[{"href":"https:\/\/watchdeluxe.it\/es\/wp-json\/wp\/v2\/media?parent=68670"}],"wp:term":[{"taxonomy":"product_brand","embeddable":true,"href":"https:\/\/watchdeluxe.it\/es\/wp-json\/wp\/v2\/product_brand?post=68670"},{"taxonomy":"product_cat","embeddable":true,"href":"https:\/\/watchdeluxe.it\/es\/wp-json\/wp\/v2\/product_cat?post=68670"},{"taxonomy":"product_tag","embeddable":true,"href":"https:\/\/watchdeluxe.it\/es\/wp-json\/wp\/v2\/product_tag?post=68670"},{"taxonomy":"berocket_brand","embeddable":true,"href":"https:\/\/watchdeluxe.it\/es\/wp-json\/wp\/v2\/berocket_brand?post=68670"},{"taxonomy":"woo-feed-brand","embeddable":true,"href":"https:\/\/watchdeluxe.it\/es\/wp-json\/wp\/v2\/woo-feed-brand?post=68670"}],"curies":[{"name":"wp","href":"https:\/\/api.w.org\/{rel}","templated":true}]}}