{"id":68615,"date":"2023-03-22T10:36:46","date_gmt":"2023-03-22T09:36:46","guid":{"rendered":"https:\/\/watchdeluxe.it\/prodotto\/baume-mercier-classima-ref-m0a10607\/"},"modified":"2026-04-06T02:15:08","modified_gmt":"2026-04-06T00:15:08","slug":"baume-mercier-classima-ref-10607","status":"publish","type":"product","link":"https:\/\/watchdeluxe.it\/es\/prodotto\/baume-mercier-classima-ref-10607\/","title":{"rendered":"BAUME &amp; MERCIER CLASSIMA REF. M0A10607"},"content":{"rendered":"<p>BAUME &amp; MERCIER CLASSIMA REF. 10607<\/p>\n<h3 class=\"h1-title\">Descripci\u00f3n<\/h3>\n<p class=\"product-detail__description--desktop\">Classima es el cl\u00e1sico reloj redondo de proporciones perfectamente equilibradas y agradable de llevar. Baume &amp; Mercier aporta un toque moderno a esta apreciada colecci\u00f3n con una amplia gama de materiales, desde los m\u00e1s tradicionales a los m\u00e1s innovadores. Una paleta de colores sin precedentes para un inesperado estallido de creatividad.<\/p>\n<div class=\"product-specifications__list\">\n<h4 id=\"technicalitem0\" class=\"open\">Caracter\u00edsticas<\/h4>\n<ul>\n<li>Reloj de cuarzo<\/li>\n<li>Resistencia al agua: 5 ATM (aprox. 50 metros)<\/li>\n<li>Fecha<\/li>\n<li>\n<h4 id=\"technicalitem1\" class=\"open\">Movimiento<\/h4>\n<ul>\n<li>Fabricado en Suiza<\/li>\n<li><label>  Energ\u00eda  <\/label><\/li>\n<li>\n<div class=\"product-specifications__list\">\n<h4 id=\"technicalitem2\" class=\"open\">Caso<\/h4>\n<ul>\n<li> <label> Forma <\/label> redonda<\/li>\n<li> <label> Di\u00e1metro <\/label>: 42 mm<\/li>\n<li> <label> Grosor <\/label> 6,1 mm<\/li>\n<li> <label> Material y acabado <\/label> Acero<\/li>\n<li>\n<div class=\"product-specifications__list\">\n<h4 id=\"technicalitem3\" class=\"open\">Marque<\/h4>\n<ul>\n<li> <label> Colores y <\/label> acabados Verde, acabado &#8220;soleil&#8221; satinado<\/li>\n<li> <label> Figuras <\/label> romanas<\/li>\n<li> <label> Manecillas <\/label> rodiadas, Hoja<\/li>\n<li>\n<div class=\"product-specifications__list\">\n<h4 id=\"technicalitem4\" class=\"open\">Correa<\/h4>\n<ul>\n<li> <label> Material <\/label> Becerro, Gris Marr\u00f3n<\/li>\n<li> <label> Hebilla <\/label> Hebilla de clavija, acabado pulido<\/li>\n<\/ul>\n<\/div>\n<\/li>\n<\/ul>\n<\/div>\n<\/li>\n<\/ul>\n<\/div>\n<\/li>\n<\/ul>\n<\/li>\n<\/ul>\n<\/div>\n<p class=\"product-detail__description--desktop\">\n","protected":false},"excerpt":{"rendered":"<p>BAUME &amp; MERCIER CLASSIMA REF. 10607 Descripci\u00f3n Classima es el cl\u00e1sico reloj redondo de proporciones perfectamente equilibradas y agradable de llevar. Baume &amp; Mercier aporta un toque moderno a esta apreciada colecci\u00f3n con una amplia gama de materiales, desde los m\u00e1s tradicionales a los m\u00e1s innovadores. Una paleta de colores sin precedentes para un inesperado [&hellip;]<\/p>\n","protected":false},"featured_media":169003,"template":"","meta":{"_crdt_document":"","advanced_seo_description":"","jetpack_seo_html_title":"","jetpack_seo_noindex":false},"product_brand":[],"product_cat":[2613],"product_tag":[2615],"berocket_brand":[],"woo-feed-brand":[],"class_list":{"0":"post-68615","1":"product","2":"type-product","3":"status-publish","4":"has-post-thumbnail","6":"product_cat-baume-mercier-es","7":"product_tag-classima-es","9":"first","10":"instock","11":"sale","12":"taxable","13":"shipping-taxable","14":"purchasable","15":"product-type-simple"},"bundled_by":[],"bundle_stock_status":"instock","bundle_stock_quantity":1,"bundle_virtual":false,"bundle_layout":"","bundle_add_to_cart_form_location":"","bundle_editable_in_cart":false,"bundle_sold_individually_context":"","bundle_item_grouping":"","bundle_min_size":"","bundle_max_size":"","bundle_price":[],"bundled_items":[],"bundle_sell_ids":[],"group_of_quantity":0,"min_quantity":0,"max_quantity":"","exclude_order_quantity_value_rules":"no","exclude_category_quantity_rules":"no","combine_variations":"no","jetpack_sharing_enabled":true,"jetpack_likes_enabled":true,"_links":{"self":[{"href":"https:\/\/watchdeluxe.it\/es\/wp-json\/wp\/v2\/product\/68615","targetHints":{"allow":["GET"]}}],"collection":[{"href":"https:\/\/watchdeluxe.it\/es\/wp-json\/wp\/v2\/product"}],"about":[{"href":"https:\/\/watchdeluxe.it\/es\/wp-json\/wp\/v2\/types\/product"}],"wp:featuredmedia":[{"embeddable":true,"href":"https:\/\/watchdeluxe.it\/es\/wp-json\/wp\/v2\/media\/169003"}],"wp:attachment":[{"href":"https:\/\/watchdeluxe.it\/es\/wp-json\/wp\/v2\/media?parent=68615"}],"wp:term":[{"taxonomy":"product_brand","embeddable":true,"href":"https:\/\/watchdeluxe.it\/es\/wp-json\/wp\/v2\/product_brand?post=68615"},{"taxonomy":"product_cat","embeddable":true,"href":"https:\/\/watchdeluxe.it\/es\/wp-json\/wp\/v2\/product_cat?post=68615"},{"taxonomy":"product_tag","embeddable":true,"href":"https:\/\/watchdeluxe.it\/es\/wp-json\/wp\/v2\/product_tag?post=68615"},{"taxonomy":"berocket_brand","embeddable":true,"href":"https:\/\/watchdeluxe.it\/es\/wp-json\/wp\/v2\/berocket_brand?post=68615"},{"taxonomy":"woo-feed-brand","embeddable":true,"href":"https:\/\/watchdeluxe.it\/es\/wp-json\/wp\/v2\/woo-feed-brand?post=68615"}],"curies":[{"name":"wp","href":"https:\/\/api.w.org\/{rel}","templated":true}]}}