{"id":68558,"date":"2023-03-22T10:36:49","date_gmt":"2023-03-22T09:36:49","guid":{"rendered":"https:\/\/watchdeluxe.it\/prodotto\/baume-mercier-hampton-ref-m0a10522\/"},"modified":"2026-04-06T02:13:26","modified_gmt":"2026-04-06T00:13:26","slug":"baume-mercier-hampton-ref-m0a10522","status":"publish","type":"product","link":"https:\/\/watchdeluxe.it\/es\/prodotto\/baume-mercier-hampton-ref-m0a10522\/","title":{"rendered":"BAUME &amp; MERCIER HAMPTON REF. M0A10522"},"content":{"rendered":"<p>BAUME &amp; MERCIER HAMPTON REF. 10522<\/p>\n<h3 class=\"h1-title\">Descripci\u00f3n<\/h3>\n<p class=\"product-detail__description--desktop\">El moderno y refinado reloj Hampton presenta una correa de alig\u00e1tor negra con escamas cuadradas y pespuntes grises y una caja de acero con acabado pulido. La esfera opalina con acabado perlado, visible a trav\u00e9s del cristal de zafiro abombado, luce \u00edndices y n\u00fameros \u00e1rabes de rutenio negro.<\/p>\n<h4 id=\"technicalitem0\" class=\"open\">Caracter\u00edsticas<\/h4>\n<ul>\n<li>Reloj Autom\u00e1tico<\/li>\n<li>Reserva de marcha: 38 hora(s)<\/li>\n<li>Resistencia al agua: 5 ATM (aprox. 50 metros)<\/li>\n<li>\n<div class=\"product-specifications__list\">\n<h4 id=\"technicalitem1\" class=\"open\">Movimiento<\/h4>\n<ul>\n<li>Fabricado en Suiza<\/li>\n<li>\n<\/li>\n<li> <label> Energ\u00eda <\/label> Autom\u00e1tica, bobinado autom\u00e1tico<\/li>\n<li> <label> Frecuencia <\/label> 28800.0vph\/4.0hz<\/li>\n<li> <label> Rub\u00edes <\/label> 21<\/li>\n<li>\n<div class=\"product-specifications__list\">\n<h4 id=\"technicalitem2\" class=\"open\">Caso<\/h4>\n<ul>\n<li> <label> Forma <\/label> rectangular<\/li>\n<li> <label> Medida <\/label> Ancho: 27,5 mm x Largo: 43,0 mm<\/li>\n<li> <label> Grosor <\/label> 9,95 mm<\/li>\n<li> <label> Material y acabado <\/label> Acero, pulido<\/li>\n<li> <label> Dorso <\/label> Cristal de zafiro, Con tornillos<\/li>\n<li>\n<div class=\"product-specifications__list\">\n<h4 id=\"technicalitem3\" class=\"open\">Marque<\/h4>\n<ul>\n<li> <label> Colores y acabados <\/label> plateado, opalino<\/li>\n<li> <label> N\u00fameros ar\u00e1bigos <\/label>, remachados<\/li>\n<li> <label> \u00cdndices <\/label> remachados<\/li>\n<li> <label> Manos <\/label> negras, Gladio<\/li>\n<li>\n<div class=\"product-specifications__list\">\n<h4 id=\"technicalitem4\" class=\"open\">Correa<\/h4>\n<ul>\n<li> <label> Material <\/label> Piel de caim\u00e1n, negra<\/li>\n<li> <label> Hebilla <\/label> Hebilla triple plegable ajustable con cierre de seguridad, acabado pulido<\/li>\n<\/ul>\n<\/div>\n<\/li>\n<\/ul>\n<\/div>\n<\/li>\n<\/ul>\n<\/div>\n<\/li>\n<\/ul>\n<\/div>\n<\/li>\n<\/ul>\n","protected":false},"excerpt":{"rendered":"<p>BAUME &amp; MERCIER HAMPTON REF. 10522 Descripci\u00f3n El moderno y refinado reloj Hampton presenta una correa de alig\u00e1tor negra con escamas cuadradas y pespuntes grises y una caja de acero con acabado pulido. La esfera opalina con acabado perlado, visible a trav\u00e9s del cristal de zafiro abombado, luce \u00edndices y n\u00fameros \u00e1rabes de rutenio negro. [&hellip;]<\/p>\n","protected":false},"featured_media":149482,"template":"","meta":{"_crdt_document":"","advanced_seo_description":"","jetpack_seo_html_title":"","jetpack_seo_noindex":false},"product_brand":[],"product_cat":[2613],"product_tag":[4563],"berocket_brand":[],"woo-feed-brand":[],"class_list":{"0":"post-68558","1":"product","2":"type-product","3":"status-publish","4":"has-post-thumbnail","6":"product_cat-baume-mercier-es","7":"product_tag-hampton-es-3","9":"first","10":"instock","11":"sale","12":"taxable","13":"shipping-taxable","14":"purchasable","15":"product-type-simple"},"bundled_by":[],"bundle_stock_status":"instock","bundle_stock_quantity":1,"bundle_virtual":false,"bundle_layout":"","bundle_add_to_cart_form_location":"","bundle_editable_in_cart":false,"bundle_sold_individually_context":"","bundle_item_grouping":"","bundle_min_size":"","bundle_max_size":"","bundle_price":[],"bundled_items":[],"bundle_sell_ids":[],"group_of_quantity":0,"min_quantity":0,"max_quantity":"","exclude_order_quantity_value_rules":"no","exclude_category_quantity_rules":"no","combine_variations":"no","jetpack_sharing_enabled":true,"jetpack_likes_enabled":true,"_links":{"self":[{"href":"https:\/\/watchdeluxe.it\/es\/wp-json\/wp\/v2\/product\/68558","targetHints":{"allow":["GET"]}}],"collection":[{"href":"https:\/\/watchdeluxe.it\/es\/wp-json\/wp\/v2\/product"}],"about":[{"href":"https:\/\/watchdeluxe.it\/es\/wp-json\/wp\/v2\/types\/product"}],"wp:featuredmedia":[{"embeddable":true,"href":"https:\/\/watchdeluxe.it\/es\/wp-json\/wp\/v2\/media\/149482"}],"wp:attachment":[{"href":"https:\/\/watchdeluxe.it\/es\/wp-json\/wp\/v2\/media?parent=68558"}],"wp:term":[{"taxonomy":"product_brand","embeddable":true,"href":"https:\/\/watchdeluxe.it\/es\/wp-json\/wp\/v2\/product_brand?post=68558"},{"taxonomy":"product_cat","embeddable":true,"href":"https:\/\/watchdeluxe.it\/es\/wp-json\/wp\/v2\/product_cat?post=68558"},{"taxonomy":"product_tag","embeddable":true,"href":"https:\/\/watchdeluxe.it\/es\/wp-json\/wp\/v2\/product_tag?post=68558"},{"taxonomy":"berocket_brand","embeddable":true,"href":"https:\/\/watchdeluxe.it\/es\/wp-json\/wp\/v2\/berocket_brand?post=68558"},{"taxonomy":"woo-feed-brand","embeddable":true,"href":"https:\/\/watchdeluxe.it\/es\/wp-json\/wp\/v2\/woo-feed-brand?post=68558"}],"curies":[{"name":"wp","href":"https:\/\/api.w.org\/{rel}","templated":true}]}}