{"id":68531,"date":"2023-03-22T10:36:51","date_gmt":"2023-03-22T09:36:51","guid":{"rendered":"https:\/\/watchdeluxe.it\/prodotto\/baume-mercier-clifton-club-ref-m0a10337\/"},"modified":"2026-04-06T02:11:41","modified_gmt":"2026-04-06T00:11:41","slug":"baume-mercier-clifton-club-ref-10337","status":"publish","type":"product","link":"https:\/\/watchdeluxe.it\/es\/prodotto\/baume-mercier-clifton-club-ref-10337\/","title":{"rendered":"BAUME &amp; MERCIER CLIFTON CLUB REF. M0A10337"},"content":{"rendered":"<p>BAUME &amp; MERCIER CLIFTON CLUB REF. 10337<\/p>\n<h3 class=\"h1-title\">Descripci\u00f3n<\/h3>\n<p class=\"product-detail__description--desktop\">Este reloj autom\u00e1tico de caballero con correa de tela de vela naranja y negra tiene una caja redonda de 42 mm de di\u00e1metro de acero satinado con esfera blanca. Incorpora agujas e \u00edndices tratados con Superluminova con luminiscencia verde. Perfecto para el hombre que lleva un estilo de vida activo, el reloj deportivo Clifton Club 10337 es resistente al agua hasta 100 metros y ha sido sometido a pruebas de resistencia a los golpes hasta 550G. incluye una ventana de fecha a las 3 e indicadores de hora alrededor del bisel.<\/p>\n<h4 id=\"technicalitem0\" class=\"open\">Caracter\u00edsticas<\/h4>\n<ul>\n<li>Reloj Autom\u00e1tico<\/li>\n<li>Reserva de marcha: 38 hora(s)<\/li>\n<li>Resistencia al agua: 10 ATM (aprox. 100 metros)<\/li>\n<li>\n<div class=\"product-specifications__list\">\n<h4 id=\"technicalitem1\" class=\"open\">Movimiento<\/h4>\n<ul>\n<li>Fabricado en Suiza<\/li>\n<li>\n<\/li>\n<li> <label> Energ\u00eda <\/label> Autom\u00e1tica, bobinado autom\u00e1tico<\/li>\n<li> <label> Frecuencia <\/label> 28800.0vph\/4.0hz<\/li>\n<li> <label> Rub\u00edes <\/label> 26<\/li>\n<li>\n<div class=\"product-specifications__list\">\n<h4 id=\"technicalitem2\" class=\"open\">Caso<\/h4>\n<ul>\n<li> <label> Forma <\/label> redonda<\/li>\n<li> <label> Di\u00e1metro <\/label>: 42 mm<\/li>\n<li> <label> Grosor <\/label> 10,3 mm<\/li>\n<li> <label> Material y acabado <\/label> Acero, pulido satinado<\/li>\n<li> <label> Bisel <\/label> unidireccional<\/li>\n<li> <label> Fondo <\/label> de caja Fondo de caja cerrado, Con tornillos<\/li>\n<li>\n<div class=\"product-specifications__list\">\n<h4 id=\"technicalitem3\" class=\"open\">Marque<\/h4>\n<ul>\n<li> <label> Colores y acabados <\/label> Blanco<\/li>\n<li> <label> \u00cdndices <\/label> remachados<\/li>\n<li> <label> Agujas <\/label> rodiadas, Superluminova C1, emisi\u00f3n verde<\/li>\n<li>\n<div class=\"product-specifications__list\">\n<h4 id=\"technicalitem4\" class=\"open\">Correa<\/h4>\n<ul>\n<li> <label> Hebilla <\/label> Hebilla triple plegable ajustable con cierre de seguridad, acabado pulido<\/li>\n<\/ul>\n<\/div>\n<\/li>\n<\/ul>\n<\/div>\n<\/li>\n<\/ul>\n<\/div>\n<\/li>\n<\/ul>\n<\/div>\n<\/li>\n<\/ul>\n<p class=\"product-detail__description--desktop\">\n","protected":false},"excerpt":{"rendered":"<p>BAUME &amp; MERCIER CLIFTON CLUB REF. 10337 Descripci\u00f3n Este reloj autom\u00e1tico de caballero con correa de tela de vela naranja y negra tiene una caja redonda de 42 mm de di\u00e1metro de acero satinado con esfera blanca. Incorpora agujas e \u00edndices tratados con Superluminova con luminiscencia verde. Perfecto para el hombre que lleva un estilo [&hellip;]<\/p>\n","protected":false},"featured_media":160554,"template":"","meta":{"_crdt_document":"","advanced_seo_description":"","jetpack_seo_html_title":"","jetpack_seo_noindex":false},"product_brand":[],"product_cat":[2613],"product_tag":[2618],"berocket_brand":[],"woo-feed-brand":[],"class_list":{"0":"post-68531","1":"product","2":"type-product","3":"status-publish","4":"has-post-thumbnail","6":"product_cat-baume-mercier-es","7":"product_tag-clifton-es","9":"first","10":"instock","11":"sale","12":"taxable","13":"shipping-taxable","14":"purchasable","15":"product-type-simple"},"bundled_by":[],"bundle_stock_status":"instock","bundle_stock_quantity":1,"bundle_virtual":false,"bundle_layout":"","bundle_add_to_cart_form_location":"","bundle_editable_in_cart":false,"bundle_sold_individually_context":"","bundle_item_grouping":"","bundle_min_size":"","bundle_max_size":"","bundle_price":[],"bundled_items":[],"bundle_sell_ids":[],"group_of_quantity":0,"min_quantity":0,"max_quantity":"","exclude_order_quantity_value_rules":"no","exclude_category_quantity_rules":"no","combine_variations":"no","jetpack_sharing_enabled":true,"jetpack_likes_enabled":true,"_links":{"self":[{"href":"https:\/\/watchdeluxe.it\/es\/wp-json\/wp\/v2\/product\/68531","targetHints":{"allow":["GET"]}}],"collection":[{"href":"https:\/\/watchdeluxe.it\/es\/wp-json\/wp\/v2\/product"}],"about":[{"href":"https:\/\/watchdeluxe.it\/es\/wp-json\/wp\/v2\/types\/product"}],"wp:featuredmedia":[{"embeddable":true,"href":"https:\/\/watchdeluxe.it\/es\/wp-json\/wp\/v2\/media\/160554"}],"wp:attachment":[{"href":"https:\/\/watchdeluxe.it\/es\/wp-json\/wp\/v2\/media?parent=68531"}],"wp:term":[{"taxonomy":"product_brand","embeddable":true,"href":"https:\/\/watchdeluxe.it\/es\/wp-json\/wp\/v2\/product_brand?post=68531"},{"taxonomy":"product_cat","embeddable":true,"href":"https:\/\/watchdeluxe.it\/es\/wp-json\/wp\/v2\/product_cat?post=68531"},{"taxonomy":"product_tag","embeddable":true,"href":"https:\/\/watchdeluxe.it\/es\/wp-json\/wp\/v2\/product_tag?post=68531"},{"taxonomy":"berocket_brand","embeddable":true,"href":"https:\/\/watchdeluxe.it\/es\/wp-json\/wp\/v2\/berocket_brand?post=68531"},{"taxonomy":"woo-feed-brand","embeddable":true,"href":"https:\/\/watchdeluxe.it\/es\/wp-json\/wp\/v2\/woo-feed-brand?post=68531"}],"curies":[{"name":"wp","href":"https:\/\/api.w.org\/{rel}","templated":true}]}}