{"id":68520,"date":"2023-03-22T10:36:54","date_gmt":"2023-03-22T09:36:54","guid":{"rendered":"https:\/\/watchdeluxe.it\/prodotto\/baume-mercier-promesse-ref-m0a10158\/"},"modified":"2026-04-06T02:17:03","modified_gmt":"2026-04-06T00:17:03","slug":"baume-mercier-promesse-ref-m0a10158","status":"publish","type":"product","link":"https:\/\/watchdeluxe.it\/es\/prodotto\/baume-mercier-promesse-ref-m0a10158\/","title":{"rendered":"BAUME &amp; MERCIER PROMESSE REF. M0A10158"},"content":{"rendered":"<p>BAUME &amp; MERCIER PROMESSE REF. 10158<\/p>\n<p>Reloj de se\u00f1ora de acero, Promesse 10158 tiene esfera de n\u00e1car blanco y diamantes, caja redonda de acero de 30 mm, movimiento de cuarzo.<\/p>\n<div class=\"product-specifications__list\">\n<h4 id=\"technicalitem0\" class=\"open\">Caracter\u00edsticas<\/h4>\n<ul>\n<li>Reloj de cuarzo<\/li>\n<li>Resistencia al agua: 5 ATM (aprox. 50 metros)<\/li>\n<li>\n<div class=\"product-specifications__list\">\n<h4 id=\"technicalitem1\" class=\"open\">Movimiento<\/h4>\n<ul>\n<li>Fabricado en Suiza<\/li>\n<li>\n<\/li>\n<li> <label> Energ\u00eda de <\/label> cuarzo<\/li>\n<li>\n<div class=\"product-specifications__list\">\n<h4 id=\"technicalitem2\" class=\"open\">Caso<\/h4>\n<ul>\n<li> <label> Forma <\/label> redonda<\/li>\n<li> <label> Medida <\/label> del di\u00e1metro: 30 mm<\/li>\n<li> <label> Grosor <\/label> 7,4 mm<\/li>\n<li> <label> Material y acabado <\/label> Acero, pulido<\/li>\n<li> <label> Fondo <\/label> de caja Fondo de caja cerrado, Con tornillos<\/li>\n<li>\n<div class=\"product-specifications__list\">\n<h4 id=\"technicalitem3\" class=\"open\">Marque<\/h4>\n<ul>\n<li> <label> Colores y acabados <\/label> N\u00e1car con diamantes<\/li>\n<li> <label> Figuras <\/label> romanas<\/li>\n<li> <label> \u00cdndices <\/label> \u00cdndices diamante<\/li>\n<li> <label> Manos <\/label> Dauphine<\/li>\n<li>\n<div class=\"product-specifications__list\">\n<h4 id=\"technicalitem4\" class=\"open\">Correa<\/h4>\n<ul>\n<li> <label> Material <\/label> Acero, pulido<\/li>\n<li>  Triple <label> cierre <\/label> desplegable con cierre de seguridad, Acero, Pulido<\/li>\n<\/ul>\n<\/div>\n<\/li>\n<\/ul>\n<\/div>\n<\/li>\n<\/ul>\n<\/div>\n<\/li>\n<\/ul>\n<\/div>\n<\/li>\n<\/ul>\n<\/div>\n","protected":false},"excerpt":{"rendered":"<p>BAUME &amp; MERCIER PROMESSE REF. 10158 Reloj de se\u00f1ora de acero, Promesse 10158 tiene esfera de n\u00e1car blanco y diamantes, caja redonda de acero de 30 mm, movimiento de cuarzo. Caracter\u00edsticas Reloj de cuarzo Resistencia al agua: 5 ATM (aprox. 50 metros) Movimiento Fabricado en Suiza Energ\u00eda de cuarzo Caso Forma redonda Medida del di\u00e1metro: [&hellip;]<\/p>\n","protected":false},"featured_media":168889,"template":"","meta":{"_crdt_document":"","advanced_seo_description":"","jetpack_seo_html_title":"","jetpack_seo_noindex":false},"product_brand":[],"product_cat":[2613],"product_tag":[2627],"berocket_brand":[],"woo-feed-brand":[],"class_list":{"0":"post-68520","1":"product","2":"type-product","3":"status-publish","4":"has-post-thumbnail","6":"product_cat-baume-mercier-es","7":"product_tag-promesas","9":"first","10":"instock","11":"sale","12":"taxable","13":"shipping-taxable","14":"purchasable","15":"product-type-simple"},"bundled_by":[],"bundle_stock_status":"instock","bundle_stock_quantity":1,"bundle_virtual":false,"bundle_layout":"","bundle_add_to_cart_form_location":"","bundle_editable_in_cart":false,"bundle_sold_individually_context":"","bundle_item_grouping":"","bundle_min_size":"","bundle_max_size":"","bundle_price":[],"bundled_items":[],"bundle_sell_ids":[],"group_of_quantity":0,"min_quantity":0,"max_quantity":"","exclude_order_quantity_value_rules":"no","exclude_category_quantity_rules":"no","combine_variations":"no","jetpack_sharing_enabled":true,"jetpack_likes_enabled":true,"_links":{"self":[{"href":"https:\/\/watchdeluxe.it\/es\/wp-json\/wp\/v2\/product\/68520","targetHints":{"allow":["GET"]}}],"collection":[{"href":"https:\/\/watchdeluxe.it\/es\/wp-json\/wp\/v2\/product"}],"about":[{"href":"https:\/\/watchdeluxe.it\/es\/wp-json\/wp\/v2\/types\/product"}],"wp:featuredmedia":[{"embeddable":true,"href":"https:\/\/watchdeluxe.it\/es\/wp-json\/wp\/v2\/media\/168889"}],"wp:attachment":[{"href":"https:\/\/watchdeluxe.it\/es\/wp-json\/wp\/v2\/media?parent=68520"}],"wp:term":[{"taxonomy":"product_brand","embeddable":true,"href":"https:\/\/watchdeluxe.it\/es\/wp-json\/wp\/v2\/product_brand?post=68520"},{"taxonomy":"product_cat","embeddable":true,"href":"https:\/\/watchdeluxe.it\/es\/wp-json\/wp\/v2\/product_cat?post=68520"},{"taxonomy":"product_tag","embeddable":true,"href":"https:\/\/watchdeluxe.it\/es\/wp-json\/wp\/v2\/product_tag?post=68520"},{"taxonomy":"berocket_brand","embeddable":true,"href":"https:\/\/watchdeluxe.it\/es\/wp-json\/wp\/v2\/berocket_brand?post=68520"},{"taxonomy":"woo-feed-brand","embeddable":true,"href":"https:\/\/watchdeluxe.it\/es\/wp-json\/wp\/v2\/woo-feed-brand?post=68520"}],"curies":[{"name":"wp","href":"https:\/\/api.w.org\/{rel}","templated":true}]}}