{"id":68505,"date":"2023-03-22T10:36:51","date_gmt":"2023-03-22T09:36:51","guid":{"rendered":"https:\/\/watchdeluxe.it\/prodotto\/baume-mercier-calssima-ref-m0a10354\/"},"modified":"2026-04-06T02:12:51","modified_gmt":"2026-04-06T00:12:51","slug":"baume-mercier-calssima-ref-10354","status":"publish","type":"product","link":"https:\/\/watchdeluxe.it\/es\/prodotto\/baume-mercier-calssima-ref-10354\/","title":{"rendered":"BAUME &amp; MERCIER CALSSIMA REF. M0A10354"},"content":{"rendered":"<p>BAUME &amp; MERCIER CALSSIMA REF. 10354<\/p>\n<p>De estilo contempor\u00e1neo, este reloj suizo para hombre con caja de 40 mm est\u00e1 dedicado al profesional moderno que aprecia una est\u00e9tica m\u00e1s sofisticada. La ventanilla de la fecha est\u00e1 situada a las 3 y los ic\u00f3nicos n\u00fameros romanos marcan las horas sobre el fondo de una esfera blanca. El brazalete de acero pulido con triple cierre desplegable de seguridad combina a la perfecci\u00f3n con la caja de acero. Dise\u00f1ado para marcar el tiempo con precisi\u00f3n, el Classima 10354 funciona con un movimiento de cuarzo de fabricaci\u00f3n suiza.<\/p>\n<div class=\"product-specifications__list\">\n<h4 id=\"technicalitem0\" class=\"open\">Caracter\u00edsticas<\/h4>\n<ul>\n<li>Reloj de cuarzo<\/li>\n<li>Resistencia al agua: 5 ATM (aprox. 50 metros)<\/li>\n<li>Fecha<\/li>\n<li>\n<h4 id=\"technicalitem1\" class=\"open\">Movimiento<\/h4>\n<ul>\n<li>Fabricado en Suiza<\/li>\n<li><label>  Energ\u00eda  <\/label><\/li>\n<li>\n<div class=\"product-specifications__list\">\n<h4 id=\"technicalitem2\" class=\"open\">Caso<\/h4>\n<ul>\n<li> <label> Forma <\/label> redonda<\/li>\n<li> <label> Medida <\/label> del di\u00e1metro: 40 mm<\/li>\n<li> <label> Grosor <\/label> 5,95 mm<\/li>\n<li> <label> Material y acabado <\/label> Acero<\/li>\n<li>\n<div class=\"product-specifications__list\">\n<h4 id=\"technicalitem3\" class=\"open\">Marque<\/h4>\n<ul>\n<li> <label> Colores y acabados <\/label> Blanco, No<\/li>\n<li> <label> Figuras <\/label> romanas<\/li>\n<li> <label> Manecillas <\/label> rodiadas, Hoja<\/li>\n<li>\n<div class=\"product-specifications__list\">\n<h4 id=\"technicalitem4\" class=\"open\">Correa<\/h4>\n<ul>\n<li> <label> Material <\/label> Acero, (acabado) Satinado\/pulido<\/li>\n<li>  Triple <label> cierre <\/label> desplegable con cierre de seguridad, Acero, Pulido<\/li>\n<\/ul>\n<\/div>\n<\/li>\n<\/ul>\n<\/div>\n<\/li>\n<\/ul>\n<\/div>\n<\/li>\n<\/ul>\n<\/li>\n<\/ul>\n<\/div>\n","protected":false},"excerpt":{"rendered":"<p>BAUME &amp; MERCIER CALSSIMA REF. 10354 De estilo contempor\u00e1neo, este reloj suizo para hombre con caja de 40 mm est\u00e1 dedicado al profesional moderno que aprecia una est\u00e9tica m\u00e1s sofisticada. La ventanilla de la fecha est\u00e1 situada a las 3 y los ic\u00f3nicos n\u00fameros romanos marcan las horas sobre el fondo de una esfera blanca. [&hellip;]<\/p>\n","protected":false},"featured_media":160536,"template":"","meta":{"_crdt_document":"","advanced_seo_description":"","jetpack_seo_html_title":"","jetpack_seo_noindex":false},"product_brand":[],"product_cat":[2613],"product_tag":[2615],"berocket_brand":[],"woo-feed-brand":[],"class_list":{"0":"post-68505","1":"product","2":"type-product","3":"status-publish","4":"has-post-thumbnail","6":"product_cat-baume-mercier-es","7":"product_tag-classima-es","9":"first","10":"instock","11":"sale","12":"taxable","13":"shipping-taxable","14":"purchasable","15":"product-type-simple"},"bundled_by":[],"bundle_stock_status":"instock","bundle_stock_quantity":1,"bundle_virtual":false,"bundle_layout":"","bundle_add_to_cart_form_location":"","bundle_editable_in_cart":false,"bundle_sold_individually_context":"","bundle_item_grouping":"","bundle_min_size":"","bundle_max_size":"","bundle_price":[],"bundled_items":[],"bundle_sell_ids":[],"group_of_quantity":0,"min_quantity":0,"max_quantity":"","exclude_order_quantity_value_rules":"no","exclude_category_quantity_rules":"no","combine_variations":"no","jetpack_sharing_enabled":true,"jetpack_likes_enabled":true,"_links":{"self":[{"href":"https:\/\/watchdeluxe.it\/es\/wp-json\/wp\/v2\/product\/68505","targetHints":{"allow":["GET"]}}],"collection":[{"href":"https:\/\/watchdeluxe.it\/es\/wp-json\/wp\/v2\/product"}],"about":[{"href":"https:\/\/watchdeluxe.it\/es\/wp-json\/wp\/v2\/types\/product"}],"wp:featuredmedia":[{"embeddable":true,"href":"https:\/\/watchdeluxe.it\/es\/wp-json\/wp\/v2\/media\/160536"}],"wp:attachment":[{"href":"https:\/\/watchdeluxe.it\/es\/wp-json\/wp\/v2\/media?parent=68505"}],"wp:term":[{"taxonomy":"product_brand","embeddable":true,"href":"https:\/\/watchdeluxe.it\/es\/wp-json\/wp\/v2\/product_brand?post=68505"},{"taxonomy":"product_cat","embeddable":true,"href":"https:\/\/watchdeluxe.it\/es\/wp-json\/wp\/v2\/product_cat?post=68505"},{"taxonomy":"product_tag","embeddable":true,"href":"https:\/\/watchdeluxe.it\/es\/wp-json\/wp\/v2\/product_tag?post=68505"},{"taxonomy":"berocket_brand","embeddable":true,"href":"https:\/\/watchdeluxe.it\/es\/wp-json\/wp\/v2\/berocket_brand?post=68505"},{"taxonomy":"woo-feed-brand","embeddable":true,"href":"https:\/\/watchdeluxe.it\/es\/wp-json\/wp\/v2\/woo-feed-brand?post=68505"}],"curies":[{"name":"wp","href":"https:\/\/api.w.org\/{rel}","templated":true}]}}