{"id":68495,"date":"2023-03-22T10:36:52","date_gmt":"2023-03-22T09:36:52","guid":{"rendered":"https:\/\/watchdeluxe.it\/prodotto\/baume-merciere-classima-ref-m0a10330\/"},"modified":"2026-04-06T02:18:51","modified_gmt":"2026-04-06T00:18:51","slug":"baume-merciere-classima-ref-m0a10330","status":"publish","type":"product","link":"https:\/\/watchdeluxe.it\/es\/prodotto\/baume-merciere-classima-ref-m0a10330\/","title":{"rendered":"BAUME &amp; MERCIERE CLASSIMA REF. M0A10330"},"content":{"rendered":"<p>BAUME &amp; MERCIERE CLASSIMA REF. 10330<\/p>\n<p>Este cron\u00f3grafo autom\u00e1tico redondo de 42 mm presenta una caja de acero pulido, esfera plateada con acabado opalino y agujas de acero azulado. Tres esferas m\u00e1s peque\u00f1as y una ventana de fecha sobre el fondo de la ic\u00f3nica decoraci\u00f3n guilloch\u00e9 subrayan la sofisticaci\u00f3n t\u00e9cnica de este cron\u00f3grafo autom\u00e1tico para hombre. Los marcadores en relieve van acompa\u00f1ados de otros signos gr\u00e1ficos alrededor del bisel. El reloj de acero con fondo de cristal de zafiro transparente se combina a la perfecci\u00f3n con una correa de alig\u00e1tor azul.<\/p>\n<div class=\"product-specifications__list\">\n<h4 id=\"technicalitem0\" class=\"open\">Caracter\u00edsticas<\/h4>\n<ul>\n<li>Reloj Autom\u00e1tico<\/li>\n<li>Reserva de marcha: 48 hora(s)<\/li>\n<li>Resistencia al agua: 5 ATM (aprox. 50 metros)<\/li>\n<li>Cron\u00f3grafo, Fecha<\/li>\n<li>Cristal de zafiro<\/li>\n<li>\n<div class=\"product-specifications__list\">\n<h4 id=\"technicalitem1\" class=\"open\">Movimiento<\/h4>\n<ul>\n<li>Fabricado en Suiza<\/li>\n<li>\n<\/li>\n<li> <label> Energ\u00eda <\/label> Autom\u00e1tica, bobinado autom\u00e1tico<\/li>\n<li> <label> Frecuencia <\/label> 28800.0vph\/4.0hz<\/li>\n<li> <label> Rub\u00edes <\/label> 25<\/li>\n<li>\n<div class=\"product-specifications__list\">\n<h4 id=\"technicalitem2\" class=\"open\">Caso<\/h4>\n<ul>\n<li> <label> Forma <\/label> redonda<\/li>\n<li> <label> Di\u00e1metro <\/label>: 42 mm<\/li>\n<li> <label> Grosor <\/label> 13,25 mm<\/li>\n<li> <label> Material y acabado <\/label> Acero, pulido<\/li>\n<li> <label> Fondo <\/label> de cristal de zafiro<\/li>\n<\/ul>\n<div class=\"product-specifications__list\">\n<h4 id=\"technicalitem3\" class=\"open\">Marque<\/h4>\n<ul>\n<li> <label> Colores y acabados <\/label> plateado, opalino<\/li>\n<li> <label> Manecillas <\/label> Acero pavonado, Hoja<\/li>\n<li>\n<div class=\"product-specifications__list\">\n<h4 id=\"technicalitem4\" class=\"open\">Correa<\/h4>\n<ul>\n<li> <label> Material <\/label> Piel de caim\u00e1n, azul<\/li>\n<li> <label> Hebilla <\/label> Hebilla triple plegable ajustable con cierre de seguridad, acabado pulido<\/li>\n<\/ul>\n<\/div>\n<\/li>\n<\/ul>\n<\/div>\n<\/div>\n<\/li>\n<\/ul>\n<\/div>\n<\/li>\n<\/ul>\n<\/div>\n","protected":false},"excerpt":{"rendered":"<p>BAUME &amp; MERCIERE CLASSIMA REF. 10330 Este cron\u00f3grafo autom\u00e1tico redondo de 42 mm presenta una caja de acero pulido, esfera plateada con acabado opalino y agujas de acero azulado. Tres esferas m\u00e1s peque\u00f1as y una ventana de fecha sobre el fondo de la ic\u00f3nica decoraci\u00f3n guilloch\u00e9 subrayan la sofisticaci\u00f3n t\u00e9cnica de este cron\u00f3grafo autom\u00e1tico para [&hellip;]<\/p>\n","protected":false},"featured_media":168937,"template":"","meta":{"_crdt_document":"","advanced_seo_description":"","jetpack_seo_html_title":"","jetpack_seo_noindex":false},"product_brand":[],"product_cat":[2613],"product_tag":[2615],"berocket_brand":[],"woo-feed-brand":[],"class_list":{"0":"post-68495","1":"product","2":"type-product","3":"status-publish","4":"has-post-thumbnail","6":"product_cat-baume-mercier-es","7":"product_tag-classima-es","9":"first","10":"instock","11":"sale","12":"taxable","13":"shipping-taxable","14":"purchasable","15":"product-type-simple"},"bundled_by":[],"bundle_stock_status":"instock","bundle_stock_quantity":1,"bundle_virtual":false,"bundle_layout":"","bundle_add_to_cart_form_location":"","bundle_editable_in_cart":false,"bundle_sold_individually_context":"","bundle_item_grouping":"","bundle_min_size":"","bundle_max_size":"","bundle_price":[],"bundled_items":[],"bundle_sell_ids":[],"group_of_quantity":0,"min_quantity":0,"max_quantity":"","exclude_order_quantity_value_rules":"no","exclude_category_quantity_rules":"no","combine_variations":"no","jetpack_sharing_enabled":true,"jetpack_likes_enabled":true,"_links":{"self":[{"href":"https:\/\/watchdeluxe.it\/es\/wp-json\/wp\/v2\/product\/68495","targetHints":{"allow":["GET"]}}],"collection":[{"href":"https:\/\/watchdeluxe.it\/es\/wp-json\/wp\/v2\/product"}],"about":[{"href":"https:\/\/watchdeluxe.it\/es\/wp-json\/wp\/v2\/types\/product"}],"wp:featuredmedia":[{"embeddable":true,"href":"https:\/\/watchdeluxe.it\/es\/wp-json\/wp\/v2\/media\/168937"}],"wp:attachment":[{"href":"https:\/\/watchdeluxe.it\/es\/wp-json\/wp\/v2\/media?parent=68495"}],"wp:term":[{"taxonomy":"product_brand","embeddable":true,"href":"https:\/\/watchdeluxe.it\/es\/wp-json\/wp\/v2\/product_brand?post=68495"},{"taxonomy":"product_cat","embeddable":true,"href":"https:\/\/watchdeluxe.it\/es\/wp-json\/wp\/v2\/product_cat?post=68495"},{"taxonomy":"product_tag","embeddable":true,"href":"https:\/\/watchdeluxe.it\/es\/wp-json\/wp\/v2\/product_tag?post=68495"},{"taxonomy":"berocket_brand","embeddable":true,"href":"https:\/\/watchdeluxe.it\/es\/wp-json\/wp\/v2\/berocket_brand?post=68495"},{"taxonomy":"woo-feed-brand","embeddable":true,"href":"https:\/\/watchdeluxe.it\/es\/wp-json\/wp\/v2\/woo-feed-brand?post=68495"}],"curies":[{"name":"wp","href":"https:\/\/api.w.org\/{rel}","templated":true}]}}