{"id":68431,"date":"2023-03-22T10:36:58","date_gmt":"2023-03-22T09:36:58","guid":{"rendered":"https:\/\/watchdeluxe.it\/prodotto\/baume-mercier-hampton-ref-m0a10473\/"},"modified":"2026-03-27T13:49:34","modified_gmt":"2026-03-27T12:49:34","slug":"baume-mercier-hampton-ref-m0a10473","status":"publish","type":"product","link":"https:\/\/watchdeluxe.it\/es\/prodotto\/baume-mercier-hampton-ref-m0a10473\/","title":{"rendered":"BAUME &amp; MERCIER HAMPTON REF. M0A10473"},"content":{"rendered":"<p>BAUME &amp; MERCIER HAMPTON REF. 10473<\/p>\n<p>Con n\u00fameros \u00e1rabes rodiados, manecillas en forma de espada y movimiento de cuarzo de fabricaci\u00f3n suiza, este reloj rectangular de se\u00f1ora combina un dise\u00f1o refinado con una calidad atemporal. El brazalete f\u00e1cilmente intercambiable ofrece la libertad de cambiar de look en cualquier momento.<\/p>\n<div class=\"product-specifications__list\">\n<h4 id=\"technicalitem0\" class=\"open\">Caracter\u00edsticas<\/h4>\n<ul>\n<li>Reloj de cuarzo<\/li>\n<li>Resistencia al agua: 5 ATM (aprox. 50 metros)<\/li>\n<li>\n<div class=\"product-specifications__list\">\n<h4 id=\"technicalitem1\" class=\"open\">Movimiento<\/h4>\n<ul>\n<li>Fabricado en Suiza<\/li>\n<li>\n    <\/li>\n<li> <label> Energ\u00eda de <\/label> cuarzo<\/li>\n<li>\n<h4 id=\"technicalitem2\" class=\"open\">Caso<\/h4>\n<ul>\n<li> <label> Forma <\/label> rectangular<\/li>\n<li> <label> Medida <\/label> Ancho: 22,2 mm x Largo: 34,9 mm<\/li>\n<li> <label> Grosor <\/label> 6,92 mm<\/li>\n<li> <label> Material y acabado <\/label> Acero, pulido<\/li>\n<li><label>Fondo <\/label> de caja Fondo de caja cerrado<\/li>\n<li>\n<div class=\"product-specifications__list\">\n<h4 id=\"technicalitem3\" class=\"open\">Marque<\/h4>\n<ul>\n<li> <label> Colores y acabados <\/label> plateado, opalino<\/li>\n<li> <label> N\u00fameros ar\u00e1bigos <\/label>, remachados<\/li>\n<li> <label> \u00cdndices <\/label> remachados<\/li>\n<li> <label> Manecillas <\/label> rodiadas, Gladio<\/li>\n<li>\n<div class=\"product-specifications__list\">\n<h4 id=\"technicalitem4\" class=\"open\">Correa<\/h4>\n<ul>\n<li> <label> Material <\/label> Acero, (acabado) Satinado\/pulido<\/li>\n<li> <label> Cierre de <\/label> acero, pulido<\/li>\n<\/ul>\n<\/div>\n<\/li>\n<\/ul>\n<\/div>\n<\/li>\n<\/ul>\n<\/li>\n<\/ul>\n<\/div>\n<\/li>\n<\/ul>\n<\/div>\n","protected":false},"excerpt":{"rendered":"<p>BAUME &amp; MERCIER HAMPTON REF. 10473 Con n\u00fameros \u00e1rabes rodiados, manecillas en forma de espada y movimiento de cuarzo de fabricaci\u00f3n suiza, este reloj rectangular de se\u00f1ora combina un dise\u00f1o refinado con una calidad atemporal. El brazalete f\u00e1cilmente intercambiable ofrece la libertad de cambiar de look en cualquier momento. Caracter\u00edsticas Reloj de cuarzo Resistencia al [&hellip;]<\/p>\n","protected":false},"featured_media":62794,"template":"","meta":{"_crdt_document":"","advanced_seo_description":"","jetpack_seo_html_title":"","jetpack_seo_noindex":false},"product_brand":[],"product_cat":[2613],"product_tag":[4563],"berocket_brand":[],"woo-feed-brand":[],"class_list":{"0":"post-68431","1":"product","2":"type-product","3":"status-publish","4":"has-post-thumbnail","6":"product_cat-baume-mercier-es","7":"product_tag-hampton-es-3","9":"first","10":"instock","11":"sale","12":"taxable","13":"shipping-taxable","14":"purchasable","15":"product-type-simple"},"bundled_by":[],"bundle_stock_status":"instock","bundle_stock_quantity":1,"bundle_virtual":false,"bundle_layout":"","bundle_add_to_cart_form_location":"","bundle_editable_in_cart":false,"bundle_sold_individually_context":"","bundle_item_grouping":"","bundle_min_size":"","bundle_max_size":"","bundle_price":[],"bundled_items":[],"bundle_sell_ids":[],"group_of_quantity":0,"min_quantity":0,"max_quantity":"","exclude_order_quantity_value_rules":"no","exclude_category_quantity_rules":"no","combine_variations":"no","jetpack_sharing_enabled":true,"jetpack_likes_enabled":true,"_links":{"self":[{"href":"https:\/\/watchdeluxe.it\/es\/wp-json\/wp\/v2\/product\/68431","targetHints":{"allow":["GET"]}}],"collection":[{"href":"https:\/\/watchdeluxe.it\/es\/wp-json\/wp\/v2\/product"}],"about":[{"href":"https:\/\/watchdeluxe.it\/es\/wp-json\/wp\/v2\/types\/product"}],"wp:featuredmedia":[{"embeddable":true,"href":"https:\/\/watchdeluxe.it\/es\/wp-json\/wp\/v2\/media\/62794"}],"wp:attachment":[{"href":"https:\/\/watchdeluxe.it\/es\/wp-json\/wp\/v2\/media?parent=68431"}],"wp:term":[{"taxonomy":"product_brand","embeddable":true,"href":"https:\/\/watchdeluxe.it\/es\/wp-json\/wp\/v2\/product_brand?post=68431"},{"taxonomy":"product_cat","embeddable":true,"href":"https:\/\/watchdeluxe.it\/es\/wp-json\/wp\/v2\/product_cat?post=68431"},{"taxonomy":"product_tag","embeddable":true,"href":"https:\/\/watchdeluxe.it\/es\/wp-json\/wp\/v2\/product_tag?post=68431"},{"taxonomy":"berocket_brand","embeddable":true,"href":"https:\/\/watchdeluxe.it\/es\/wp-json\/wp\/v2\/berocket_brand?post=68431"},{"taxonomy":"woo-feed-brand","embeddable":true,"href":"https:\/\/watchdeluxe.it\/es\/wp-json\/wp\/v2\/woo-feed-brand?post=68431"}],"curies":[{"name":"wp","href":"https:\/\/api.w.org\/{rel}","templated":true}]}}