{"id":68427,"date":"2023-03-22T10:36:57","date_gmt":"2023-03-22T09:36:57","guid":{"rendered":"https:\/\/watchdeluxe.it\/prodotto\/baume-mercier-clifton-club-ref-m0a10486\/"},"modified":"2026-03-27T13:54:52","modified_gmt":"2026-03-27T12:54:52","slug":"baume-mercier-clifton-club-ref-10486","status":"publish","type":"product","link":"https:\/\/watchdeluxe.it\/es\/prodotto\/baume-mercier-clifton-club-ref-10486\/","title":{"rendered":"BAUME &amp; MERCIER CLIFTON CLUB REF. M0A10486"},"content":{"rendered":"<p>BAUME &amp; MERCIER CLIFTON CLUB REF. 10486<\/p>\n<p>De car\u00e1cter deportivo y coraz\u00f3n sofisticado, este reloj GMT autom\u00e1tico es el aliado del caballero moderno y emprendedor. Presenta una esfera negra opalina, bisel azul y correa de piel de becerro negra con forro de piel de becerro engomada azul.<\/p>\n<div class=\"product-specifications__list\">\n<h4 id=\"technicalitem0\" class=\"open\">Caracter\u00edsticas<\/h4>\n<ul>\n<li>Reloj Autom\u00e1tico<\/li>\n<li>Reserva de marcha: 42 hora(s)<\/li>\n<li>Resistencia al agua: 10 ATM (aprox. 100 metros)<\/li>\n<li>Fecha, Doble huso horario<\/li>\n<li>\n<div class=\"product-specifications__list\">\n<h4 id=\"technicalitem1\" class=\"open\">Movimiento<\/h4>\n<ul>\n<li>Fabricado en Suiza<\/li>\n<li>\n    <\/li>\n<li> <label> Energ\u00eda <\/label> Autom\u00e1tica, bobinado autom\u00e1tico<\/li>\n<li> <label> Frecuencia <\/label> 28800.0vph\/4.0hz<\/li>\n<li> <label> Rub\u00edes <\/label> 21<\/li>\n<li>\n<div class=\"product-specifications__list\">\n<h4 id=\"technicalitem2\" class=\"open\">Caso<\/h4>\n<ul>\n<li> <label> Forma <\/label> redonda<\/li>\n<li> <label> Di\u00e1metro <\/label>: 42 mm<\/li>\n<li> <label> Grosor <\/label> 10,6 mm<\/li>\n<li> <label> Material y acabado <\/label> Acero, pulido satinado<\/li>\n<li> <label> Fondo <\/label> de caja Fondo de caja cerrado, Con tornillos<\/li>\n<li>\n<div class=\"product-specifications__list\">\n<h4 id=\"technicalitem3\" class=\"open\">Marque<\/h4>\n<ul>\n<li> <label> Colores y acabados <\/label> Negro, opalino<\/li>\n<li> <label> \u00cdndices <\/label> remachados<\/li>\n<li> <label> Agujas <\/label> rodiadas, Superluminova C1, emisi\u00f3n azul<\/li>\n<li>\n<div class=\"product-specifications__list\">\n<h4 id=\"technicalitem4\" class=\"open\">Correa<\/h4>\n<ul>\n<li> <label> Material <\/label> Becerro, Negro<\/li>\n<li> <label> Hebilla <\/label> Hebilla triple plegable ajustable con cierre de seguridad, acabado pulido<\/li>\n<\/ul>\n<\/div>\n<\/li>\n<\/ul>\n<\/div>\n<\/li>\n<\/ul>\n<\/div>\n<\/li>\n<\/ul>\n<\/div>\n<\/li>\n<\/ul>\n<\/div>\n","protected":false},"excerpt":{"rendered":"<p>BAUME &amp; MERCIER CLIFTON CLUB REF. 10486 De car\u00e1cter deportivo y coraz\u00f3n sofisticado, este reloj GMT autom\u00e1tico es el aliado del caballero moderno y emprendedor. Presenta una esfera negra opalina, bisel azul y correa de piel de becerro negra con forro de piel de becerro engomada azul. Caracter\u00edsticas Reloj Autom\u00e1tico Reserva de marcha: 42 hora(s) [&hellip;]<\/p>\n","protected":false},"featured_media":62806,"template":"","meta":{"_crdt_document":"","advanced_seo_description":"","jetpack_seo_html_title":"","jetpack_seo_noindex":false},"product_brand":[],"product_cat":[2613],"product_tag":[2618],"berocket_brand":[],"woo-feed-brand":[],"class_list":{"0":"post-68427","1":"product","2":"type-product","3":"status-publish","4":"has-post-thumbnail","6":"product_cat-baume-mercier-es","7":"product_tag-clifton-es","9":"first","10":"instock","11":"sale","12":"taxable","13":"shipping-taxable","14":"purchasable","15":"product-type-simple"},"bundled_by":[],"bundle_stock_status":"instock","bundle_stock_quantity":1,"bundle_virtual":false,"bundle_layout":"","bundle_add_to_cart_form_location":"","bundle_editable_in_cart":false,"bundle_sold_individually_context":"","bundle_item_grouping":"","bundle_min_size":"","bundle_max_size":"","bundle_price":[],"bundled_items":[],"bundle_sell_ids":[],"group_of_quantity":0,"min_quantity":0,"max_quantity":"","exclude_order_quantity_value_rules":"no","exclude_category_quantity_rules":"no","combine_variations":"no","jetpack_sharing_enabled":true,"jetpack_likes_enabled":true,"_links":{"self":[{"href":"https:\/\/watchdeluxe.it\/es\/wp-json\/wp\/v2\/product\/68427","targetHints":{"allow":["GET"]}}],"collection":[{"href":"https:\/\/watchdeluxe.it\/es\/wp-json\/wp\/v2\/product"}],"about":[{"href":"https:\/\/watchdeluxe.it\/es\/wp-json\/wp\/v2\/types\/product"}],"wp:featuredmedia":[{"embeddable":true,"href":"https:\/\/watchdeluxe.it\/es\/wp-json\/wp\/v2\/media\/62806"}],"wp:attachment":[{"href":"https:\/\/watchdeluxe.it\/es\/wp-json\/wp\/v2\/media?parent=68427"}],"wp:term":[{"taxonomy":"product_brand","embeddable":true,"href":"https:\/\/watchdeluxe.it\/es\/wp-json\/wp\/v2\/product_brand?post=68427"},{"taxonomy":"product_cat","embeddable":true,"href":"https:\/\/watchdeluxe.it\/es\/wp-json\/wp\/v2\/product_cat?post=68427"},{"taxonomy":"product_tag","embeddable":true,"href":"https:\/\/watchdeluxe.it\/es\/wp-json\/wp\/v2\/product_tag?post=68427"},{"taxonomy":"berocket_brand","embeddable":true,"href":"https:\/\/watchdeluxe.it\/es\/wp-json\/wp\/v2\/berocket_brand?post=68427"},{"taxonomy":"woo-feed-brand","embeddable":true,"href":"https:\/\/watchdeluxe.it\/es\/wp-json\/wp\/v2\/woo-feed-brand?post=68427"}],"curies":[{"name":"wp","href":"https:\/\/api.w.org\/{rel}","templated":true}]}}