{"id":68425,"date":"2023-03-22T10:36:55","date_gmt":"2023-03-22T09:36:55","guid":{"rendered":"https:\/\/watchdeluxe.it\/prodotto\/baume-mercier-clifton-ref-m0a10060\/"},"modified":"2026-04-06T02:15:51","modified_gmt":"2026-04-06T00:15:51","slug":"baume-mercier-clifton-ref-m0a10060","status":"publish","type":"product","link":"https:\/\/watchdeluxe.it\/es\/prodotto\/baume-mercier-clifton-ref-m0a10060\/","title":{"rendered":"BAUME &amp; MERCIER CLIFTON REF.M0A10060"},"content":{"rendered":"<div class=\"text-muted\" data-mce-fragment=\"1\">\n<div class=\"row\" data-mce-fragment=\"1\"><b>BAUME &amp; MERCIER CLIFTON REF.10060<\/b><\/div>\n<div class=\"row\" data-mce-fragment=\"1\"><\/div>\n<div id=\"productDetails\" class=\"row\" data-mce-fragment=\"1\"><b>Movimiento:<\/b> cuerda manual<br \/>\n<b>Esfera:<\/b> Plateada<br \/>\n<b>Indicadores:<\/b> n\u00fameros ar\u00e1bigos e \u00edndices<br \/>\n<b>Caja:<\/b> Oro rojo<br \/>\n<b>Tama\u00f1o:<\/b> 42 mm<br \/>\n<b>Pulsera\/Correa:<\/b> piel de caim\u00e1n negra<br \/>\n<b>Resistencia al agua:<\/b> 50 metros<br \/>\n<b>Cristal:<\/b> Zafiro, &#8220;Chev\u00e9&#8221; y antirreflejos<br \/>\n<b>Sexo:<\/b> Masculino<\/div>\n<\/div>\n","protected":false},"excerpt":{"rendered":"<p>BAUME &amp; MERCIER CLIFTON REF.10060 Movimiento: cuerda manual Esfera: Plateada Indicadores: n\u00fameros ar\u00e1bigos e \u00edndices Caja: Oro rojo Tama\u00f1o: 42 mm Pulsera\/Correa: piel de caim\u00e1n negra Resistencia al agua: 50 metros Cristal: Zafiro, &#8220;Chev\u00e9&#8221; y antirreflejos Sexo: Masculino<\/p>\n","protected":false},"featured_media":168848,"template":"","meta":{"_crdt_document":"","advanced_seo_description":"","jetpack_seo_html_title":"","jetpack_seo_noindex":false},"product_brand":[],"product_cat":[2613],"product_tag":[],"berocket_brand":[],"woo-feed-brand":[],"class_list":{"0":"post-68425","1":"product","2":"type-product","3":"status-publish","4":"has-post-thumbnail","6":"product_cat-baume-mercier-es","8":"first","9":"instock","10":"sale","11":"taxable","12":"shipping-taxable","13":"purchasable","14":"product-type-simple"},"bundled_by":[],"bundle_stock_status":"instock","bundle_stock_quantity":1,"bundle_virtual":false,"bundle_layout":"","bundle_add_to_cart_form_location":"","bundle_editable_in_cart":false,"bundle_sold_individually_context":"","bundle_item_grouping":"","bundle_min_size":"","bundle_max_size":"","bundle_price":[],"bundled_items":[],"bundle_sell_ids":[],"group_of_quantity":0,"min_quantity":0,"max_quantity":"","exclude_order_quantity_value_rules":"no","exclude_category_quantity_rules":"no","combine_variations":"no","jetpack_sharing_enabled":true,"jetpack_likes_enabled":true,"_links":{"self":[{"href":"https:\/\/watchdeluxe.it\/es\/wp-json\/wp\/v2\/product\/68425","targetHints":{"allow":["GET"]}}],"collection":[{"href":"https:\/\/watchdeluxe.it\/es\/wp-json\/wp\/v2\/product"}],"about":[{"href":"https:\/\/watchdeluxe.it\/es\/wp-json\/wp\/v2\/types\/product"}],"wp:featuredmedia":[{"embeddable":true,"href":"https:\/\/watchdeluxe.it\/es\/wp-json\/wp\/v2\/media\/168848"}],"wp:attachment":[{"href":"https:\/\/watchdeluxe.it\/es\/wp-json\/wp\/v2\/media?parent=68425"}],"wp:term":[{"taxonomy":"product_brand","embeddable":true,"href":"https:\/\/watchdeluxe.it\/es\/wp-json\/wp\/v2\/product_brand?post=68425"},{"taxonomy":"product_cat","embeddable":true,"href":"https:\/\/watchdeluxe.it\/es\/wp-json\/wp\/v2\/product_cat?post=68425"},{"taxonomy":"product_tag","embeddable":true,"href":"https:\/\/watchdeluxe.it\/es\/wp-json\/wp\/v2\/product_tag?post=68425"},{"taxonomy":"berocket_brand","embeddable":true,"href":"https:\/\/watchdeluxe.it\/es\/wp-json\/wp\/v2\/berocket_brand?post=68425"},{"taxonomy":"woo-feed-brand","embeddable":true,"href":"https:\/\/watchdeluxe.it\/es\/wp-json\/wp\/v2\/woo-feed-brand?post=68425"}],"curies":[{"name":"wp","href":"https:\/\/api.w.org\/{rel}","templated":true}]}}