{"id":68414,"date":"2023-03-22T10:36:55","date_gmt":"2023-03-22T09:36:55","guid":{"rendered":"https:\/\/watchdeluxe.it\/prodotto\/baume-mercier-riviera-ref-m0a10623\/"},"modified":"2026-03-27T14:06:49","modified_gmt":"2026-03-27T13:06:49","slug":"baume-mercier-riviera-ref-m0a10623","status":"publish","type":"product","link":"https:\/\/watchdeluxe.it\/es\/prodotto\/baume-mercier-riviera-ref-m0a10623\/","title":{"rendered":"BAUME &amp; MERCIER RIVIERA REF. M0A10623"},"content":{"rendered":"<p>BAUME &amp; MERCIER RIVIERA REF. 10623<\/p>\n<p>Creado en 1973 y relanzado este a\u00f1o, el reloj Riviera reaviva el esp\u00edritu de una \u00e9poca inspiradora de la relojer\u00eda. Robustos y fiables, los cron\u00f3grafos Riviera est\u00e1n equipados con un movimiento autom\u00e1tico &#8220;Swiss Made&#8221; probado (Valjoux 7750) con una reserva de marcha de 48 horas y una frecuencia de 28.800 alternancias por hora (4 hercios). Cada modelo ofrece un doble indicador de fecha y d\u00eda a las 3 horas, un peque\u00f1o segundero a las 9 horas y dos contadores auxiliares dedicados a las funciones de cron\u00f3grafo: un contador de minutos a las 12 horas y un contador de horas a las 6 horas.<\/p>\n<div class=\"product-specifications__list\">\n<h4 id=\"technicalitem0\" class=\"open\">Caracter\u00edsticas<\/h4>\n<ul>\n<li>Reloj Autom\u00e1tico<\/li>\n<li>Reserva de marcha: 48 hora(s)<\/li>\n<li>Resistencia al agua: 10 ATM (aprox. 100 metros)<\/li>\n<li>Cron\u00f3grafo, Fecha diurna<\/li>\n<li>Cristal de zafiro<\/li>\n<li>\n<div class=\"product-specifications__list\">\n<h4 id=\"technicalitem1\" class=\"open\">Movimiento<\/h4>\n<ul>\n<li>Fabricado en Suiza<\/li>\n<li>\n    <\/li>\n<li> <label> Energ\u00eda <\/label> Autom\u00e1tica, bobinado autom\u00e1tico<\/li>\n<li> <label> Frecuencia <\/label> 28800.0vph\/4.0hz<\/li>\n<li> <label> Rub\u00edes <\/label> 25<\/li>\n<li>\n<div class=\"product-specifications__list\">\n<h4 id=\"technicalitem2\" class=\"open\">Caso<\/h4>\n<ul>\n<li> <label> Forma <\/label> dodecagonal<\/li>\n<li> <label> Grosor <\/label> 14,1 mm<\/li>\n<li> <label> Material y acabado <\/label> Acero, pulido satinado<\/li>\n<li> <label> Dorso <\/label> Cristal de zafiro, Con tornillos<\/li>\n<li>\n<div class=\"product-specifications__list\">\n<h4 id=\"technicalitem3\" class=\"open\">Marque<\/h4>\n<ul>\n<li> <label> Colores y <\/label> acabados Azul, acabado &#8220;soleil&#8221; satinado<\/li>\n<li> <label> Figuras <\/label> romanas<\/li>\n<li> <label> Agujas <\/label> rodiadas, Dauphine<\/li>\n<li>\n<div class=\"product-specifications__list\">\n<h4 id=\"technicalitem4\" class=\"open\">Correa<\/h4>\n<ul>\n<li> <label> Material <\/label> Goma, Azul<\/li>\n<li> <label> Hebilla <\/label> Hebilla triple plegable ajustable con cierre de seguridad, acabado satinado<\/li>\n<\/ul>\n<\/div>\n<\/li>\n<\/ul>\n<\/div>\n<\/li>\n<\/ul>\n<\/div>\n<\/li>\n<\/ul>\n<\/div>\n<\/li>\n<\/ul>\n<\/div>\n","protected":false},"excerpt":{"rendered":"<p>BAUME &amp; MERCIER RIVIERA REF. 10623 Creado en 1973 y relanzado este a\u00f1o, el reloj Riviera reaviva el esp\u00edritu de una \u00e9poca inspiradora de la relojer\u00eda. Robustos y fiables, los cron\u00f3grafos Riviera est\u00e1n equipados con un movimiento autom\u00e1tico &#8220;Swiss Made&#8221; probado (Valjoux 7750) con una reserva de marcha de 48 horas y una frecuencia de [&hellip;]<\/p>\n","protected":false},"featured_media":62862,"template":"","meta":{"_crdt_document":"","advanced_seo_description":"","jetpack_seo_html_title":"","jetpack_seo_noindex":false},"product_brand":[],"product_cat":[2613],"product_tag":[],"berocket_brand":[],"woo-feed-brand":[],"class_list":{"0":"post-68414","1":"product","2":"type-product","3":"status-publish","4":"has-post-thumbnail","6":"product_cat-baume-mercier-es","8":"first","9":"instock","10":"sale","11":"taxable","12":"shipping-taxable","13":"purchasable","14":"product-type-simple"},"bundled_by":[],"bundle_stock_status":"instock","bundle_stock_quantity":1,"bundle_virtual":false,"bundle_layout":"","bundle_add_to_cart_form_location":"","bundle_editable_in_cart":false,"bundle_sold_individually_context":"","bundle_item_grouping":"","bundle_min_size":"","bundle_max_size":"","bundle_price":[],"bundled_items":[],"bundle_sell_ids":[],"group_of_quantity":0,"min_quantity":0,"max_quantity":"","exclude_order_quantity_value_rules":"no","exclude_category_quantity_rules":"no","combine_variations":"no","jetpack_sharing_enabled":true,"jetpack_likes_enabled":true,"_links":{"self":[{"href":"https:\/\/watchdeluxe.it\/es\/wp-json\/wp\/v2\/product\/68414","targetHints":{"allow":["GET"]}}],"collection":[{"href":"https:\/\/watchdeluxe.it\/es\/wp-json\/wp\/v2\/product"}],"about":[{"href":"https:\/\/watchdeluxe.it\/es\/wp-json\/wp\/v2\/types\/product"}],"wp:featuredmedia":[{"embeddable":true,"href":"https:\/\/watchdeluxe.it\/es\/wp-json\/wp\/v2\/media\/62862"}],"wp:attachment":[{"href":"https:\/\/watchdeluxe.it\/es\/wp-json\/wp\/v2\/media?parent=68414"}],"wp:term":[{"taxonomy":"product_brand","embeddable":true,"href":"https:\/\/watchdeluxe.it\/es\/wp-json\/wp\/v2\/product_brand?post=68414"},{"taxonomy":"product_cat","embeddable":true,"href":"https:\/\/watchdeluxe.it\/es\/wp-json\/wp\/v2\/product_cat?post=68414"},{"taxonomy":"product_tag","embeddable":true,"href":"https:\/\/watchdeluxe.it\/es\/wp-json\/wp\/v2\/product_tag?post=68414"},{"taxonomy":"berocket_brand","embeddable":true,"href":"https:\/\/watchdeluxe.it\/es\/wp-json\/wp\/v2\/berocket_brand?post=68414"},{"taxonomy":"woo-feed-brand","embeddable":true,"href":"https:\/\/watchdeluxe.it\/es\/wp-json\/wp\/v2\/woo-feed-brand?post=68414"}],"curies":[{"name":"wp","href":"https:\/\/api.w.org\/{rel}","templated":true}]}}