{"id":68191,"date":"2023-03-15T20:06:13","date_gmt":"2023-03-15T19:06:13","guid":{"rendered":"https:\/\/watchdeluxe.it\/prodotto\/bell-ross-br-05-gmt-ref-br05g-si-st-srb\/"},"modified":"2026-03-27T14:11:18","modified_gmt":"2026-03-27T13:11:18","slug":"bell-ross-br-05-gmt-ref-br05g-si-st-srb","status":"publish","type":"product","link":"https:\/\/watchdeluxe.it\/es\/prodotto\/bell-ross-br-05-gmt-ref-br05g-si-st-srb\/","title":{"rendered":"Bell &amp; Ross BR 05 GMT ref BR05G-SI-ST\/SRB"},"content":{"rendered":"<ul class=\"spec-list\" data-mce-fragment=\"1\">\n<li data-mce-fragment=\"1\">\n<div class=\"spec-box\" data-mce-fragment=\"1\">\n<div class=\"spec-box-in\" data-mce-fragment=\"1\">\n<h4 data-mce-fragment=\"1\">MOVIMIENTO<\/h4>\n<p data-mce-fragment=\"1\">BR-CAL.325 Mec\u00e1nica autom\u00e1tica.<\/p>\n<\/div>\n<\/div>\n<\/li>\n<li data-mce-fragment=\"1\">\n<div class=\"spec-box\" data-mce-fragment=\"1\">\n<div class=\"spec-box-in\" data-mce-fragment=\"1\">\n<h4 data-mce-fragment=\"1\">FUNCIONES<\/h4>\n<p data-mce-fragment=\"1\">Horas, minutos, segundero central, segundo huso horario de 24 horas y fecha. Ajuste r\u00e1pido de la aguja GMT, independiente de la aguja horaria.<\/p>\n<\/div>\n<\/div>\n<\/li>\n<li data-mce-fragment=\"1\">\n<div class=\"spec-box\" data-mce-fragment=\"1\">\n<div class=\"spec-box-in\" data-mce-fragment=\"1\">\n<h4 data-mce-fragment=\"1\">EFECTIVO<\/h4>\n<p data-mce-fragment=\"1\">Anchura 41 mm. Acero pulido y satinado. Brida bicolor negra y blanca graduada en 24 horas. Corona atornillada. Protector de corona. Fondo de zafiro con masa oscilante de 360\u00b0.<\/p>\n<\/div>\n<\/div>\n<\/li>\n<li data-mce-fragment=\"1\">\n<div class=\"spec-box\" data-mce-fragment=\"1\">\n<div class=\"spec-box-in\" data-mce-fragment=\"1\">\n<h4 data-mce-fragment=\"1\">QUADRANT<\/h4>\n<p data-mce-fragment=\"1\">Motivo soleil negro. N\u00fameros e \u00edndices recubiertos de Super-LumiNova\u00ae blanca. Agujas horaria y minutera esqueleto de metal rellenas de Super-LumiNova\u00ae.<\/p>\n<\/div>\n<\/div>\n<\/li>\n<li data-mce-fragment=\"1\">\n<div class=\"spec-box\" data-mce-fragment=\"1\">\n<div class=\"spec-box-in\" data-mce-fragment=\"1\">\n<h4 data-mce-fragment=\"1\">VIDRIO<\/h4>\n<p data-mce-fragment=\"1\">Zafiro antirreflejos.<\/p>\n<\/div>\n<\/div>\n<\/li>\n<li data-mce-fragment=\"1\">\n<div class=\"spec-box\" data-mce-fragment=\"1\">\n<div class=\"spec-box-in\" data-mce-fragment=\"1\">\n<h4 data-mce-fragment=\"1\">Impermeable<\/h4>\n<p data-mce-fragment=\"1\">100 metros.<\/p>\n<\/div>\n<\/div>\n<\/li>\n<li data-mce-fragment=\"1\">\n<div class=\"spec-box\" data-mce-fragment=\"1\">\n<div class=\"spec-box-in\" data-mce-fragment=\"1\">\n<h4 data-mce-fragment=\"1\">CINTUR\u00d3N<\/h4>\n<p data-mce-fragment=\"1\">Caucho negro o acero pulido y satinado.<\/p>\n<\/div>\n<\/div>\n<\/li>\n<li data-mce-fragment=\"1\">\n<div class=\"spec-box\" data-mce-fragment=\"1\">\n<div class=\"spec-box-in\" data-mce-fragment=\"1\">\n<h4 data-mce-fragment=\"1\">FIBRA<\/h4>\n<p data-mce-fragment=\"1\">Desplegable. Acero pulido y satinado.<\/p>\n<\/div>\n<\/div>\n<\/li>\n<\/ul>\n","protected":false},"excerpt":{"rendered":"<p>MOVIMIENTO BR-CAL.325 Mec\u00e1nica autom\u00e1tica. FUNCIONES Horas, minutos, segundero central, segundo huso horario de 24 horas y fecha. Ajuste r\u00e1pido de la aguja GMT, independiente de la aguja horaria. EFECTIVO Anchura 41 mm. Acero pulido y satinado. Brida bicolor negra y blanca graduada en 24 horas. Corona atornillada. Protector de corona. Fondo de zafiro con masa [&hellip;]<\/p>\n","protected":false},"featured_media":82209,"template":"","meta":{"_crdt_document":"","advanced_seo_description":"","jetpack_seo_html_title":"","jetpack_seo_noindex":false,"jetpack_post_was_ever_published":false},"product_brand":[],"product_cat":[2529],"product_tag":[2534],"berocket_brand":[],"woo-feed-brand":[],"class_list":{"0":"post-68191","1":"product","2":"type-product","3":"status-publish","4":"has-post-thumbnail","6":"product_cat-bell-ross-es","7":"product_tag-br05-es","9":"first","10":"instock","11":"sale","12":"taxable","13":"shipping-taxable","14":"purchasable","15":"product-type-simple"},"bundled_by":[],"bundle_stock_status":"instock","bundle_stock_quantity":1,"bundle_virtual":false,"bundle_layout":"","bundle_add_to_cart_form_location":"","bundle_editable_in_cart":false,"bundle_sold_individually_context":"","bundle_item_grouping":"","bundle_min_size":"","bundle_max_size":"","bundle_price":[],"bundled_items":[],"bundle_sell_ids":[],"group_of_quantity":0,"min_quantity":0,"max_quantity":"","exclude_order_quantity_value_rules":"no","exclude_category_quantity_rules":"no","combine_variations":"no","exclude_global_add_ons":[],"addons":[],"jetpack_sharing_enabled":true,"jetpack_likes_enabled":true,"_links":{"self":[{"href":"https:\/\/watchdeluxe.it\/es\/wp-json\/wp\/v2\/product\/68191","targetHints":{"allow":["GET"]}}],"collection":[{"href":"https:\/\/watchdeluxe.it\/es\/wp-json\/wp\/v2\/product"}],"about":[{"href":"https:\/\/watchdeluxe.it\/es\/wp-json\/wp\/v2\/types\/product"}],"wp:featuredmedia":[{"embeddable":true,"href":"https:\/\/watchdeluxe.it\/es\/wp-json\/wp\/v2\/media\/82209"}],"wp:attachment":[{"href":"https:\/\/watchdeluxe.it\/es\/wp-json\/wp\/v2\/media?parent=68191"}],"wp:term":[{"taxonomy":"product_brand","embeddable":true,"href":"https:\/\/watchdeluxe.it\/es\/wp-json\/wp\/v2\/product_brand?post=68191"},{"taxonomy":"product_cat","embeddable":true,"href":"https:\/\/watchdeluxe.it\/es\/wp-json\/wp\/v2\/product_cat?post=68191"},{"taxonomy":"product_tag","embeddable":true,"href":"https:\/\/watchdeluxe.it\/es\/wp-json\/wp\/v2\/product_tag?post=68191"},{"taxonomy":"berocket_brand","embeddable":true,"href":"https:\/\/watchdeluxe.it\/es\/wp-json\/wp\/v2\/berocket_brand?post=68191"},{"taxonomy":"woo-feed-brand","embeddable":true,"href":"https:\/\/watchdeluxe.it\/es\/wp-json\/wp\/v2\/woo-feed-brand?post=68191"}],"curies":[{"name":"wp","href":"https:\/\/api.w.org\/{rel}","templated":true}]}}