{"id":68046,"date":"2023-03-15T20:06:17","date_gmt":"2023-03-15T19:06:17","guid":{"rendered":"https:\/\/watchdeluxe.it\/prodotto\/bell-ross-br-03-92-acero-azul-ref-br0392-azul-st-sca\/"},"modified":"2026-04-13T11:57:58","modified_gmt":"2026-04-13T09:57:58","slug":"bell-ross-br-03-92-blue-steel-ref-br0392-blu-st-sca","status":"publish","type":"product","link":"https:\/\/watchdeluxe.it\/es\/prodotto\/bell-ross-br-03-92-blue-steel-ref-br0392-blu-st-sca\/","title":{"rendered":"Bell &amp; Ross BR 03-92 ACERO AZUL ref. BR0392-AZUL-ST\/SCA"},"content":{"rendered":"<p>Bell &amp; Ross BR 03-92 ACERO AZUL ref. BR 03-92 ACERO AZUL<\/p>\n<p>Movimiento: BR-CAL.302 calibre. Mec\u00e1nica autom\u00e1tica.<\/p>\n<p>Funciones: horas, minutos, segundos y fecha.<\/p>\n<p>Caja: 42 mm de di\u00e1metro. Acero pulido-satinado-cepillado.<\/p>\n<p>Esfera: azul sol. N\u00fameros e \u00edndices recubiertos de Superluminova\u00ae. Agujas esqueleto de metal rellenas de Superluminova\u00ae.<\/p>\n<p>Cristal: zafiro con revestimiento antirreflejos.<\/p>\n<p>Resistencia al agua: 100 metros.<\/p>\n<p>Correa: piel de becerro azul y lona sint\u00e9tica ultrarresistente negra.<\/p>\n<p>Hebilla: hebilla de pasador. Acero pulido satinado.<\/p>\n","protected":false},"excerpt":{"rendered":"<p>Bell &amp; Ross BR 03-92 ACERO AZUL ref. BR 03-92 ACERO AZUL Movimiento: BR-CAL.302 calibre. Mec\u00e1nica autom\u00e1tica. Funciones: horas, minutos, segundos y fecha. Caja: 42 mm de di\u00e1metro. Acero pulido-satinado-cepillado. Esfera: azul sol. N\u00fameros e \u00edndices recubiertos de Superluminova\u00ae. Agujas esqueleto de metal rellenas de Superluminova\u00ae. Cristal: zafiro con revestimiento antirreflejos. Resistencia al agua: 100 [&hellip;]<\/p>\n","protected":false},"featured_media":82017,"template":"","meta":{"_crdt_document":"","advanced_seo_description":"","jetpack_seo_html_title":"","jetpack_seo_noindex":false},"product_brand":[],"product_cat":[2529],"product_tag":[2539],"berocket_brand":[],"woo-feed-brand":[],"class_list":{"0":"post-68046","1":"product","2":"type-product","3":"status-publish","4":"has-post-thumbnail","6":"product_cat-bell-ross-es","7":"product_tag-br03-es","9":"first","10":"instock","11":"sale","12":"taxable","13":"shipping-taxable","14":"purchasable","15":"product-type-simple"},"bundled_by":[],"bundle_stock_status":"instock","bundle_stock_quantity":1,"bundle_virtual":false,"bundle_layout":"","bundle_add_to_cart_form_location":"","bundle_editable_in_cart":false,"bundle_sold_individually_context":"","bundle_item_grouping":"","bundle_min_size":"","bundle_max_size":"","bundle_price":[],"bundled_items":[],"bundle_sell_ids":[],"group_of_quantity":0,"min_quantity":0,"max_quantity":"","exclude_order_quantity_value_rules":"no","exclude_category_quantity_rules":"no","combine_variations":"no","exclude_global_add_ons":[],"addons":[],"jetpack_sharing_enabled":true,"jetpack_likes_enabled":true,"_links":{"self":[{"href":"https:\/\/watchdeluxe.it\/es\/wp-json\/wp\/v2\/product\/68046","targetHints":{"allow":["GET"]}}],"collection":[{"href":"https:\/\/watchdeluxe.it\/es\/wp-json\/wp\/v2\/product"}],"about":[{"href":"https:\/\/watchdeluxe.it\/es\/wp-json\/wp\/v2\/types\/product"}],"wp:featuredmedia":[{"embeddable":true,"href":"https:\/\/watchdeluxe.it\/es\/wp-json\/wp\/v2\/media\/82017"}],"wp:attachment":[{"href":"https:\/\/watchdeluxe.it\/es\/wp-json\/wp\/v2\/media?parent=68046"}],"wp:term":[{"taxonomy":"product_brand","embeddable":true,"href":"https:\/\/watchdeluxe.it\/es\/wp-json\/wp\/v2\/product_brand?post=68046"},{"taxonomy":"product_cat","embeddable":true,"href":"https:\/\/watchdeluxe.it\/es\/wp-json\/wp\/v2\/product_cat?post=68046"},{"taxonomy":"product_tag","embeddable":true,"href":"https:\/\/watchdeluxe.it\/es\/wp-json\/wp\/v2\/product_tag?post=68046"},{"taxonomy":"berocket_brand","embeddable":true,"href":"https:\/\/watchdeluxe.it\/es\/wp-json\/wp\/v2\/berocket_brand?post=68046"},{"taxonomy":"woo-feed-brand","embeddable":true,"href":"https:\/\/watchdeluxe.it\/es\/wp-json\/wp\/v2\/woo-feed-brand?post=68046"}],"curies":[{"name":"wp","href":"https:\/\/api.w.org\/{rel}","templated":true}]}}