{"id":67977,"date":"2023-04-08T11:48:22","date_gmt":"2023-04-08T09:48:22","guid":{"rendered":"https:\/\/watchdeluxe.it\/prodotto\/nomos-club-campus-electrico-verde-ref-715\/"},"modified":"2026-04-01T15:05:46","modified_gmt":"2026-04-01T13:05:46","slug":"nomos-club-campus-electricidad-verde-ref-715","status":"publish","type":"product","link":"https:\/\/watchdeluxe.it\/es\/prodotto\/nomos-club-campus-electricidad-verde-ref-715\/","title":{"rendered":"Nomos Club Campus el\u00e9ctrico verde ref. 715"},"content":{"rendered":"<p>Nomos Club Campus el\u00e9ctrico verde ref. 715<\/p>\n<div class=\"list-couple\">\n<div class=\"specs-list\">\n<dl>\n<dt>Caso<\/dt>\n<dd>acero inoxidable, bipartito<br \/>\ndorso de acero inoxidable<br \/>\natornillado<\/dd>\n<\/dl>\n<dl>\n<dt>Cristal<\/dt>\n<dd>cristal de zafiro abombado<\/dd>\n<\/dl>\n<dl>\n<dt>Carga<\/dt>\n<dd>manual<\/dd>\n<\/dl>\n<dl>\n<dt>Dimensiones<\/dt>\n<dd>di\u00e1metro <span class=\"size-property\"> 36,0 mm <\/span><br \/>\ngrosor <span class=\"size-property\"> 8,2 mm <\/span><br \/>\nTama\u00f1o del bucle exterior <span class=\"size-property\"> 47,5 mm <\/span><\/dd>\n<\/dl>\n<dl>\n<dt>Resistencia al agua<\/dt>\n<dd>10 atm (apto para nadar)<\/dd>\n<\/dl>\n<\/div>\n<div class=\"specs-list\">\n<dl>\n<dt>Esfera<\/dt>\n<dd>verde<br \/>\nn\u00fameros \u00e1rabes y romanos e indicadores de hora con superluminova blanca (luminiscencia azul)<\/dd>\n<\/dl>\n<dl>\n<dt>Manecillas<\/dt>\n<dd>Chapado en rodio, con inserciones de superluminova blanca (luminiscencia azul), segundero naranja fluorescente<\/dd>\n<\/dl>\n<dl>\n<dt>correa<\/dt>\n<dd>Gamuza gris<br \/>\n<span class=\"size-property\"> anchura de la leng\u00fceta 18 mm <\/span><\/dd>\n<\/dl>\n<\/div>\n<\/div>\n","protected":false},"excerpt":{"rendered":"<p>Nomos Club Campus el\u00e9ctrico verde ref. 715 Caso acero inoxidable, bipartito dorso de acero inoxidable atornillado Cristal cristal de zafiro abombado Carga manual Dimensiones di\u00e1metro 36,0 mm grosor 8,2 mm Tama\u00f1o del bucle exterior 47,5 mm Resistencia al agua 10 atm (apto para nadar) Esfera verde n\u00fameros \u00e1rabes y romanos e indicadores de hora con [&hellip;]<\/p>\n","protected":false},"featured_media":65342,"template":"","meta":{"_crdt_document":"","advanced_seo_description":"","jetpack_seo_html_title":"","jetpack_seo_noindex":false,"jetpack_post_was_ever_published":false},"product_brand":[],"product_cat":[2360],"product_tag":[2389],"berocket_brand":[],"woo-feed-brand":[],"class_list":{"0":"post-67977","1":"product","2":"type-product","3":"status-publish","4":"has-post-thumbnail","6":"product_cat-nomos-glashutte-es","7":"product_tag-club-es","9":"first","10":"outofstock","11":"sale","12":"taxable","13":"shipping-taxable","14":"purchasable","15":"product-type-simple"},"bundled_by":[],"bundle_stock_status":"outofstock","bundle_stock_quantity":0,"bundle_virtual":false,"bundle_layout":"","bundle_add_to_cart_form_location":"","bundle_editable_in_cart":false,"bundle_sold_individually_context":"","bundle_item_grouping":"","bundle_min_size":"","bundle_max_size":"","bundle_price":[],"bundled_items":[],"bundle_sell_ids":[],"group_of_quantity":0,"min_quantity":0,"max_quantity":"","exclude_order_quantity_value_rules":"no","exclude_category_quantity_rules":"no","combine_variations":"no","exclude_global_add_ons":[],"addons":[],"jetpack_sharing_enabled":true,"jetpack_likes_enabled":true,"_links":{"self":[{"href":"https:\/\/watchdeluxe.it\/es\/wp-json\/wp\/v2\/product\/67977","targetHints":{"allow":["GET"]}}],"collection":[{"href":"https:\/\/watchdeluxe.it\/es\/wp-json\/wp\/v2\/product"}],"about":[{"href":"https:\/\/watchdeluxe.it\/es\/wp-json\/wp\/v2\/types\/product"}],"wp:featuredmedia":[{"embeddable":true,"href":"https:\/\/watchdeluxe.it\/es\/wp-json\/wp\/v2\/media\/65342"}],"wp:attachment":[{"href":"https:\/\/watchdeluxe.it\/es\/wp-json\/wp\/v2\/media?parent=67977"}],"wp:term":[{"taxonomy":"product_brand","embeddable":true,"href":"https:\/\/watchdeluxe.it\/es\/wp-json\/wp\/v2\/product_brand?post=67977"},{"taxonomy":"product_cat","embeddable":true,"href":"https:\/\/watchdeluxe.it\/es\/wp-json\/wp\/v2\/product_cat?post=67977"},{"taxonomy":"product_tag","embeddable":true,"href":"https:\/\/watchdeluxe.it\/es\/wp-json\/wp\/v2\/product_tag?post=67977"},{"taxonomy":"berocket_brand","embeddable":true,"href":"https:\/\/watchdeluxe.it\/es\/wp-json\/wp\/v2\/berocket_brand?post=67977"},{"taxonomy":"woo-feed-brand","embeddable":true,"href":"https:\/\/watchdeluxe.it\/es\/wp-json\/wp\/v2\/woo-feed-brand?post=67977"}],"curies":[{"name":"wp","href":"https:\/\/api.w.org\/{rel}","templated":true}]}}