{"id":67543,"date":"2023-06-12T16:17:42","date_gmt":"2023-06-12T14:17:42","guid":{"rendered":"https:\/\/watchdeluxe.it\/prodotto\/omega-speedmaster-57-co-axial-master-ref-332-12-41-51-01-001\/"},"modified":"2023-06-12T16:17:42","modified_gmt":"2023-06-12T14:17:42","slug":"omega-speedmaster-57-co-axial-master-ref-332-12-41-51-01-001","status":"publish","type":"product","link":"https:\/\/watchdeluxe.it\/es\/prodotto\/omega-speedmaster-57-co-axial-master-ref-332-12-41-51-01-001\/","title":{"rendered":"Omega Speedmaster &#8217;57 Co-Axial Master Ref. 332.12.41.51.01.001"},"content":{"rendered":"<p>Omega Speedmaster &#8217;57 Co-Axial Master Ref. 332.12.41.51.01.001<\/p>\n<div class=\"short-description\">El Speedmaster es uno de los relojes m\u00e1s emblem\u00e1ticos de OMEGA. Este reloj, que ha participado en las seis misiones lunares, encarna a la perfecci\u00f3n el esp\u00edritu aventurero y pionero de la marca. El modelo de 40,5 mm, inspirado en el legendario modelo original de 1957, presenta una caja de acero inoxidable y una esfera negra con \u00edndices empotrados con Super-LumiNova vintage debajo. Adem\u00e1s de las agujas Broad Arrow rodiadas, tiene un indicador de fecha a las 6 horas, un peque\u00f1o contador de segundos a las 9 horas y contadores de cron\u00f3grafo de 12 horas y 60 minutos en la subesfera a las 3 horas. El bisel cepillado presenta una escala taquim\u00e9trica bru\u00f1ida y el fondo plano de cristal de zafiro con tratamiento antirreflejos lleva grabado &#8220;Speedmaster &#8217;57&#8221;. El reloj lleva un brazalete a juego, equipado con el c\u00f3modo sistema de ajuste patentado por OMEGA, y est\u00e1 animado por el calibre 9906 OMEGA Co-Axial Master Chronometer de cuerda manual.<\/div>\n<div class=\"product-collateral\">\n<div class=\"product-specs-box\">\n<div class=\"title\"><strong> <\/strong><\/div>\n<div class=\"table-wrapper\">\n<table class=\"data-table\">\n<colgroup>\n<col width=\"25%\">\n<col> <\/colgroup>\n<tbody>\n<tr class=\"odd\">\n<td class=\"spec-name\">Marca<\/td>\n<td class=\"spec-value\">Omega<\/td>\n<\/tr>\n<tr class=\"even\">\n<td class=\"spec-name\">L\u00ednea<\/td>\n<td class=\"spec-value\">SPEEDMASTER<\/td>\n<\/tr>\n<tr class=\"odd\">\n<td class=\"spec-name\">Modelo<\/td>\n<td class=\"spec-value\">Speedmaster 57<\/td>\n<\/tr>\n<tr class=\"even\">\n<td class=\"spec-name\">Complicaci\u00f3n<\/td>\n<td class=\"spec-value\">CRON\u00d3GRAFO<\/td>\n<\/tr>\n<tr class=\"odd\">\n<td class=\"spec-name\">Movimiento<\/td>\n<td class=\"spec-value\">HAND-WOUND<\/td>\n<\/tr>\n<tr class=\"even\">\n<td class=\"spec-name\">Fechador<\/td>\n<td class=\"spec-value\">DATOS<\/td>\n<\/tr>\n<tr class=\"odd\">\n<td class=\"spec-name\">Formulario<\/td>\n<td class=\"spec-value\">RONDA<\/td>\n<\/tr>\n<tr class=\"even\">\n<td class=\"spec-name\">Talla<\/td>\n<td class=\"spec-value\">40,5 MM<\/td>\n<\/tr>\n<tr class=\"odd\">\n<td class=\"spec-name\">Material del malet\u00edn<\/td>\n<td class=\"spec-value\">Acero<\/td>\n<\/tr>\n<tr class=\"even\">\n<td class=\"spec-name\">Tipo de cristal<\/td>\n<td class=\"spec-value\">SAPFIRE<\/td>\n<\/tr>\n<tr class=\"odd\">\n<td class=\"spec-name\">Marque<\/td>\n<td class=\"spec-value\">NEGRO<\/td>\n<\/tr>\n<tr class=\"even\">\n<td class=\"spec-name\">Correa<\/td>\n<td class=\"spec-value\">CUERO<\/td>\n<\/tr>\n<tr class=\"odd\">\n<td class=\"spec-name\">Impermeable<\/td>\n<td class=\"spec-value\">50 M<\/td>\n<\/tr>\n<\/tbody>\n<\/table>\n<\/div>\n<\/div>\n<\/div>\n","protected":false},"excerpt":{"rendered":"<p>Omega Speedmaster &#8217;57 Co-Axial Master Ref. 332.12.41.51.01.001 El Speedmaster es uno de los relojes m\u00e1s emblem\u00e1ticos de OMEGA. Este reloj, que ha participado en las seis misiones lunares, encarna a la perfecci\u00f3n el esp\u00edritu aventurero y pionero de la marca. El modelo de 40,5 mm, inspirado en el legendario modelo original de 1957, presenta una [&hellip;]<\/p>\n","protected":false},"featured_media":66490,"template":"","meta":{"_crdt_document":"","advanced_seo_description":"","jetpack_seo_html_title":"","jetpack_seo_noindex":false,"jetpack_post_was_ever_published":false},"product_brand":[2155],"product_cat":[2276],"product_tag":[2297],"berocket_brand":[],"woo-feed-brand":[],"class_list":{"0":"post-67543","1":"product","2":"type-product","3":"status-publish","4":"has-post-thumbnail","6":"product_brand-omega","7":"product_cat-omega-es","8":"product_tag-speedmaster-es","10":"first","11":"instock","12":"sale","13":"taxable","14":"shipping-taxable","15":"purchasable","16":"product-type-simple"},"bundled_by":[],"bundle_stock_status":"instock","bundle_stock_quantity":1,"bundle_virtual":false,"bundle_layout":"","bundle_add_to_cart_form_location":"","bundle_editable_in_cart":false,"bundle_sold_individually_context":"","bundle_item_grouping":"","bundle_min_size":"","bundle_max_size":"","bundle_price":[],"bundled_items":[],"bundle_sell_ids":[],"group_of_quantity":0,"min_quantity":0,"max_quantity":"","exclude_order_quantity_value_rules":"no","exclude_category_quantity_rules":"no","combine_variations":"no","exclude_global_add_ons":[],"addons":[],"jetpack_sharing_enabled":true,"jetpack_likes_enabled":true,"_links":{"self":[{"href":"https:\/\/watchdeluxe.it\/es\/wp-json\/wp\/v2\/product\/67543","targetHints":{"allow":["GET"]}}],"collection":[{"href":"https:\/\/watchdeluxe.it\/es\/wp-json\/wp\/v2\/product"}],"about":[{"href":"https:\/\/watchdeluxe.it\/es\/wp-json\/wp\/v2\/types\/product"}],"wp:featuredmedia":[{"embeddable":true,"href":"https:\/\/watchdeluxe.it\/es\/wp-json\/wp\/v2\/media\/66490"}],"wp:attachment":[{"href":"https:\/\/watchdeluxe.it\/es\/wp-json\/wp\/v2\/media?parent=67543"}],"wp:term":[{"taxonomy":"product_brand","embeddable":true,"href":"https:\/\/watchdeluxe.it\/es\/wp-json\/wp\/v2\/product_brand?post=67543"},{"taxonomy":"product_cat","embeddable":true,"href":"https:\/\/watchdeluxe.it\/es\/wp-json\/wp\/v2\/product_cat?post=67543"},{"taxonomy":"product_tag","embeddable":true,"href":"https:\/\/watchdeluxe.it\/es\/wp-json\/wp\/v2\/product_tag?post=67543"},{"taxonomy":"berocket_brand","embeddable":true,"href":"https:\/\/watchdeluxe.it\/es\/wp-json\/wp\/v2\/berocket_brand?post=67543"},{"taxonomy":"woo-feed-brand","embeddable":true,"href":"https:\/\/watchdeluxe.it\/es\/wp-json\/wp\/v2\/woo-feed-brand?post=67543"}],"curies":[{"name":"wp","href":"https:\/\/api.w.org\/{rel}","templated":true}]}}