{"id":67437,"date":"2025-02-18T16:53:18","date_gmt":"2025-02-18T15:53:18","guid":{"rendered":"https:\/\/watchdeluxe.it\/prodotto\/panerai-luminor-chrono-pam01109\/"},"modified":"2025-02-18T16:53:32","modified_gmt":"2025-02-18T15:53:32","slug":"panerai-luminor-chrono-pam01109","status":"publish","type":"product","link":"https:\/\/watchdeluxe.it\/es\/prodotto\/panerai-luminor-chrono-pam01109\/","title":{"rendered":"Panerai luminor chrono Pam01109"},"content":{"rendered":"<p>Panerai luminor chrono Pam01109<\/p>\n<div class=\"pan-technical-spec-left\">\n<div class=\"pan-technical-spec-list\">\n<h4 class=\"pan-technical-spec-list-heading\" data-gtm-vis-recent-on-screen-8130187_229=\"17255\" data-gtm-vis-first-on-screen-8130187_229=\"17255\" data-gtm-vis-total-visible-time-8130187_229=\"100\" data-gtm-vis-has-fired-8130187_229=\"1\">Movimiento<\/h4>\n<p class=\"pan-technical-spec-list-detail\">Autom\u00e1tico, calibre P.9200, 13\u00bc lignes, 6,9 mm de grosor, 41 rub\u00edes, volante Glucydur\u00ae, 28.800 vib\/h. Dispositivo antichoque Incabloc\u00ae. Reserva de marcha de 42 horas, un barrilete<\/p>\n<\/div>\n<div class=\"pan-technical-spec-list\">\n<h4 class=\"pan-technical-spec-list-heading\" data-gtm-vis-has-fired-8130187_229=\"1\">Funciones<\/h4>\n<p class=\"pan-technical-spec-list-detail\">Minutos, Cron\u00f3grafo, Segundero peque\u00f1o, Horas<\/p>\n<\/div>\n<div class=\"pan-technical-spec-list\">\n<h4 class=\"pan-technical-spec-list-heading\" data-gtm-vis-has-fired-8130187_229=\"1\">Caso<\/h4>\n<p class=\"pan-technical-spec-list-detail\">Di\u00e1metro 44 mm, acero satinado AISI 316L<\/p>\n<\/div>\n<div class=\"pan-technical-spec-list\">\n<h4 class=\"pan-technical-spec-list-heading\" data-gtm-vis-has-fired-8130187_229=\"1\">Bisel<\/h4>\n<p class=\"pan-technical-spec-list-detail\">Acero pulido<\/p>\n<\/div>\n<\/div>\n<div class=\"pan-technical-spec-right\">\n<div class=\"pan-technical-spec-list\">\n<h4 class=\"pan-technical-spec-list-heading\" data-gtm-vis-has-fired-8130187_229=\"1\">Fondo<\/h4>\n<p class=\"pan-technical-spec-list-detail\">Atornillado, acero cepillado<\/p>\n<\/div>\n<div class=\"pan-technical-spec-list\">\n<h4 class=\"pan-technical-spec-list-heading\" data-gtm-vis-has-fired-8130187_229=\"1\">Protector de corona<\/h4>\n<p class=\"pan-technical-spec-list-detail\">(protegido por marca registrada) en acero satinado<\/p>\n<\/div>\n<div class=\"pan-technical-spec-list\">\n<h4 class=\"pan-technical-spec-list-heading\" data-gtm-vis-has-fired-8130187_229=\"1\">Impermeable<\/h4>\n<p class=\"pan-technical-spec-list-detail\">&#8220;10,0 bar (~100,0 metros)&#8221;<\/p>\n<\/div>\n<div class=\"pan-technical-spec-list\">\n<h4 class=\"pan-technical-spec-list-heading\" data-gtm-vis-has-fired-8130187_229=\"1\">Correa<\/h4>\n<p class=\"pan-technical-spec-list-detail\">Alig\u00e1tor negro, costura negra, 24,0\/22,0 Dimensiones est\u00e1ndar<\/p>\n<\/div>\n<\/div>\n","protected":false},"excerpt":{"rendered":"<p>Panerai luminor chrono Pam01109 Movimiento Autom\u00e1tico, calibre P.9200, 13\u00bc lignes, 6,9 mm de grosor, 41 rub\u00edes, volante Glucydur\u00ae, 28.800 vib\/h. Dispositivo antichoque Incabloc\u00ae. Reserva de marcha de 42 horas, un barrilete Funciones Minutos, Cron\u00f3grafo, Segundero peque\u00f1o, Horas Caso Di\u00e1metro 44 mm, acero satinado AISI 316L Bisel Acero pulido Fondo Atornillado, acero cepillado Protector de corona [&hellip;]<\/p>\n","protected":false},"featured_media":28055,"template":"","meta":{"_crdt_document":"","advanced_seo_description":"","jetpack_seo_html_title":"","jetpack_seo_noindex":false},"product_brand":[],"product_cat":[2282],"product_tag":[2294],"berocket_brand":[],"woo-feed-brand":[],"class_list":{"0":"post-67437","1":"product","2":"type-product","3":"status-publish","4":"has-post-thumbnail","6":"product_cat-panerai-es","7":"product_tag-luminor-es","9":"first","10":"instock","11":"sale","12":"taxable","13":"shipping-taxable","14":"purchasable","15":"product-type-simple"},"bundled_by":[],"bundle_stock_status":"instock","bundle_stock_quantity":1,"bundle_virtual":false,"bundle_layout":"","bundle_add_to_cart_form_location":"","bundle_editable_in_cart":false,"bundle_sold_individually_context":"","bundle_item_grouping":"","bundle_min_size":"","bundle_max_size":"","bundle_price":[],"bundled_items":[],"bundle_sell_ids":[],"group_of_quantity":0,"min_quantity":0,"max_quantity":"","exclude_order_quantity_value_rules":"no","exclude_category_quantity_rules":"no","combine_variations":"no","jetpack_sharing_enabled":true,"jetpack_likes_enabled":true,"_links":{"self":[{"href":"https:\/\/watchdeluxe.it\/es\/wp-json\/wp\/v2\/product\/67437","targetHints":{"allow":["GET"]}}],"collection":[{"href":"https:\/\/watchdeluxe.it\/es\/wp-json\/wp\/v2\/product"}],"about":[{"href":"https:\/\/watchdeluxe.it\/es\/wp-json\/wp\/v2\/types\/product"}],"wp:featuredmedia":[{"embeddable":true,"href":"https:\/\/watchdeluxe.it\/es\/wp-json\/wp\/v2\/media\/28055"}],"wp:attachment":[{"href":"https:\/\/watchdeluxe.it\/es\/wp-json\/wp\/v2\/media?parent=67437"}],"wp:term":[{"taxonomy":"product_brand","embeddable":true,"href":"https:\/\/watchdeluxe.it\/es\/wp-json\/wp\/v2\/product_brand?post=67437"},{"taxonomy":"product_cat","embeddable":true,"href":"https:\/\/watchdeluxe.it\/es\/wp-json\/wp\/v2\/product_cat?post=67437"},{"taxonomy":"product_tag","embeddable":true,"href":"https:\/\/watchdeluxe.it\/es\/wp-json\/wp\/v2\/product_tag?post=67437"},{"taxonomy":"berocket_brand","embeddable":true,"href":"https:\/\/watchdeluxe.it\/es\/wp-json\/wp\/v2\/berocket_brand?post=67437"},{"taxonomy":"woo-feed-brand","embeddable":true,"href":"https:\/\/watchdeluxe.it\/es\/wp-json\/wp\/v2\/woo-feed-brand?post=67437"}],"curies":[{"name":"wp","href":"https:\/\/api.w.org\/{rel}","templated":true}]}}