{"id":67395,"date":"2023-06-24T10:53:36","date_gmt":"2023-06-24T08:53:36","guid":{"rendered":"https:\/\/watchdeluxe.it\/prodotto\/panerai-luminor-due-goldtech-nacar-pam01280\/"},"modified":"2026-04-01T11:30:12","modified_gmt":"2026-04-01T09:30:12","slug":"panerai-luminor-dos-oro-tech-madreperla-pam01280","status":"publish","type":"product","link":"https:\/\/watchdeluxe.it\/es\/prodotto\/panerai-luminor-dos-oro-tech-madreperla-pam01280\/","title":{"rendered":"Panerai luminor due goldtech\u2122 n\u00e1car PAM01280"},"content":{"rendered":"<p>Panerai luminor due goldtech\u2122 n\u00e1car PAM01280<\/p>\n<table class=\"data-table\">\n<tbody>\n<tr class=\"odd\">\n<td class=\"spec-name\">Marca<\/td>\n<td class=\"spec-value\">Panerai<\/td>\n<\/tr>\n<tr class=\"even\">\n<td class=\"spec-name\">L\u00ednea<\/td>\n<td class=\"spec-value\">LUMINOR DOS<\/td>\n<\/tr>\n<tr class=\"odd\">\n<td class=\"spec-name\">Complicaci\u00f3n<\/td>\n<td class=\"spec-value\">3 D\u00cdAS DE RESERVA DE MARCHA<\/td>\n<\/tr>\n<tr class=\"even\">\n<td class=\"spec-name\">Movimiento<\/td>\n<td class=\"spec-value\">AUTOM\u00c1TICO<\/td>\n<\/tr>\n<tr class=\"odd\">\n<td class=\"spec-name\">Fechador<\/td>\n<td class=\"spec-value\">FECHA<\/td>\n<\/tr>\n<tr class=\"even\">\n<td class=\"spec-name\">Forma<\/td>\n<td class=\"spec-value\">FORMA<\/td>\n<\/tr>\n<tr class=\"odd\">\n<td class=\"spec-name\">Tama\u00f1o<\/td>\n<td class=\"spec-value\">38 MM<\/td>\n<\/tr>\n<tr class=\"even\">\n<td class=\"spec-name\">Material de la caja<\/td>\n<td class=\"spec-value\">Oro rosa<\/td>\n<\/tr>\n<tr class=\"odd\">\n<td class=\"spec-name\">Esfera<\/td>\n<td class=\"spec-value\">N\u00c1CAR BLANCO<\/td>\n<\/tr>\n<tr class=\"even\">\n<td class=\"spec-name\">Correa<\/td>\n<td class=\"spec-value\">ALIGATORIO<\/td>\n<\/tr>\n<tr class=\"odd\">\n<td class=\"spec-name\">Resistencia al agua<\/td>\n<td class=\"spec-value\">30 M<\/td>\n<\/tr>\n<\/tbody>\n<\/table>\n","protected":false},"excerpt":{"rendered":"<p>Panerai luminor due goldtech\u2122 n\u00e1car PAM01280 Marca Panerai L\u00ednea LUMINOR DOS Complicaci\u00f3n 3 D\u00cdAS DE RESERVA DE MARCHA Movimiento AUTOM\u00c1TICO Fechador FECHA Forma FORMA Tama\u00f1o 38 MM Material de la caja Oro rosa Esfera N\u00c1CAR BLANCO Correa ALIGATORIO Resistencia al agua 30 M<\/p>\n","protected":false},"featured_media":66714,"template":"","meta":{"_crdt_document":"","advanced_seo_description":"","jetpack_seo_html_title":"","jetpack_seo_noindex":false,"jetpack_post_was_ever_published":false},"product_brand":[],"product_cat":[2282],"product_tag":[2326],"berocket_brand":[],"woo-feed-brand":[],"class_list":{"0":"post-67395","1":"product","2":"type-product","3":"status-publish","4":"has-post-thumbnail","6":"product_cat-panerai-es","7":"product_tag-luminor-2-es","9":"first","10":"instock","11":"sale","12":"taxable","13":"shipping-taxable","14":"purchasable","15":"product-type-simple"},"bundled_by":[],"bundle_stock_status":"instock","bundle_stock_quantity":1,"bundle_virtual":false,"bundle_layout":"","bundle_add_to_cart_form_location":"","bundle_editable_in_cart":false,"bundle_sold_individually_context":"","bundle_item_grouping":"","bundle_min_size":"","bundle_max_size":"","bundle_price":[],"bundled_items":[],"bundle_sell_ids":[],"group_of_quantity":0,"min_quantity":0,"max_quantity":"","exclude_order_quantity_value_rules":"no","exclude_category_quantity_rules":"no","combine_variations":"no","exclude_global_add_ons":[],"addons":[],"jetpack_sharing_enabled":true,"jetpack_likes_enabled":true,"_links":{"self":[{"href":"https:\/\/watchdeluxe.it\/es\/wp-json\/wp\/v2\/product\/67395","targetHints":{"allow":["GET"]}}],"collection":[{"href":"https:\/\/watchdeluxe.it\/es\/wp-json\/wp\/v2\/product"}],"about":[{"href":"https:\/\/watchdeluxe.it\/es\/wp-json\/wp\/v2\/types\/product"}],"wp:featuredmedia":[{"embeddable":true,"href":"https:\/\/watchdeluxe.it\/es\/wp-json\/wp\/v2\/media\/66714"}],"wp:attachment":[{"href":"https:\/\/watchdeluxe.it\/es\/wp-json\/wp\/v2\/media?parent=67395"}],"wp:term":[{"taxonomy":"product_brand","embeddable":true,"href":"https:\/\/watchdeluxe.it\/es\/wp-json\/wp\/v2\/product_brand?post=67395"},{"taxonomy":"product_cat","embeddable":true,"href":"https:\/\/watchdeluxe.it\/es\/wp-json\/wp\/v2\/product_cat?post=67395"},{"taxonomy":"product_tag","embeddable":true,"href":"https:\/\/watchdeluxe.it\/es\/wp-json\/wp\/v2\/product_tag?post=67395"},{"taxonomy":"berocket_brand","embeddable":true,"href":"https:\/\/watchdeluxe.it\/es\/wp-json\/wp\/v2\/berocket_brand?post=67395"},{"taxonomy":"woo-feed-brand","embeddable":true,"href":"https:\/\/watchdeluxe.it\/es\/wp-json\/wp\/v2\/woo-feed-brand?post=67395"}],"curies":[{"name":"wp","href":"https:\/\/api.w.org\/{rel}","templated":true}]}}