{"id":67334,"date":"2023-06-24T11:34:43","date_gmt":"2023-06-24T09:34:43","guid":{"rendered":"https:\/\/watchdeluxe.it\/prodotto\/panerai-luminor-gmt-reserva-de-marcha-pam01321\/"},"modified":"2026-04-01T11:28:20","modified_gmt":"2026-04-01T09:28:20","slug":"panerai-luminor-gmt-reserva-de-potencia-pam01321","status":"publish","type":"product","link":"https:\/\/watchdeluxe.it\/es\/prodotto\/panerai-luminor-gmt-reserva-de-potencia-pam01321\/","title":{"rendered":"Panerai luminor gmt reserva de marcha PAM01321"},"content":{"rendered":"<p>Panerai luminor gmt reserva de marcha PAM01321<\/p>\n<div class=\"pan-technical-spec-left\">\n<div class=\"pan-technical-spec-list\">\n<h4 class=\"pan-technical-spec-list-heading\" data-gtm-vis-recent-on-screen-8130187_229=\"12111\" data-gtm-vis-first-on-screen-8130187_229=\"12111\" data-gtm-vis-total-visible-time-8130187_229=\"100\" data-gtm-vis-has-fired-8130187_229=\"1\">Movimiento<\/h4>\n<p class=\"pan-technical-spec-list-detail\">Autom\u00e1tico, calibre P.9012, totalmente fabricado por Panerai, 13\u00be lignes, 6,0 mm de grosor, 31 rub\u00edes, volante Glucydur\u00ae, 28.800 alternancias por hora. Dispositivo antichoque Incabloc\u00ae. Reserva de marcha de 3 d\u00edas, dos barriletes, dispositivo de puesta a cero del segundero 231 componentes<\/p>\n<\/div>\n<div class=\"pan-technical-spec-list\">\n<h4 class=\"pan-technical-spec-list-heading\" data-gtm-vis-has-fired-8130187_229=\"1\">Funciones<\/h4>\n<p class=\"pan-technical-spec-list-detail\">Segundero peque\u00f1o, Horas, Ventana de fecha, Puesta a cero del segundero, Huso horario, Funci\u00f3n de parada del segundero, Minutos, Reserva de marcha, GMT12H<\/p>\n<\/div>\n<div class=\"pan-technical-spec-list\">\n<h4 class=\"pan-technical-spec-list-heading\" data-gtm-vis-has-fired-8130187_229=\"1\">Caso<\/h4>\n<p class=\"pan-technical-spec-list-detail\">Di\u00e1metro 44 mm, acero satinado AISI 316L<\/p>\n<\/div>\n<div class=\"pan-technical-spec-list\">\n<h4 class=\"pan-technical-spec-list-heading\" data-gtm-vis-has-fired-8130187_229=\"1\">Bisel<\/h4>\n<p class=\"pan-technical-spec-list-detail\">Acero pulido<\/p>\n<\/div>\n<\/div>\n<div class=\"pan-technical-spec-right\">\n<div class=\"pan-technical-spec-list\">\n<h4 class=\"pan-technical-spec-list-heading\" data-gtm-vis-has-fired-8130187_229=\"1\">Fondo<\/h4>\n<p class=\"pan-technical-spec-list-detail\">Cristal de zafiro transparente<\/p>\n<\/div>\n<div class=\"pan-technical-spec-list\">\n<h4 class=\"pan-technical-spec-list-heading\" data-gtm-vis-has-fired-8130187_229=\"1\">Protector de corona<\/h4>\n<p class=\"pan-technical-spec-list-detail\">(protegido por marca registrada) en acero satinado<\/p>\n<\/div>\n<div class=\"pan-technical-spec-list\">\n<h4 class=\"pan-technical-spec-list-heading\" data-gtm-vis-has-fired-8130187_229=\"1\">Marque<\/h4>\n<p class=\"pan-technical-spec-list-detail\">Negra con n\u00fameros ar\u00e1bigos e \u00edndices luminiscentes. Fecha a las 3, segundero a las 9, indicador de reserva de marcha a las 5.<\/p>\n<\/div>\n<div class=\"pan-technical-spec-list\">\n<h4 class=\"pan-technical-spec-list-heading\" data-gtm-vis-has-fired-8130187_229=\"1\">Impermeable<\/h4>\n<p class=\"pan-technical-spec-list-detail\">&#8220;30,0 bar (~300,0 metros)&#8221;<\/p>\n<\/div>\n<div class=\"pan-technical-spec-list\">\n<h4 class=\"pan-technical-spec-list-heading\" data-gtm-vis-has-fired-8130187_229=\"1\">Correa<\/h4>\n<p class=\"pan-technical-spec-list-detail\">Alig\u00e1tor negro, costura negra, 24,0\/22,0 Dimensiones est\u00e1ndar<\/p>\n<\/div>\n<\/div>\n","protected":false},"excerpt":{"rendered":"<p>Panerai luminor gmt reserva de marcha PAM01321 Movimiento Autom\u00e1tico, calibre P.9012, totalmente fabricado por Panerai, 13\u00be lignes, 6,0 mm de grosor, 31 rub\u00edes, volante Glucydur\u00ae, 28.800 alternancias por hora. Dispositivo antichoque Incabloc\u00ae. Reserva de marcha de 3 d\u00edas, dos barriletes, dispositivo de puesta a cero del segundero 231 componentes Funciones Segundero peque\u00f1o, Horas, Ventana de [&hellip;]<\/p>\n","protected":false},"featured_media":66750,"template":"","meta":{"_crdt_document":"","advanced_seo_description":"","jetpack_seo_html_title":"","jetpack_seo_noindex":false},"product_brand":[],"product_cat":[2282],"product_tag":[2294],"berocket_brand":[],"woo-feed-brand":[],"class_list":{"0":"post-67334","1":"product","2":"type-product","3":"status-publish","4":"has-post-thumbnail","6":"product_cat-panerai-es","7":"product_tag-luminor-es","9":"first","10":"instock","11":"sale","12":"taxable","13":"shipping-taxable","14":"purchasable","15":"product-type-simple"},"bundled_by":[],"bundle_stock_status":"instock","bundle_stock_quantity":1,"bundle_virtual":false,"bundle_layout":"","bundle_add_to_cart_form_location":"","bundle_editable_in_cart":false,"bundle_sold_individually_context":"","bundle_item_grouping":"","bundle_min_size":"","bundle_max_size":"","bundle_price":[],"bundled_items":[],"bundle_sell_ids":[],"group_of_quantity":0,"min_quantity":0,"max_quantity":"","exclude_order_quantity_value_rules":"no","exclude_category_quantity_rules":"no","combine_variations":"no","jetpack_sharing_enabled":true,"jetpack_likes_enabled":true,"_links":{"self":[{"href":"https:\/\/watchdeluxe.it\/es\/wp-json\/wp\/v2\/product\/67334","targetHints":{"allow":["GET"]}}],"collection":[{"href":"https:\/\/watchdeluxe.it\/es\/wp-json\/wp\/v2\/product"}],"about":[{"href":"https:\/\/watchdeluxe.it\/es\/wp-json\/wp\/v2\/types\/product"}],"wp:featuredmedia":[{"embeddable":true,"href":"https:\/\/watchdeluxe.it\/es\/wp-json\/wp\/v2\/media\/66750"}],"wp:attachment":[{"href":"https:\/\/watchdeluxe.it\/es\/wp-json\/wp\/v2\/media?parent=67334"}],"wp:term":[{"taxonomy":"product_brand","embeddable":true,"href":"https:\/\/watchdeluxe.it\/es\/wp-json\/wp\/v2\/product_brand?post=67334"},{"taxonomy":"product_cat","embeddable":true,"href":"https:\/\/watchdeluxe.it\/es\/wp-json\/wp\/v2\/product_cat?post=67334"},{"taxonomy":"product_tag","embeddable":true,"href":"https:\/\/watchdeluxe.it\/es\/wp-json\/wp\/v2\/product_tag?post=67334"},{"taxonomy":"berocket_brand","embeddable":true,"href":"https:\/\/watchdeluxe.it\/es\/wp-json\/wp\/v2\/berocket_brand?post=67334"},{"taxonomy":"woo-feed-brand","embeddable":true,"href":"https:\/\/watchdeluxe.it\/es\/wp-json\/wp\/v2\/woo-feed-brand?post=67334"}],"curies":[{"name":"wp","href":"https:\/\/api.w.org\/{rel}","templated":true}]}}