{"id":67327,"date":"2023-06-24T11:11:27","date_gmt":"2023-06-24T09:11:27","guid":{"rendered":"https:\/\/watchdeluxe.it\/prodotto\/panerai-sumergible-47-mmm-pam01305\/"},"modified":"2026-04-01T11:29:20","modified_gmt":"2026-04-01T09:29:20","slug":"panerai-submersible-47-mmm-pam01305","status":"publish","type":"product","link":"https:\/\/watchdeluxe.it\/es\/prodotto\/panerai-submersible-47-mmm-pam01305\/","title":{"rendered":"Panerai Sumergible 47 mmm Pam01305"},"content":{"rendered":"<p>Panerai Sumergible 47 mmm Pam01305<\/p>\n<div class=\"dropdown\">\n<div class=\"product-details\" role=\"tablist\"><span class=\"action dropdown-button allow active\" tabindex=\"0\" role=\"tab\" data-role=\"collapsible\" data-action=\"product-details-toggle\" data-collapsible=\"true\" aria-selected=\"true\" aria-expanded=\"true\">  Movimiento  <\/span><\/p>\n<ul class=\"dropdown-options dropdown-content flex-column\" role=\"tabpanel\" data-role=\"content\" aria-hidden=\"false\">\n<li class=\"d-flex flex-row justify-content-between\">\n<div class=\"name\">Autonom\u00eda<\/div>\n<div class=\"value\">3 d\u00edas<\/div>\n<\/li>\n<li class=\"d-flex flex-row justify-content-between\">\n<div class=\"name\">Calibre<\/div>\n<div class=\"value\">P.9010<\/div>\n<\/li>\n<\/ul>\n<\/div>\n<\/div>\n<div class=\"dropdown\">\n<div class=\"product-details\" role=\"tablist\"><span class=\"action dropdown-button allow active\" tabindex=\"0\" role=\"tab\" data-role=\"collapsible\" data-action=\"product-details-toggle\" data-collapsible=\"true\" aria-selected=\"true\" aria-expanded=\"true\">  Caso  <\/span><\/p>\n<ul class=\"dropdown-options dropdown-content flex-column\" role=\"tabpanel\" data-role=\"content\" aria-hidden=\"false\">\n<li class=\"d-flex flex-row justify-content-between\">\n<div class=\"name\">Impermeable<\/div>\n<div class=\"value\">300 m<\/div>\n<\/li>\n<li class=\"d-flex flex-row justify-content-between\">\n<div class=\"name\">Di\u00e1metro de la caja<\/div>\n<div class=\"value\">47,00 mm<\/div>\n<\/li>\n<li class=\"d-flex flex-row justify-content-between\">\n<div class=\"name\">Material del malet\u00edn<\/div>\n<div class=\"value\">Titanio<\/div>\n<\/li>\n<li class=\"d-flex flex-row justify-content-between\">\n<div class=\"name\">Material del bisel<\/div>\n<div class=\"value\">Titanio<\/div>\n<\/li>\n<\/ul>\n<\/div>\n<\/div>\n<div class=\"dropdown\">\n<div class=\"product-details\" role=\"tablist\"><span class=\"action dropdown-button allow active\" tabindex=\"0\" role=\"tab\" data-role=\"collapsible\" data-action=\"product-details-toggle\" data-collapsible=\"true\" aria-selected=\"true\" aria-expanded=\"true\"> Pulsera <\/span><\/p>\n<ul class=\"dropdown-options dropdown-content flex-column\" role=\"tabpanel\" data-role=\"content\" aria-hidden=\"false\">\n<li class=\"d-flex flex-row justify-content-between\">\n<div class=\"name\">Material de cierre<\/div>\n<div class=\"value\">Titanio<\/div>\n<\/li>\n<li class=\"d-flex flex-row justify-content-between\">\n<div class=\"name\">Material de la pulsera<\/div>\n<div class=\"value\">Goma<\/div>\n<\/li>\n<li class=\"d-flex flex-row justify-content-between\">\n<div class=\"name\">Color de la pulsera<\/div>\n<div class=\"value\">Negro<\/div>\n<\/li>\n<\/ul>\n<\/div>\n<\/div>\n","protected":false},"excerpt":{"rendered":"<p>Panerai Sumergible 47 mmm Pam01305 Movimiento Autonom\u00eda 3 d\u00edas Calibre P.9010 Caso Impermeable 300 m Di\u00e1metro de la caja 47,00 mm Material del malet\u00edn Titanio Material del bisel Titanio Pulsera Material de cierre Titanio Material de la pulsera Goma Color de la pulsera Negro<\/p>\n","protected":false},"featured_media":66730,"template":"","meta":{"_crdt_document":"","advanced_seo_description":"","jetpack_seo_html_title":"","jetpack_seo_noindex":false,"jetpack_post_was_ever_published":false},"product_brand":[],"product_cat":[2282],"product_tag":[2284],"berocket_brand":[],"woo-feed-brand":[],"class_list":{"0":"post-67327","1":"product","2":"type-product","3":"status-publish","4":"has-post-thumbnail","6":"product_cat-panerai-es","7":"product_tag-sumergible","9":"first","10":"instock","11":"sale","12":"taxable","13":"shipping-taxable","14":"purchasable","15":"product-type-simple"},"bundled_by":[],"bundle_stock_status":"instock","bundle_stock_quantity":1,"bundle_virtual":false,"bundle_layout":"","bundle_add_to_cart_form_location":"","bundle_editable_in_cart":false,"bundle_sold_individually_context":"","bundle_item_grouping":"","bundle_min_size":"","bundle_max_size":"","bundle_price":[],"bundled_items":[],"bundle_sell_ids":[],"group_of_quantity":0,"min_quantity":0,"max_quantity":"","exclude_order_quantity_value_rules":"no","exclude_category_quantity_rules":"no","combine_variations":"no","exclude_global_add_ons":[],"addons":[],"jetpack_sharing_enabled":true,"jetpack_likes_enabled":true,"_links":{"self":[{"href":"https:\/\/watchdeluxe.it\/es\/wp-json\/wp\/v2\/product\/67327","targetHints":{"allow":["GET"]}}],"collection":[{"href":"https:\/\/watchdeluxe.it\/es\/wp-json\/wp\/v2\/product"}],"about":[{"href":"https:\/\/watchdeluxe.it\/es\/wp-json\/wp\/v2\/types\/product"}],"wp:featuredmedia":[{"embeddable":true,"href":"https:\/\/watchdeluxe.it\/es\/wp-json\/wp\/v2\/media\/66730"}],"wp:attachment":[{"href":"https:\/\/watchdeluxe.it\/es\/wp-json\/wp\/v2\/media?parent=67327"}],"wp:term":[{"taxonomy":"product_brand","embeddable":true,"href":"https:\/\/watchdeluxe.it\/es\/wp-json\/wp\/v2\/product_brand?post=67327"},{"taxonomy":"product_cat","embeddable":true,"href":"https:\/\/watchdeluxe.it\/es\/wp-json\/wp\/v2\/product_cat?post=67327"},{"taxonomy":"product_tag","embeddable":true,"href":"https:\/\/watchdeluxe.it\/es\/wp-json\/wp\/v2\/product_tag?post=67327"},{"taxonomy":"berocket_brand","embeddable":true,"href":"https:\/\/watchdeluxe.it\/es\/wp-json\/wp\/v2\/berocket_brand?post=67327"},{"taxonomy":"woo-feed-brand","embeddable":true,"href":"https:\/\/watchdeluxe.it\/es\/wp-json\/wp\/v2\/woo-feed-brand?post=67327"}],"curies":[{"name":"wp","href":"https:\/\/api.w.org\/{rel}","templated":true}]}}