{"id":67240,"date":"2024-01-09T10:18:25","date_gmt":"2024-01-09T09:18:25","guid":{"rendered":"https:\/\/watchdeluxe.it\/prodotto\/boligrafo-montblanc-starwalker-ref-132509\/"},"modified":"2026-01-21T18:03:40","modified_gmt":"2026-01-21T17:03:40","slug":"boligrafo-montblanc-starwalker-ref-132509","status":"publish","type":"product","link":"https:\/\/watchdeluxe.it\/es\/prodotto\/boligrafo-montblanc-starwalker-ref-132509\/","title":{"rendered":"Bol\u00edgrafo Montblanc StarWalker ref. 132509"},"content":{"rendered":"<p>Bol\u00edgrafo Montblanc StarWalker ref. 132509<\/p>\n<div class=\"woocommerce-product-details__short-description\">\n<p>El nuevo StarWalker narra un viaje entre las estrellas, descubriendo el cosmos y galaxias desconocidas, para participar en una de las aventuras m\u00e1s misteriosas y poderosas de la humanidad: la exploraci\u00f3n espacial. El nuevo dise\u00f1o de la colecci\u00f3n celebra la inmensa emoci\u00f3n, descrita por todos los astronautas, de la visi\u00f3n de nuestro planeta azul flotando en la inmensidad sin l\u00edmites del espacio. La exclusiva tecnolog\u00eda del emblema StarWalker presenta una c\u00fapula azul transl\u00facida bajo el emblema Montblanc, inspirada en la Tierra emergiendo del horizonte lunar. El StarWalker Precious Resin viene con detalles acabados en platino y un cuerpo de resina preciosa negra.<\/p>\n<\/div>\n<div class=\"col-xs-12 col-md-6\">\n<div class=\"summary entry-summary single-product-info\">\n<div class=\"product_meta\"><\/div>\n<\/div>\n<\/div>\n","protected":false},"excerpt":{"rendered":"<p>Bol\u00edgrafo Montblanc StarWalker ref. 132509 El nuevo StarWalker narra un viaje entre las estrellas, descubriendo el cosmos y galaxias desconocidas, para participar en una de las aventuras m\u00e1s misteriosas y poderosas de la humanidad: la exploraci\u00f3n espacial. El nuevo dise\u00f1o de la colecci\u00f3n celebra la inmensa emoci\u00f3n, descrita por todos los astronautas, de la visi\u00f3n [&hellip;]<\/p>\n","protected":false},"featured_media":66886,"template":"","meta":{"_crdt_document":"","advanced_seo_description":"","jetpack_seo_html_title":"","jetpack_seo_noindex":false,"jetpack_post_was_ever_published":true},"product_brand":[],"product_cat":[2247],"product_tag":[2258],"berocket_brand":[],"woo-feed-brand":[],"class_list":{"0":"post-67240","1":"product","2":"type-product","3":"status-publish","4":"has-post-thumbnail","6":"product_cat-montblanc-es","7":"product_tag-boligrafos","9":"first","10":"instock","11":"sale","12":"taxable","13":"shipping-taxable","14":"purchasable","15":"product-type-simple"},"bundled_by":[],"bundle_stock_status":"instock","bundle_stock_quantity":1,"bundle_virtual":false,"bundle_layout":"","bundle_add_to_cart_form_location":"","bundle_editable_in_cart":false,"bundle_sold_individually_context":"","bundle_item_grouping":"","bundle_min_size":"","bundle_max_size":"","bundle_price":[],"bundled_items":[],"bundle_sell_ids":[],"group_of_quantity":0,"min_quantity":0,"max_quantity":"","exclude_order_quantity_value_rules":"no","exclude_category_quantity_rules":"no","combine_variations":"no","exclude_global_add_ons":[],"addons":[],"jetpack_sharing_enabled":true,"jetpack_likes_enabled":true,"_links":{"self":[{"href":"https:\/\/watchdeluxe.it\/es\/wp-json\/wp\/v2\/product\/67240","targetHints":{"allow":["GET"]}}],"collection":[{"href":"https:\/\/watchdeluxe.it\/es\/wp-json\/wp\/v2\/product"}],"about":[{"href":"https:\/\/watchdeluxe.it\/es\/wp-json\/wp\/v2\/types\/product"}],"wp:featuredmedia":[{"embeddable":true,"href":"https:\/\/watchdeluxe.it\/es\/wp-json\/wp\/v2\/media\/66886"}],"wp:attachment":[{"href":"https:\/\/watchdeluxe.it\/es\/wp-json\/wp\/v2\/media?parent=67240"}],"wp:term":[{"taxonomy":"product_brand","embeddable":true,"href":"https:\/\/watchdeluxe.it\/es\/wp-json\/wp\/v2\/product_brand?post=67240"},{"taxonomy":"product_cat","embeddable":true,"href":"https:\/\/watchdeluxe.it\/es\/wp-json\/wp\/v2\/product_cat?post=67240"},{"taxonomy":"product_tag","embeddable":true,"href":"https:\/\/watchdeluxe.it\/es\/wp-json\/wp\/v2\/product_tag?post=67240"},{"taxonomy":"berocket_brand","embeddable":true,"href":"https:\/\/watchdeluxe.it\/es\/wp-json\/wp\/v2\/berocket_brand?post=67240"},{"taxonomy":"woo-feed-brand","embeddable":true,"href":"https:\/\/watchdeluxe.it\/es\/wp-json\/wp\/v2\/woo-feed-brand?post=67240"}],"curies":[{"name":"wp","href":"https:\/\/api.w.org\/{rel}","templated":true}]}}