{"id":67226,"date":"2023-07-03T15:54:12","date_gmt":"2023-07-03T13:54:12","guid":{"rendered":"https:\/\/watchdeluxe.it\/prodotto\/montblanc-midzise-meisterstuck-la-vuelta-al-mundo-en-80-dias-boligrafo-ref-128380\/"},"modified":"2026-01-21T18:04:39","modified_gmt":"2026-01-21T17:04:39","slug":"montblanc-pen-a-sphere-midzise-meisterstuck-alrededor-del-mundo-en-80-dias-ref-128380","status":"publish","type":"product","link":"https:\/\/watchdeluxe.it\/es\/prodotto\/montblanc-pen-a-sphere-midzise-meisterstuck-alrededor-del-mundo-en-80-dias-ref-128380\/","title":{"rendered":"Montblanc Midzise Meisterst\u00fcck La Vuelta al Mundo en 80 D\u00edas Bol\u00edgrafo Ref. 128380"},"content":{"rendered":"<p>Montblanc Midzise Meisterst\u00fcck La Vuelta al Mundo en 80 D\u00edas Bol\u00edgrafo Ref. 128380<\/p>\n<div class=\"short-description\">La colecci\u00f3n Meisterst\u00fcck La vuelta al mundo en 80 d\u00edas se inspira en la famosa novela de aventuras de Julio Verne &#8220;La vuelta al mundo en 80 d\u00edas&#8221;. El biros Midsize Classique, de fina resina antracita, se inspira en la segunda etapa del viaje, de Bombay a Yokohama. En esta segunda etapa de aventura, los protagonistas viajan en un majestuoso elefante, que aparece en una cartela en la capucha. El clip presenta un as de diamantes lacado en rojo, que representa la apuesta de Fogg de hacer el viaje en 80 d\u00edas. En la parte superior de la gorra est\u00e1 grabada la duraci\u00f3n del viaje, 25 d\u00edas de Bombay a Yokohama y 80 d\u00edas en total.<\/div>\n<p>&nbsp;<\/p>\n<div class=\"product-collateral\">\n<div class=\"product-specs-box\">\n<div class=\"title\"><strong>Detalles del producto<\/strong><\/div>\n<div class=\"table-wrapper\">\n<table class=\"data-table\">\n<colgroup>\n<col width=\"25%\">\n<col> <\/colgroup>\n<tbody>\n<tr class=\"odd\">\n<td class=\"spec-name\">Marca<\/td>\n<td class=\"spec-value\">Montblanc<\/td>\n<\/tr>\n<tr class=\"even\">\n<td class=\"spec-name\">L\u00ednea<\/td>\n<td class=\"spec-value\">Meisterst\u00fcck<\/td>\n<\/tr>\n<tr class=\"odd\">\n<td class=\"spec-name\">Tipo<\/td>\n<td class=\"spec-value\">Bol\u00edgrafo<\/td>\n<\/tr>\n<\/tbody>\n<\/table>\n<\/div>\n<\/div>\n<\/div>\n","protected":false},"excerpt":{"rendered":"<p>Montblanc Midzise Meisterst\u00fcck La Vuelta al Mundo en 80 D\u00edas Bol\u00edgrafo Ref. 128380 La colecci\u00f3n Meisterst\u00fcck La vuelta al mundo en 80 d\u00edas se inspira en la famosa novela de aventuras de Julio Verne &#8220;La vuelta al mundo en 80 d\u00edas&#8221;. El biros Midsize Classique, de fina resina antracita, se inspira en la segunda etapa [&hellip;]<\/p>\n","protected":false},"featured_media":66882,"template":"","meta":{"_crdt_document":"","advanced_seo_description":"","jetpack_seo_html_title":"","jetpack_seo_noindex":false},"product_brand":[],"product_cat":[2247],"product_tag":[2258],"berocket_brand":[],"woo-feed-brand":[],"class_list":{"0":"post-67226","1":"product","2":"type-product","3":"status-publish","4":"has-post-thumbnail","6":"product_cat-montblanc-es","7":"product_tag-boligrafos","9":"first","10":"instock","11":"sale","12":"taxable","13":"shipping-taxable","14":"purchasable","15":"product-type-simple"},"bundled_by":[],"bundle_stock_status":"instock","bundle_stock_quantity":1,"bundle_virtual":false,"bundle_layout":"","bundle_add_to_cart_form_location":"","bundle_editable_in_cart":false,"bundle_sold_individually_context":"","bundle_item_grouping":"","bundle_min_size":"","bundle_max_size":"","bundle_price":[],"bundled_items":[],"bundle_sell_ids":[],"group_of_quantity":0,"min_quantity":0,"max_quantity":"","exclude_order_quantity_value_rules":"no","exclude_category_quantity_rules":"no","combine_variations":"no","exclude_global_add_ons":[],"addons":[],"jetpack_sharing_enabled":true,"jetpack_likes_enabled":true,"_links":{"self":[{"href":"https:\/\/watchdeluxe.it\/es\/wp-json\/wp\/v2\/product\/67226","targetHints":{"allow":["GET"]}}],"collection":[{"href":"https:\/\/watchdeluxe.it\/es\/wp-json\/wp\/v2\/product"}],"about":[{"href":"https:\/\/watchdeluxe.it\/es\/wp-json\/wp\/v2\/types\/product"}],"wp:featuredmedia":[{"embeddable":true,"href":"https:\/\/watchdeluxe.it\/es\/wp-json\/wp\/v2\/media\/66882"}],"wp:attachment":[{"href":"https:\/\/watchdeluxe.it\/es\/wp-json\/wp\/v2\/media?parent=67226"}],"wp:term":[{"taxonomy":"product_brand","embeddable":true,"href":"https:\/\/watchdeluxe.it\/es\/wp-json\/wp\/v2\/product_brand?post=67226"},{"taxonomy":"product_cat","embeddable":true,"href":"https:\/\/watchdeluxe.it\/es\/wp-json\/wp\/v2\/product_cat?post=67226"},{"taxonomy":"product_tag","embeddable":true,"href":"https:\/\/watchdeluxe.it\/es\/wp-json\/wp\/v2\/product_tag?post=67226"},{"taxonomy":"berocket_brand","embeddable":true,"href":"https:\/\/watchdeluxe.it\/es\/wp-json\/wp\/v2\/berocket_brand?post=67226"},{"taxonomy":"woo-feed-brand","embeddable":true,"href":"https:\/\/watchdeluxe.it\/es\/wp-json\/wp\/v2\/woo-feed-brand?post=67226"}],"curies":[{"name":"wp","href":"https:\/\/api.w.org\/{rel}","templated":true}]}}