{"id":67155,"date":"2023-07-14T10:34:23","date_gmt":"2023-07-14T08:34:23","guid":{"rendered":"https:\/\/watchdeluxe.it\/prodotto\/cronografo-clasico-fusion-ceramica-azul-42-mm-541-cm-7170-rx\/"},"modified":"2026-01-20T15:39:10","modified_gmt":"2026-01-20T14:39:10","slug":"classic-fusion-ceramic-blue-chronograph-42-mm-541-cm-7170-rx","status":"publish","type":"product","link":"https:\/\/watchdeluxe.it\/es\/prodotto\/classic-fusion-ceramic-blue-chronograph-42-mm-541-cm-7170-rx\/","title":{"rendered":"Cron\u00f3grafo cl\u00e1sico fusi\u00f3n cer\u00e1mica azul 42 mm 541.cm.7170.rx"},"content":{"rendered":"<p>Cron\u00f3grafo cl\u00e1sico fusi\u00f3n cer\u00e1mica azul 42 mm 541.cm.7170.rx<\/p>\n<p><strong class=\"info_name\">Referencia:<\/strong> 541.CM.7170.RX<br \/>\n<strong class=\"info_name\">Sexo:<\/strong> Masculino<br \/>\n<strong class=\"info_name\">Carga:<\/strong> Autom\u00e1tica<br \/>\n<strong class=\"info_name\">Color de la esfera:<\/strong> azul<br \/>\n<strong class=\"info_name\">Material de la caja:<\/strong> Cer\u00e1mica<br \/>\n<strong class=\"info_name\">Material de la correa:<\/strong> caucho<br \/>\n<strong class=\"info_name\">A\u00f1o de producci\u00f3n<\/strong>: 2023<\/p>\n<p><strong class=\"info_name\">Color de la correa:<\/strong> azul<br \/>\n<strong class=\"info_name\">Cierre:<\/strong> DESPLAZAMIENTO<br \/>\n<strong class=\"info_name\">Material Cierre:<\/strong> Acero negro<\/p>\n<p><strong class=\"info_name\">Di\u00e1metro de la caja:<\/strong> 42 MM<br \/>\n<strong class=\"info_name\">Altura de la caja:<\/strong> &#8211;<br \/>\n<strong class=\"info_name\">Resistencia al agua:<\/strong> 5 ATM<br \/>\n<strong class=\"info_name\">Marcar n\u00fameros:<\/strong> Sin n\u00fameros<br \/>\n<strong class=\"info_name\">Material del cristal:<\/strong> Zafiro<br \/>\n<strong class=\"info_name\">Material del bisel:<\/strong> Cer\u00e1mica<br \/>\n<strong class=\"info_name\">Calibre\/Mecanismo:<\/strong> HUB1143 Cron\u00f3grafo autom\u00e1tico<\/p>\n","protected":false},"excerpt":{"rendered":"<p>Cron\u00f3grafo cl\u00e1sico fusi\u00f3n cer\u00e1mica azul 42 mm 541.cm.7170.rx Referencia: 541.CM.7170.RX Sexo: Masculino Carga: Autom\u00e1tica Color de la esfera: azul Material de la caja: Cer\u00e1mica Material de la correa: caucho A\u00f1o de producci\u00f3n: 2023 Color de la correa: azul Cierre: DESPLAZAMIENTO Material Cierre: Acero negro Di\u00e1metro de la caja: 42 MM Altura de la caja: &#8211; [&hellip;]<\/p>\n","protected":false},"featured_media":84448,"template":"","meta":{"_crdt_document":"","advanced_seo_description":"","jetpack_seo_html_title":"","jetpack_seo_noindex":false},"product_brand":[],"product_cat":[2225],"product_tag":[2232],"berocket_brand":[],"woo-feed-brand":[],"class_list":{"0":"post-67155","1":"product","2":"type-product","3":"status-publish","4":"has-post-thumbnail","6":"product_cat-hublot-es","7":"product_tag-fusion-clasica","9":"first","10":"instock","11":"sale","12":"taxable","13":"shipping-taxable","14":"purchasable","15":"product-type-simple"},"bundled_by":[],"bundle_stock_status":"instock","bundle_stock_quantity":1,"bundle_virtual":false,"bundle_layout":"","bundle_add_to_cart_form_location":"","bundle_editable_in_cart":false,"bundle_sold_individually_context":"","bundle_item_grouping":"","bundle_min_size":"","bundle_max_size":"","bundle_price":[],"bundled_items":[],"bundle_sell_ids":[],"group_of_quantity":0,"min_quantity":0,"max_quantity":"","exclude_order_quantity_value_rules":"no","exclude_category_quantity_rules":"no","combine_variations":"no","exclude_global_add_ons":[],"addons":[],"jetpack_sharing_enabled":true,"jetpack_likes_enabled":true,"_links":{"self":[{"href":"https:\/\/watchdeluxe.it\/es\/wp-json\/wp\/v2\/product\/67155","targetHints":{"allow":["GET"]}}],"collection":[{"href":"https:\/\/watchdeluxe.it\/es\/wp-json\/wp\/v2\/product"}],"about":[{"href":"https:\/\/watchdeluxe.it\/es\/wp-json\/wp\/v2\/types\/product"}],"wp:featuredmedia":[{"embeddable":true,"href":"https:\/\/watchdeluxe.it\/es\/wp-json\/wp\/v2\/media\/84448"}],"wp:attachment":[{"href":"https:\/\/watchdeluxe.it\/es\/wp-json\/wp\/v2\/media?parent=67155"}],"wp:term":[{"taxonomy":"product_brand","embeddable":true,"href":"https:\/\/watchdeluxe.it\/es\/wp-json\/wp\/v2\/product_brand?post=67155"},{"taxonomy":"product_cat","embeddable":true,"href":"https:\/\/watchdeluxe.it\/es\/wp-json\/wp\/v2\/product_cat?post=67155"},{"taxonomy":"product_tag","embeddable":true,"href":"https:\/\/watchdeluxe.it\/es\/wp-json\/wp\/v2\/product_tag?post=67155"},{"taxonomy":"berocket_brand","embeddable":true,"href":"https:\/\/watchdeluxe.it\/es\/wp-json\/wp\/v2\/berocket_brand?post=67155"},{"taxonomy":"woo-feed-brand","embeddable":true,"href":"https:\/\/watchdeluxe.it\/es\/wp-json\/wp\/v2\/woo-feed-brand?post=67155"}],"curies":[{"name":"wp","href":"https:\/\/api.w.org\/{rel}","templated":true}]}}